{"id":62358,"date":"2026-01-19T13:10:47","date_gmt":"2026-01-19T13:10:47","guid":{"rendered":"https:\/\/whitelip.com\/?post_type=product&#038;p=62358"},"modified":"2026-04-14T23:46:13","modified_gmt":"2026-04-14T23:46:13","slug":"juice-head-watermelon-strawberry-14mg","status":"publish","type":"product","link":"https:\/\/whitelip.com\/cs\/juice-head\/juice-head-watermelon-strawberry-14mg\/","title":{"rendered":"Juice Head Watermelon Strawberry 14mg"},"content":{"rendered":"<h1 data-start=\"235\" data-end=\"268\">Juice Head Watermelon Strawberry 14mg<\/h1>\n<p data-start=\"1228\" data-end=\"1544\">Juice Head Watermelon Strawberry 14 mg jsou nikotinov\u00e9 s\u00e1\u010dky s p\u0159\u00edchut\u00ed vodn\u00edho melounu a jahody ve slim form\u00e1tu. P\u0159\u00edchu\u0165 je p\u0159edstavena brzy a m\u00e1 ovocn\u00fd charakter kombinuj\u00edc\u00ed meloun a jahody. V\u00fdrobek neobsahuje tab\u00e1k a vyr\u00e1b\u00ed jej spole\u010dnost Streamline Group Inc. pod zna\u010dkou Juice Head. S\u00e1\u010dky jsou dod\u00e1v\u00e1ny ve slim form\u00e1tu a skl\u00e1daj\u00ed se z \u00fazk\u00fdch s\u00e1\u010dk\u016f. Obsah nikotinu je 14 mg v jednom s\u00e1\u010dku a 20 mg nikotinu v jednom gramu. V\u00fdrobek je klasifikov\u00e1n jako ultra siln\u00fd na z\u00e1klad\u011b obsahu nikotinu v jednom s\u00e1\u010dku. Juice Head Watermelon Strawberry 14 mg je sou\u010d\u00e1st\u00ed \u0159ady beznikotinov\u00fdch s\u00e1\u010dk\u016f Juice Head.<\/p>\n<table>\n<tbody>\n<tr>\n<td><b>Atribut<\/b><\/td>\n<td><b>Podrobnosti na<\/b><\/td>\n<\/tr>\n<tr>\n<td><b>Obsah na plechovku<\/b><\/td>\n<td><span style=\"font-weight: 400;\">20 s\u00e1\u010dk\u016f<\/span><\/td>\n<\/tr>\n<tr>\n<td><b>Obsah nikotinu<\/b><\/td>\n<td><span style=\"font-weight: 400;\">20 mg\/g (14 mg na s\u00e1\u010dek)<\/span><\/td>\n<\/tr>\n<tr>\n<td><b>Form\u00e1t pouzdra<\/b><\/td>\n<td><span style=\"font-weight: 400;\">Slim<\/span><\/td>\n<\/tr>\n<tr>\n<td><b>V\u00fdrobce<\/b><\/td>\n<td>Streamline Group Inc<\/td>\n<\/tr>\n<tr>\n<td><b>P\u0159\u00edchu\u0165<\/b><\/td>\n<td><span style=\"font-weight: 400;\">Meloun a jahody<\/span><\/td>\n<\/tr>\n<tr>\n<td><b>Typ<\/b><\/td>\n<td><span style=\"font-weight: 400;\">Celob\u00edl\u00e9 pouzdro<\/span><\/td>\n<\/tr>\n<\/tbody>\n<\/table>","protected":false},"excerpt":{"rendered":"<p><strong>Evropsk\u00e1 verze<\/strong><\/p>\n<p>&nbsp;<\/p>\n<p>Juice Head Watermelon Strawberry 14mg nikotinov\u00e9 s\u00e1\u010dky s <strong data-start=\"1972\" data-end=\"2001\">Meloun a jahoda<\/strong> p\u0159\u00edchu\u0165 v <strong data-start=\"2012\" data-end=\"2020\">Slim<\/strong> form\u00e1t. Ka\u017ed\u00fd s\u00e1\u010dek obsahuje <strong data-start=\"2049\" data-end=\"2067\">14 mg nikotinu<\/strong>.<\/p>","protected":false},"featured_media":62982,"comment_status":"open","ping_status":"closed","template":"","format":[206],"meta":{"_acf_changed":false},"product_brand":[],"product_cat":[13598],"product_tag":[16581,16519],"flavours":[196],"nicotine":[218,232],"class_list":{"0":"post-62358","1":"product","2":"type-product","3":"status-publish","4":"has-post-thumbnail","6":"product_cat-juice-head","7":"product_tag-14-mg-pouch","8":"product_tag-25-off","9":"pa_quantity-1-pack","10":"pa_quantity-10-pack","11":"pa_quantity-3-pack","12":"pa_quantity-30-pack","13":"pa_quantity-5-pack","14":"pa_quantity-60-pack","15":"flavours-fruits-berries","16":"format-slim","17":"nicotine-20-mg-g","18":"nicotine-extra-strong","20":"first","21":"instock","22":"sale","23":"taxable","24":"shipping-taxable","25":"purchasable","26":"product-type-variable"},"acf":[],"_links":{"self":[{"href":"https:\/\/whitelip.com\/cs\/wp-json\/wp\/v2\/product\/62358","targetHints":{"allow":["GET"]}}],"collection":[{"href":"https:\/\/whitelip.com\/cs\/wp-json\/wp\/v2\/product"}],"about":[{"href":"https:\/\/whitelip.com\/cs\/wp-json\/wp\/v2\/types\/product"}],"replies":[{"embeddable":true,"href":"https:\/\/whitelip.com\/cs\/wp-json\/wp\/v2\/comments?post=62358"}],"wp:featuredmedia":[{"embeddable":true,"href":"https:\/\/whitelip.com\/cs\/wp-json\/wp\/v2\/media\/62982"}],"wp:attachment":[{"href":"https:\/\/whitelip.com\/cs\/wp-json\/wp\/v2\/media?parent=62358"}],"wp:term":[{"taxonomy":"product_brand","embeddable":true,"href":"https:\/\/whitelip.com\/cs\/wp-json\/wp\/v2\/product_brand?post=62358"},{"taxonomy":"product_cat","embeddable":true,"href":"https:\/\/whitelip.com\/cs\/wp-json\/wp\/v2\/product_cat?post=62358"},{"taxonomy":"product_tag","embeddable":true,"href":"https:\/\/whitelip.com\/cs\/wp-json\/wp\/v2\/product_tag?post=62358"},{"taxonomy":"flavours","embeddable":true,"href":"https:\/\/whitelip.com\/cs\/wp-json\/wp\/v2\/flavours?post=62358"},{"taxonomy":"format","embeddable":true,"href":"https:\/\/whitelip.com\/cs\/wp-json\/wp\/v2\/format?post=62358"},{"taxonomy":"nicotine","embeddable":true,"href":"https:\/\/whitelip.com\/cs\/wp-json\/wp\/v2\/nicotine?post=62358"}],"curies":[{"name":"wp","href":"https:\/\/api.w.org\/{rel}","templated":true}]}}