{"id":62185,"date":"2026-01-19T12:59:38","date_gmt":"2026-01-19T12:59:38","guid":{"rendered":"https:\/\/whitelip.com\/?post_type=product&#038;p=62185"},"modified":"2026-04-09T10:03:06","modified_gmt":"2026-04-09T10:03:06","slug":"juice-head-blueberry-lemon-9mg","status":"publish","type":"product","link":"https:\/\/whitelip.com\/cs\/juice-head\/juice-head-blueberry-lemon-9mg\/","title":{"rendered":"Juice Head Blueberry Lemon 9mg"},"content":{"rendered":"<h1 data-start=\"235\" data-end=\"268\">Juice Head Blueberry Lemon 9mg<\/h1>\n<p data-start=\"2177\" data-end=\"2461\">Juice Head Blueberry Lemon 9 mg jsou nikotinov\u00e9 s\u00e1\u010dky s p\u0159\u00edchut\u00ed bor\u016fvky a citronu ve slim form\u00e1tu. P\u0159\u00edchu\u0165 se p\u0159edstavuje brzy a kombinuje bobulov\u00e9 t\u00f3ny s jasn\u00fdm citrusov\u00fdm charakterem. V\u00fdrobek neobsahuje tab\u00e1k a vyr\u00e1b\u00ed jej spole\u010dnost Streamline Group Inc. pod zna\u010dkou Juice Head. S\u00e1\u010dky jsou dod\u00e1v\u00e1ny ve slim form\u00e1tu a skl\u00e1daj\u00ed se z \u00fazk\u00fdch s\u00e1\u010dk\u016f. Obsah nikotinu je 9 mg na s\u00e1\u010dek a 13 mg nikotinu na gram. V\u00fdrobek je klasifikov\u00e1n jako siln\u00fd na z\u00e1klad\u011b obsahu nikotinu v jednom s\u00e1\u010dku. Juice Head Blueberry Lemon 9 mg je sou\u010d\u00e1st\u00ed \u0159ady beznikotinov\u00fdch s\u00e1\u010dk\u016f Juice Head a obsahuje syntetick\u00fd nikotin bez tab\u00e1ku.<\/p>\n<table>\n<tbody>\n<tr>\n<td><b>Atribut<\/b><\/td>\n<td><b>Podrobnosti na<\/b><\/td>\n<\/tr>\n<tr>\n<td><b>Obsah na plechovku<\/b><\/td>\n<td><span style=\"font-weight: 400;\">20 s\u00e1\u010dk\u016f<\/span><\/td>\n<\/tr>\n<tr>\n<td><b>Obsah nikotinu<\/b><\/td>\n<td><span style=\"font-weight: 400;\">13 mg\/g (9 mg na s\u00e1\u010dek)<\/span><\/td>\n<\/tr>\n<tr>\n<td><b>Form\u00e1t pouzdra<\/b><\/td>\n<td><span style=\"font-weight: 400;\">Slim<\/span><\/td>\n<\/tr>\n<tr>\n<td><b>V\u00fdrobce<\/b><\/td>\n<td>Streamline Group Inc<\/td>\n<\/tr>\n<tr>\n<td><b>P\u0159\u00edchu\u0165<\/b><\/td>\n<td><span style=\"font-weight: 400;\">Bor\u016fvka a citron<\/span><\/td>\n<\/tr>\n<tr>\n<td><b>Typ<\/b><\/td>\n<td><span style=\"font-weight: 400;\">Celob\u00edl\u00e9 pouzdro<\/span><\/td>\n<\/tr>\n<\/tbody>\n<\/table>","protected":false},"excerpt":{"rendered":"<p><strong>Evropsk\u00e1 verze<\/strong><\/p>\n<p>&nbsp;<\/p>\n<p>Juice Head Blueberry Lemon 9mg nikotinov\u00e9 s\u00e1\u010dky s <strong data-start=\"2931\" data-end=\"2954\">Bor\u016fvka a citron<\/strong> p\u0159\u00edchu\u0165 v <strong data-start=\"2965\" data-end=\"2973\">Slim<\/strong> form\u00e1t. Ka\u017ed\u00fd s\u00e1\u010dek obsahuje <strong data-start=\"3002\" data-end=\"3019\">9 mg nikotinu<\/strong>.<\/p>","protected":false},"featured_media":62979,"comment_status":"open","ping_status":"closed","template":"","format":[206],"meta":{"_acf_changed":false},"product_brand":[],"product_cat":[13598],"product_tag":[16519,16563],"flavours":[196],"nicotine":[210,236],"class_list":{"0":"post-62185","1":"product","2":"type-product","3":"status-publish","4":"has-post-thumbnail","6":"product_cat-juice-head","7":"product_tag-25-off","8":"product_tag-9-mg-pouch","9":"pa_quantity-1-pack","10":"pa_quantity-10-pack","11":"pa_quantity-3-pack","12":"pa_quantity-30-pack","13":"pa_quantity-5-pack","14":"pa_quantity-60-pack","15":"flavours-fruits-berries","16":"format-slim","17":"nicotine-13-mg-g","18":"nicotine-strong","20":"first","21":"outofstock","22":"sale","23":"taxable","24":"shipping-taxable","25":"purchasable","26":"product-type-variable"},"acf":[],"_links":{"self":[{"href":"https:\/\/whitelip.com\/cs\/wp-json\/wp\/v2\/product\/62185","targetHints":{"allow":["GET"]}}],"collection":[{"href":"https:\/\/whitelip.com\/cs\/wp-json\/wp\/v2\/product"}],"about":[{"href":"https:\/\/whitelip.com\/cs\/wp-json\/wp\/v2\/types\/product"}],"replies":[{"embeddable":true,"href":"https:\/\/whitelip.com\/cs\/wp-json\/wp\/v2\/comments?post=62185"}],"wp:featuredmedia":[{"embeddable":true,"href":"https:\/\/whitelip.com\/cs\/wp-json\/wp\/v2\/media\/62979"}],"wp:attachment":[{"href":"https:\/\/whitelip.com\/cs\/wp-json\/wp\/v2\/media?parent=62185"}],"wp:term":[{"taxonomy":"product_brand","embeddable":true,"href":"https:\/\/whitelip.com\/cs\/wp-json\/wp\/v2\/product_brand?post=62185"},{"taxonomy":"product_cat","embeddable":true,"href":"https:\/\/whitelip.com\/cs\/wp-json\/wp\/v2\/product_cat?post=62185"},{"taxonomy":"product_tag","embeddable":true,"href":"https:\/\/whitelip.com\/cs\/wp-json\/wp\/v2\/product_tag?post=62185"},{"taxonomy":"flavours","embeddable":true,"href":"https:\/\/whitelip.com\/cs\/wp-json\/wp\/v2\/flavours?post=62185"},{"taxonomy":"format","embeddable":true,"href":"https:\/\/whitelip.com\/cs\/wp-json\/wp\/v2\/format?post=62185"},{"taxonomy":"nicotine","embeddable":true,"href":"https:\/\/whitelip.com\/cs\/wp-json\/wp\/v2\/nicotine?post=62185"}],"curies":[{"name":"wp","href":"https:\/\/api.w.org\/{rel}","templated":true}]}}