{"id":61461,"date":"2026-01-19T10:21:15","date_gmt":"2026-01-19T10:21:15","guid":{"rendered":"https:\/\/whitelip.com\/?post_type=product&#038;p=61461"},"modified":"2026-04-14T23:36:49","modified_gmt":"2026-04-14T23:36:49","slug":"apres-mochaccino-hyper-strong","status":"publish","type":"product","link":"https:\/\/whitelip.com\/cs\/apres\/apres-mochaccino-hyper-strong\/","title":{"rendered":"APR\u00c8S Mochaccino Hyper Strong"},"content":{"rendered":"<h2>APR\u00c8S Mochaccino Hyper Strong<\/h2>\n<p data-start=\"219\" data-end=\"441\">APR\u00c8S Mochaccino Hyper Strong je beztab\u00e1kov\u00fd nikotinov\u00fd s\u00e1\u010dkov\u00fd v\u00fdrobek s k\u00e1vovou p\u0159\u00edchut\u00ed ve form\u00e1tu slim. P\u0159\u00edchu\u0165 je uvedena brzy a m\u00e1 v\u00fdrazn\u00fd k\u00e1vov\u00fd charakter. V\u00fdrobek vyr\u00e1b\u00ed spole\u010dnost Apr\u00e8s Nicotine AB. S\u00e1\u010dky jsou vyr\u00e1b\u011bny ve \u0161t\u00edhl\u00e9m form\u00e1tu pro diskr\u00e9tn\u00ed um\u00edst\u011bn\u00ed pod horn\u00ed ret. Ka\u017ed\u00e1 plechovka obsahuje 20 nikotinov\u00fdch s\u00e1\u010dk\u016f. Obsah nikotinu je 11 mg v jednom s\u00e1\u010dku, co\u017e odpov\u00edd\u00e1 20 mg nikotinu na gram. V\u00fdrobek je klasifikov\u00e1n jako extra siln\u00fd na z\u00e1klad\u011b obsahu nikotinu v jednom s\u00e1\u010dku. APR\u00c8S Mochaccino Hyper Strong je sou\u010d\u00e1st\u00ed \u0159ady APR\u00c8S beznikotinov\u00fdch s\u00e1\u010dk\u016f a vyr\u00e1b\u00ed se bez pou\u017eit\u00ed tab\u00e1kov\u00fdch list\u016f.<\/p>\n<table>\n<tbody>\n<tr>\n<td><b>Atribut<\/b><\/td>\n<td><b>Podrobnosti na<\/b><\/td>\n<\/tr>\n<tr>\n<td><b>Obsah na plechovku<\/b><\/td>\n<td><span style=\"font-weight: 400;\">11 g (20 s\u00e1\u010dk\u016f)<\/span><\/td>\n<\/tr>\n<tr>\n<td><b>Obsah nikotinu<\/b><\/td>\n<td><span style=\"font-weight: 400;\">20 mg\/g (11 mg na s\u00e1\u010dek)<\/span><\/td>\n<\/tr>\n<tr>\n<td><b>Form\u00e1t pouzdra<\/b><\/td>\n<td><span style=\"font-weight: 400;\">Slim<\/span><\/td>\n<\/tr>\n<tr>\n<td><b>V\u00fdrobce<\/b><\/td>\n<td><span style=\"font-weight: 400;\">APR\u00c8S Nicotine AB<\/span><\/td>\n<\/tr>\n<tr>\n<td><b>P\u0159\u00edchu\u0165<\/b><\/td>\n<td><span style=\"font-weight: 400;\">K\u00e1va<\/span><\/td>\n<\/tr>\n<tr>\n<td><b>Typ<\/b><\/td>\n<td><span style=\"font-weight: 400;\">Celob\u00edl\u00e9 pouzdro<\/span><\/td>\n<\/tr>\n<\/tbody>\n<\/table>","protected":false},"excerpt":{"rendered":"<p>APR\u00c8S Mochaccino Hyper Strong nikotinov\u00e9 s\u00e1\u010dky s <strong data-start=\"957\" data-end=\"967\">K\u00e1va<\/strong> p\u0159\u00edchu\u0165 v <strong data-start=\"978\" data-end=\"986\">Slim<\/strong> form\u00e1t. Ka\u017ed\u00fd s\u00e1\u010dek obsahuje <strong data-start=\"1015\" data-end=\"1033\">11 mg nikotinu<\/strong>.<\/p>","protected":false},"featured_media":61454,"comment_status":"open","ping_status":"closed","template":"","format":[206],"meta":{"_acf_changed":false},"product_brand":[],"product_cat":[41],"product_tag":[16551],"flavours":[192],"nicotine":[218,232],"class_list":{"0":"post-61461","1":"product","2":"type-product","3":"status-publish","4":"has-post-thumbnail","6":"product_cat-apres","7":"product_tag-11-mg-pouch","8":"pa_quantity-1-pack","9":"pa_quantity-10-pack","10":"pa_quantity-3-pack","11":"pa_quantity-30-pack","12":"pa_quantity-5-pack","13":"pa_quantity-60-pack","14":"flavours-coffee","15":"format-slim","16":"nicotine-20-mg-g","17":"nicotine-extra-strong","19":"first","20":"instock","21":"taxable","22":"shipping-taxable","23":"purchasable","24":"product-type-variable"},"acf":[],"_links":{"self":[{"href":"https:\/\/whitelip.com\/cs\/wp-json\/wp\/v2\/product\/61461","targetHints":{"allow":["GET"]}}],"collection":[{"href":"https:\/\/whitelip.com\/cs\/wp-json\/wp\/v2\/product"}],"about":[{"href":"https:\/\/whitelip.com\/cs\/wp-json\/wp\/v2\/types\/product"}],"replies":[{"embeddable":true,"href":"https:\/\/whitelip.com\/cs\/wp-json\/wp\/v2\/comments?post=61461"}],"wp:featuredmedia":[{"embeddable":true,"href":"https:\/\/whitelip.com\/cs\/wp-json\/wp\/v2\/media\/61454"}],"wp:attachment":[{"href":"https:\/\/whitelip.com\/cs\/wp-json\/wp\/v2\/media?parent=61461"}],"wp:term":[{"taxonomy":"product_brand","embeddable":true,"href":"https:\/\/whitelip.com\/cs\/wp-json\/wp\/v2\/product_brand?post=61461"},{"taxonomy":"product_cat","embeddable":true,"href":"https:\/\/whitelip.com\/cs\/wp-json\/wp\/v2\/product_cat?post=61461"},{"taxonomy":"product_tag","embeddable":true,"href":"https:\/\/whitelip.com\/cs\/wp-json\/wp\/v2\/product_tag?post=61461"},{"taxonomy":"flavours","embeddable":true,"href":"https:\/\/whitelip.com\/cs\/wp-json\/wp\/v2\/flavours?post=61461"},{"taxonomy":"format","embeddable":true,"href":"https:\/\/whitelip.com\/cs\/wp-json\/wp\/v2\/format?post=61461"},{"taxonomy":"nicotine","embeddable":true,"href":"https:\/\/whitelip.com\/cs\/wp-json\/wp\/v2\/nicotine?post=61461"}],"curies":[{"name":"wp","href":"https:\/\/api.w.org\/{rel}","templated":true}]}}