{"id":61344,"date":"2026-01-19T09:58:01","date_gmt":"2026-01-19T09:58:01","guid":{"rendered":"https:\/\/whitelip.com\/?post_type=product&#038;p=61344"},"modified":"2026-04-29T10:11:25","modified_gmt":"2026-04-29T10:11:25","slug":"pablo-ice-cold-50mg-limited-edition","status":"publish","type":"product","link":"https:\/\/whitelip.com\/cs\/pablo\/pablo-ice-cold-50mg-limited-edition\/","title":{"rendered":"PABLO Ice Cold 50mg limitovan\u00e1 edice"},"content":{"rendered":"<h1 class=\"h3 mb-0\">PABLO Ice Cold 50mg limitovan\u00e1 edice<\/h1>\n<p data-start=\"167\" data-end=\"384\">Pablo Ice Cold je beztab\u00e1kov\u00fd nikotinov\u00fd s\u00e1\u010dkov\u00fd v\u00fdrobek s m\u00e1tovou p\u0159\u00edchut\u00ed. P\u0159\u00edchu\u0165 je p\u0159edstavena brzy a je definov\u00e1na jasn\u00fdm chladiv\u00fdm m\u00e1tov\u00fdm charakterem. V\u00fdrobek vyr\u00e1b\u00ed spole\u010dnost N.G.P Tobacco ApS v D\u00e1nsku. Nikotinov\u00e9 s\u00e1\u010dky jsou vyr\u00e1b\u011bny bez pou\u017eit\u00ed tab\u00e1ku a obsahuj\u00ed 35 mg nikotinu v jednom s\u00e1\u010dku, co\u017e odpov\u00edd\u00e1 50 mg nikotinu v jednom gramu. Ka\u017ed\u00e1 plechovka obsahuje 20 nikotinov\u00fdch s\u00e1\u010dk\u016f o celkov\u00e9 \u010dist\u00e9 hmotnosti 14 gram\u016f. Ka\u017ed\u00fd s\u00e1\u010dek v\u00e1\u017e\u00ed 0,7 gramu. Slo\u017een\u00ed v\u00fdrobku obsahuje vodu, celul\u00f3zu, regul\u00e1tory kyselosti, zvlh\u010duj\u00edc\u00ed l\u00e1tky, nikotin, konzerva\u010dn\u00ed l\u00e1tky a p\u0159\u00edrodn\u00ed aromatick\u00e9 l\u00e1tky. Pablo Ice Cold je na z\u00e1klad\u011b obsahu nikotinu klasifikov\u00e1n jako v\u00fdrobek s vysok\u00fdm obsahem nikotinu v s\u00e1\u010dc\u00edch.<\/p>\n<table>\n<tbody>\n<tr>\n<td><b>Atribut<\/b><\/td>\n<td><b>Podrobnosti na<\/b><\/td>\n<\/tr>\n<tr>\n<td><b>Obsah na plechovku<\/b><\/td>\n<td><span style=\"font-weight: 400;\">14 g (20 s\u00e1\u010dk\u016f)<\/span><\/td>\n<\/tr>\n<tr>\n<td><b>Obsah nikotinu<\/b><\/td>\n<td><span style=\"font-weight: 400;\">50 mg\/g (35 mg na s\u00e1\u010dek)<\/span><\/td>\n<\/tr>\n<tr>\n<td><b>Form\u00e1t pouzdra<\/b><\/td>\n<td><span style=\"font-weight: 400;\">Slim<\/span><\/td>\n<\/tr>\n<tr>\n<td><b>V\u00fdrobce<\/b><\/td>\n<td><span style=\"font-weight: 400;\">\u0158\u00ed\u0161e N.G.P<\/span><\/td>\n<\/tr>\n<tr>\n<td><b>P\u0159\u00edchu\u0165<\/b><\/td>\n<td><span style=\"font-weight: 400;\">M\u00e1tov\u00fd<\/span><\/td>\n<\/tr>\n<tr>\n<td><b>Typ<\/b><\/td>\n<td><span style=\"font-weight: 400;\">Celob\u00edl\u00fd s\u00e1\u010dek, bez tab\u00e1ku<\/span><\/td>\n<\/tr>\n<\/tbody>\n<\/table>","protected":false},"excerpt":{"rendered":"<div class=\"flex flex-col text-sm pb-25\">\n<article class=\"text-token-text-primary w-full focus:outline-none [--shadow-height:45px] has-data-writing-block:pointer-events-none has-data-writing-block:-mt-(--shadow-height) has-data-writing-block:pt-(--shadow-height) [&amp;:has([data-writing-block])&gt;*]:pointer-events-auto scroll-mt-[calc(var(--header-height)+min(200px,max(70px,20svh)))]\" dir=\"auto\" tabindex=\"-1\" data-turn-id=\"b9146c3c-a125-4477-8e96-33301b0c6662\" data-testid=\"conversation-turn-32\" data-scroll-anchor=\"true\" data-turn=\"assistant\">\n<div class=\"text-base my-auto mx-auto pb-10 [--thread-content-margin:--spacing(4)] @w-sm\/main:[--thread-content-margin:--spacing(6)] @w-lg\/main:[--thread-content-margin:--spacing(16)] px-(--thread-content-margin)\">\n<div class=\"[--thread-content-max-width:40rem] @w-lg\/main:[--thread-content-max-width:48rem] mx-auto max-w-(--thread-content-max-width) flex-1 group\/turn-messages focus-visible:outline-hidden relative flex w-full min-w-0 flex-col agent-turn\" tabindex=\"-1\">\n<div class=\"flex max-w-full flex-col grow\">\n<div class=\"min-h-8 text-message relative flex w-full flex-col items-end gap-2 text-start break-words whitespace-normal [.text-message+&amp;]:mt-1\" dir=\"auto\" data-message-author-role=\"assistant\" data-message-id=\"6ea82d61-1a42-4779-a380-1ed5898dd246\" data-message-model-slug=\"gpt-5-2\">\n<div class=\"flex w-full flex-col gap-1 empty:hidden first:pt-[1px]\">\n<div class=\"markdown prose dark:prose-invert w-full break-words dark markdown-new-styling\">\n<p data-start=\"894\" data-end=\"987\" data-is-last-node=\"\" data-is-only-node=\"\">Pablo Ice Cold nicotine pouches with <strong data-start=\"931\" data-end=\"939\">Mint<\/strong> flavor. Each pouch contains <strong data-start=\"968\" data-end=\"986\">35 mg nicotine<\/strong>.<\/p>\n<\/div>\n<\/div>\n<\/div>\n<\/div>\n<\/div>\n<\/div>\n<\/article>\n<\/div>\n","protected":false},"featured_media":61374,"comment_status":"open","ping_status":"closed","template":"","format":[206],"meta":{"_acf_changed":false},"product_brand":[],"product_cat":[44],"product_tag":[16445,16603],"flavours":[199],"nicotine":[226,233],"class_list":{"0":"post-61344","1":"product","2":"type-product","3":"status-publish","4":"has-post-thumbnail","6":"product_cat-pablo","7":"product_tag-20-off","8":"product_tag-35-mg-pouch","9":"pa_quantity-1-pack","10":"pa_quantity-10-pack","11":"pa_quantity-3-pack","12":"pa_quantity-30-pack","13":"pa_quantity-5-pack","14":"pa_quantity-60-pack","15":"flavours-mint","16":"format-slim","17":"nicotine-50-mg-g","18":"nicotine-extreme","20":"first","21":"instock","22":"sale","23":"taxable","24":"shipping-taxable","25":"purchasable","26":"product-type-variable","27":"has-default-attributes"},"acf":[],"_links":{"self":[{"href":"https:\/\/whitelip.com\/cs\/wp-json\/wp\/v2\/product\/61344","targetHints":{"allow":["GET"]}}],"collection":[{"href":"https:\/\/whitelip.com\/cs\/wp-json\/wp\/v2\/product"}],"about":[{"href":"https:\/\/whitelip.com\/cs\/wp-json\/wp\/v2\/types\/product"}],"replies":[{"embeddable":true,"href":"https:\/\/whitelip.com\/cs\/wp-json\/wp\/v2\/comments?post=61344"}],"wp:featuredmedia":[{"embeddable":true,"href":"https:\/\/whitelip.com\/cs\/wp-json\/wp\/v2\/media\/61374"}],"wp:attachment":[{"href":"https:\/\/whitelip.com\/cs\/wp-json\/wp\/v2\/media?parent=61344"}],"wp:term":[{"taxonomy":"product_brand","embeddable":true,"href":"https:\/\/whitelip.com\/cs\/wp-json\/wp\/v2\/product_brand?post=61344"},{"taxonomy":"product_cat","embeddable":true,"href":"https:\/\/whitelip.com\/cs\/wp-json\/wp\/v2\/product_cat?post=61344"},{"taxonomy":"product_tag","embeddable":true,"href":"https:\/\/whitelip.com\/cs\/wp-json\/wp\/v2\/product_tag?post=61344"},{"taxonomy":"flavours","embeddable":true,"href":"https:\/\/whitelip.com\/cs\/wp-json\/wp\/v2\/flavours?post=61344"},{"taxonomy":"format","embeddable":true,"href":"https:\/\/whitelip.com\/cs\/wp-json\/wp\/v2\/format?post=61344"},{"taxonomy":"nicotine","embeddable":true,"href":"https:\/\/whitelip.com\/cs\/wp-json\/wp\/v2\/nicotine?post=61344"}],"curies":[{"name":"wp","href":"https:\/\/api.w.org\/{rel}","templated":true}]}}