{"id":60625,"date":"2026-01-13T12:02:02","date_gmt":"2026-01-13T12:02:02","guid":{"rendered":"https:\/\/whitelip.com\/?post_type=product&#038;p=60625"},"modified":"2026-04-23T10:11:30","modified_gmt":"2026-04-23T10:11:30","slug":"pablo-exclusive-cola","status":"publish","type":"product","link":"https:\/\/whitelip.com\/cs\/pablo\/pablo-exclusive-cola\/","title":{"rendered":"PABLO Exclusive Cola"},"content":{"rendered":"<p data-start=\"109\" data-end=\"364\">PABLO Exclusive Cola je beznikotinov\u00fd s\u00e1\u010dkov\u00fd v\u00fdrobek s p\u0159\u00edchut\u00ed coly. P\u0159\u00edchu\u0165 je zavedena p\u0159\u00edmo a vyzna\u010duje se klasickou kolovou chut\u00ed. V\u00fdrobek je vyr\u00e1b\u011bn spole\u010dnost\u00ed NGP a pat\u0159\u00ed do produktov\u00e9 \u0159ady PABLO Exclusive. Nikotinov\u00e9 s\u00e1\u010dky jsou vyr\u00e1b\u011bny ve \u0161t\u00edhl\u00e9m form\u00e1tu ur\u010den\u00e9m pro diskr\u00e9tn\u00ed um\u00edst\u011bn\u00ed pod horn\u00ed ret. Ka\u017ed\u00e1 plechovka obsahuje 20 nikotinov\u00fdch s\u00e1\u010dk\u016f. Obsah nikotinu je 30 mg v jednom s\u00e1\u010dku, co\u017e odpov\u00edd\u00e1 50 mg nikotinu na gram. Ka\u017ed\u00fd s\u00e1\u010dek v\u00e1\u017e\u00ed 0,6 gramu a celkov\u00fd obsah v jedn\u00e9 plechovce je 12 gram\u016f.<\/p>\n<p data-start=\"665\" data-end=\"819\">PABLO Exclusive Cola je na z\u00e1klad\u011b obsahu nikotinu v jednom s\u00e1\u010dku klasifikov\u00e1na jako v\u00fdrobek s extr\u00e9mn\u011b siln\u00fdm obsahem nikotinu. V\u00fdrobek neobsahuje \u017e\u00e1dn\u00fd tab\u00e1k.<\/p>\n<table>\n<tbody>\n<tr>\n<td><b>Atribut<\/b><\/td>\n<td><b>Podrobnosti na<\/b><\/td>\n<\/tr>\n<tr>\n<td><b>Obsah na plechovku<\/b><\/td>\n<td><span style=\"font-weight: 400;\">12 g (20 s\u00e1\u010dk\u016f)<\/span><\/td>\n<\/tr>\n<tr>\n<td><b>Obsah nikotinu<\/b><\/td>\n<td><span style=\"font-weight: 400;\">50 mg\/g (30 mg na s\u00e1\u010dek)<\/span><\/td>\n<\/tr>\n<tr>\n<td><b>Form\u00e1t pouzdra<\/b><\/td>\n<td><span style=\"font-weight: 400;\">Slim<\/span><\/td>\n<\/tr>\n<tr>\n<td><b>V\u00fdrobce<\/b><\/td>\n<td><span style=\"font-weight: 400;\">\u0158\u00ed\u0161e N.G.P<\/span><\/td>\n<\/tr>\n<tr>\n<td><b>P\u0159\u00edchu\u0165<\/b><\/td>\n<td>Cola<\/td>\n<\/tr>\n<tr>\n<td><b>Typ<\/b><\/td>\n<td><span style=\"font-weight: 400;\">Celob\u00edl\u00fd s\u00e1\u010dek, bez tab\u00e1ku<\/span><\/td>\n<\/tr>\n<\/tbody>\n<\/table>","protected":false},"excerpt":{"rendered":"<p data-start=\"851\" data-end=\"969\">PABLO Exclusive Cola nikotinov\u00e9 s\u00e1\u010dky s <strong data-start=\"894\" data-end=\"902\">Cola<\/strong> p\u0159\u00edchu\u0165 v <strong data-start=\"913\" data-end=\"921\">Slim<\/strong> form\u00e1t. Ka\u017ed\u00fd s\u00e1\u010dek obsahuje <strong data-start=\"950\" data-end=\"968\">30 mg nikotinu<\/strong>.<\/p>","protected":false},"featured_media":60770,"comment_status":"open","ping_status":"closed","template":"","format":[206],"meta":{"_acf_changed":false},"product_brand":[],"product_cat":[44],"product_tag":[16605],"flavours":[193],"nicotine":[233,226],"class_list":{"0":"post-60625","1":"product","2":"type-product","3":"status-publish","4":"has-post-thumbnail","6":"product_cat-pablo","7":"product_tag-30-mg-pouch","8":"pa_quantity-1-pack","9":"pa_quantity-10-pack","10":"pa_quantity-3-pack","11":"pa_quantity-30-pack","12":"pa_quantity-5-pack","13":"pa_quantity-60-pack","14":"flavours-cola","15":"format-slim","16":"nicotine-extreme","17":"nicotine-50-mg-g","19":"first","20":"instock","21":"taxable","22":"shipping-taxable","23":"purchasable","24":"product-type-variable"},"acf":[],"_links":{"self":[{"href":"https:\/\/whitelip.com\/cs\/wp-json\/wp\/v2\/product\/60625","targetHints":{"allow":["GET"]}}],"collection":[{"href":"https:\/\/whitelip.com\/cs\/wp-json\/wp\/v2\/product"}],"about":[{"href":"https:\/\/whitelip.com\/cs\/wp-json\/wp\/v2\/types\/product"}],"replies":[{"embeddable":true,"href":"https:\/\/whitelip.com\/cs\/wp-json\/wp\/v2\/comments?post=60625"}],"wp:featuredmedia":[{"embeddable":true,"href":"https:\/\/whitelip.com\/cs\/wp-json\/wp\/v2\/media\/60770"}],"wp:attachment":[{"href":"https:\/\/whitelip.com\/cs\/wp-json\/wp\/v2\/media?parent=60625"}],"wp:term":[{"taxonomy":"product_brand","embeddable":true,"href":"https:\/\/whitelip.com\/cs\/wp-json\/wp\/v2\/product_brand?post=60625"},{"taxonomy":"product_cat","embeddable":true,"href":"https:\/\/whitelip.com\/cs\/wp-json\/wp\/v2\/product_cat?post=60625"},{"taxonomy":"product_tag","embeddable":true,"href":"https:\/\/whitelip.com\/cs\/wp-json\/wp\/v2\/product_tag?post=60625"},{"taxonomy":"flavours","embeddable":true,"href":"https:\/\/whitelip.com\/cs\/wp-json\/wp\/v2\/flavours?post=60625"},{"taxonomy":"format","embeddable":true,"href":"https:\/\/whitelip.com\/cs\/wp-json\/wp\/v2\/format?post=60625"},{"taxonomy":"nicotine","embeddable":true,"href":"https:\/\/whitelip.com\/cs\/wp-json\/wp\/v2\/nicotine?post=60625"}],"curies":[{"name":"wp","href":"https:\/\/api.w.org\/{rel}","templated":true}]}}