{"id":60562,"date":"2026-01-13T11:36:24","date_gmt":"2026-01-13T11:36:24","guid":{"rendered":"https:\/\/whitelip.com\/?post_type=product&#038;p=60562"},"modified":"2026-04-29T12:15:27","modified_gmt":"2026-04-29T12:15:27","slug":"pablo-exclusive-blueberry-peach-ice","status":"publish","type":"product","link":"https:\/\/whitelip.com\/cs\/pablo\/pablo-exclusive-blueberry-peach-ice\/","title":{"rendered":"PABLO Exclusive Blueberry Peach Ice"},"content":{"rendered":"<p data-start=\"109\" data-end=\"454\">PABLO Exclusive Blueberry Peach Ice je beztab\u00e1kov\u00fd nikotinov\u00fd s\u00e1\u010dkov\u00fd v\u00fdrobek s kombinovan\u00fdm profilem p\u0159\u00edchut\u00ed bor\u016fvek a broskv\u00ed a chladiv\u00fdm ledov\u00fdm charakterem. P\u0159\u00edchu\u0165 se p\u0159edstavuje na za\u010d\u00e1tku a je definov\u00e1na ovocn\u00fdmi t\u00f3ny, po nich\u017e n\u00e1sleduje chladiv\u00fd z\u00e1v\u011br. V\u00fdrobek vyr\u00e1b\u00ed spole\u010dnost NGP a pat\u0159\u00ed do produktov\u00e9 \u0159ady PABLO Exclusive. Nikotinov\u00e9 s\u00e1\u010dky jsou vyr\u00e1b\u011bny ve \u0161t\u00edhl\u00e9m form\u00e1tu ur\u010den\u00e9m pro diskr\u00e9tn\u00ed um\u00edst\u011bn\u00ed pod horn\u00ed ret. Ka\u017ed\u00e1 plechovka obsahuje 20 nikotinov\u00fdch s\u00e1\u010dk\u016f. Obsah nikotinu je 30 mg v jednom s\u00e1\u010dku, co\u017e odpov\u00edd\u00e1 50 mg nikotinu v jednom gramu. Ka\u017ed\u00fd s\u00e1\u010dek v\u00e1\u017e\u00ed 0,6 gramu a celkov\u00fd obsah v jedn\u00e9 plechovce je 12 gram\u016f.<\/p>\n<p data-start=\"755\" data-end=\"924\">PABLO Exclusive Blueberry Peach Ice je na z\u00e1klad\u011b obsahu nikotinu v jednom s\u00e1\u010dku klasifikov\u00e1n jako v\u00fdrobek s extr\u00e9mn\u011b siln\u00fdm obsahem nikotinu. V\u00fdrobek neobsahuje \u017e\u00e1dn\u00fd tab\u00e1k.<\/p>\n<table>\n<tbody>\n<tr>\n<td><b>Atribut<\/b><\/td>\n<td><b>Podrobnosti na<\/b><\/td>\n<\/tr>\n<tr>\n<td><b>Obsah na plechovku<\/b><\/td>\n<td><span style=\"font-weight: 400;\">12 g (20 s\u00e1\u010dk\u016f)<\/span><\/td>\n<\/tr>\n<tr>\n<td><b>Obsah nikotinu<\/b><\/td>\n<td><span style=\"font-weight: 400;\">50 mg\/g (30 mg na s\u00e1\u010dek)<\/span><\/td>\n<\/tr>\n<tr>\n<td><b>Form\u00e1t pouzdra<\/b><\/td>\n<td><span style=\"font-weight: 400;\">Slim<\/span><\/td>\n<\/tr>\n<tr>\n<td><b>V\u00fdrobce<\/b><\/td>\n<td><span style=\"font-weight: 400;\">\u0158\u00ed\u0161e N.G.P<\/span><\/td>\n<\/tr>\n<tr>\n<td><b>P\u0159\u00edchu\u0165<\/b><\/td>\n<td>Bor\u016fvka, broskev<\/td>\n<\/tr>\n<tr>\n<td><b>Typ<\/b><\/td>\n<td><span style=\"font-weight: 400;\">Celob\u00edl\u00fd s\u00e1\u010dek, bez tab\u00e1ku<\/span><\/td>\n<\/tr>\n<\/tbody>\n<\/table>","protected":false},"excerpt":{"rendered":"<p data-start=\"956\" data-end=\"1104\">PABLO Exclusive Blueberry Peach Ice nikotinov\u00e9 s\u00e1\u010dky s <strong data-start=\"1014\" data-end=\"1037\">Bor\u016fvkov\u00fd broskvov\u00fd led<\/strong> p\u0159\u00edchu\u0165 v <strong data-start=\"1048\" data-end=\"1056\">Slim<\/strong> form\u00e1t. Ka\u017ed\u00fd s\u00e1\u010dek obsahuje <strong data-start=\"1085\" data-end=\"1103\">30 mg nikotinu<\/strong>.<\/p>","protected":false},"featured_media":60772,"comment_status":"open","ping_status":"closed","template":"","format":[206],"meta":{"_acf_changed":false},"product_brand":[],"product_cat":[44],"product_tag":[16508,16605],"flavours":[196],"nicotine":[233,226],"class_list":{"0":"post-60562","1":"product","2":"type-product","3":"status-publish","4":"has-post-thumbnail","6":"product_cat-pablo","7":"product_tag-10-off","8":"product_tag-30-mg-pouch","9":"pa_quantity-1-pack","10":"pa_quantity-10-pack","11":"pa_quantity-3-pack","12":"pa_quantity-30-pack","13":"pa_quantity-5-pack","14":"pa_quantity-60-pack","15":"flavours-fruits-berries","16":"format-slim","17":"nicotine-extreme","18":"nicotine-50-mg-g","20":"first","21":"instock","22":"sale","23":"taxable","24":"shipping-taxable","25":"purchasable","26":"product-type-variable"},"acf":[],"_links":{"self":[{"href":"https:\/\/whitelip.com\/cs\/wp-json\/wp\/v2\/product\/60562","targetHints":{"allow":["GET"]}}],"collection":[{"href":"https:\/\/whitelip.com\/cs\/wp-json\/wp\/v2\/product"}],"about":[{"href":"https:\/\/whitelip.com\/cs\/wp-json\/wp\/v2\/types\/product"}],"replies":[{"embeddable":true,"href":"https:\/\/whitelip.com\/cs\/wp-json\/wp\/v2\/comments?post=60562"}],"wp:featuredmedia":[{"embeddable":true,"href":"https:\/\/whitelip.com\/cs\/wp-json\/wp\/v2\/media\/60772"}],"wp:attachment":[{"href":"https:\/\/whitelip.com\/cs\/wp-json\/wp\/v2\/media?parent=60562"}],"wp:term":[{"taxonomy":"product_brand","embeddable":true,"href":"https:\/\/whitelip.com\/cs\/wp-json\/wp\/v2\/product_brand?post=60562"},{"taxonomy":"product_cat","embeddable":true,"href":"https:\/\/whitelip.com\/cs\/wp-json\/wp\/v2\/product_cat?post=60562"},{"taxonomy":"product_tag","embeddable":true,"href":"https:\/\/whitelip.com\/cs\/wp-json\/wp\/v2\/product_tag?post=60562"},{"taxonomy":"flavours","embeddable":true,"href":"https:\/\/whitelip.com\/cs\/wp-json\/wp\/v2\/flavours?post=60562"},{"taxonomy":"format","embeddable":true,"href":"https:\/\/whitelip.com\/cs\/wp-json\/wp\/v2\/format?post=60562"},{"taxonomy":"nicotine","embeddable":true,"href":"https:\/\/whitelip.com\/cs\/wp-json\/wp\/v2\/nicotine?post=60562"}],"curies":[{"name":"wp","href":"https:\/\/api.w.org\/{rel}","templated":true}]}}