{"id":45947,"date":"2025-12-08T12:04:05","date_gmt":"2025-12-08T12:04:05","guid":{"rendered":"https:\/\/whitelip.com\/?post_type=product&#038;p=45947"},"modified":"2026-04-15T12:12:32","modified_gmt":"2026-04-15T12:12:32","slug":"mynt-winter-green-6mg","status":"publish","type":"product","link":"https:\/\/whitelip.com\/cs\/mynt\/mynt-winter-green-6mg\/","title":{"rendered":"MYNT Winter Green 6mg"},"content":{"rendered":"<p data-start=\"212\" data-end=\"505\">MYNT Winter Green 6 mg p\u0159in\u00e1\u0161\u00ed jemnou a osv\u011b\u017euj\u00edc\u00ed p\u0159\u00edchu\u0165 zimn\u00ed zelen\u011b s chladn\u00fdm, \u010dist\u00fdm z\u00e1v\u011brem. V chuti se m\u00eds\u00ed sladk\u00e9 m\u00e1tov\u00e9 t\u00f3ny se zemitou hloubkou a nab\u00edz\u00ed vyv\u00e1\u017een\u00fd a povzbuzuj\u00edc\u00ed profil ide\u00e1ln\u00ed pro ka\u017edodenn\u00ed pou\u017eit\u00ed. Poskytuje klasick\u00fd wintergreenov\u00fd z\u00e1\u017eitek, kter\u00fd je odv\u00e1\u017en\u00fd a uspokojiv\u00fd bez p\u0159ehnan\u00e9 sladkosti.<\/p>\n<p data-start=\"507\" data-end=\"827\">Ka\u017ed\u00fd tenk\u00fd s\u00e1\u010dek obsahuje 6 mg nikotinu a poskytuje st\u0159edn\u00ed s\u00edlu, kter\u00e1 nab\u00edz\u00ed jasn\u00e9 a stabiln\u00ed uvol\u0148ov\u00e1n\u00ed vhodn\u00e9 pro pravideln\u00e9 u\u017eivatele. Zcela b\u00edl\u00fd beztab\u00e1kov\u00fd form\u00e1t zaji\u0161\u0165uje \u010dist\u00fd z\u00e1\u017eitek bez pot\u0159\u00edsn\u011bn\u00ed, bez kou\u0159e a p\u0159etrv\u00e1vaj\u00edc\u00edho z\u00e1pachu - ide\u00e1ln\u00ed pro diskr\u00e9tn\u00ed a osv\u011b\u017euj\u00edc\u00ed po\u017eitek kdykoli.<\/p>\n<table>\n<tbody>\n<tr>\n<td><b>Atribut<\/b><\/td>\n<td><b>Podrobnosti na<\/b><\/td>\n<\/tr>\n<tr>\n<td><b>Zna\u010dka<\/b><\/td>\n<td><span style=\"font-weight: 400;\">MYNT<\/span><\/td>\n<\/tr>\n<tr>\n<td><b>Typ v\u00fdrobku<\/b><\/td>\n<td><span style=\"font-weight: 400;\">V\u0161echny b\u00edl\u00e9 nikotinov\u00e9 s\u00e1\u010dky<\/span><\/td>\n<\/tr>\n<tr>\n<td><b>Form\u00e1t<\/b><\/td>\n<td>Slim<\/td>\n<\/tr>\n<tr>\n<td><b>P\u0159\u00edchu\u0165<\/b><\/td>\n<td>Wintergreen<\/td>\n<\/tr>\n<tr>\n<td><b>S\u00edla nikotinu<\/b><\/td>\n<td><span style=\"font-weight: 400;\">6 mg na s\u00e1\u010dek (12 mg\/g)<\/span><\/td>\n<\/tr>\n<tr>\n<td><b>Hmotnost porce<\/b><\/td>\n<td><span style=\"font-weight: 400;\">0,5 gramu<\/span><\/td>\n<\/tr>\n<tr>\n<td><b>Po\u010det porc\u00ed<\/b><\/td>\n<td><span style=\"font-weight: 400;\">20 za plechovku<\/span><\/td>\n<\/tr>\n<tr>\n<td><b>Celkov\u00e1 hmotnost plechovky<\/b><\/td>\n<td><span style=\"font-weight: 400;\">8 gram\u016f<\/span><\/td>\n<\/tr>\n<tr>\n<td><b>V\u00fdrobce<\/b><\/td>\n<td>Satyam's Sun Products Pvt Ltd<\/td>\n<\/tr>\n<tr>\n<td><b>Pozoruhodn\u00e9 funkce<\/b><\/td>\n<td><span style=\"font-weight: 400;\">Bez tab\u00e1ku, tenk\u00fd form\u00e1t, osv\u011b\u017euj\u00edc\u00ed zimzelen\u00fd aroma<\/span><\/td>\n<\/tr>\n<\/tbody>\n<\/table>","protected":false},"excerpt":{"rendered":"<p data-start=\"1386\" data-end=\"1459\"><strong>Wintergreen<\/strong> p\u0159\u00edchu\u0165 v <b>slim <\/b>s\u00e1\u010dek s <strong data-start=\"1494\" data-end=\"1513\">6 mg nikotinu<\/strong> v jednom s\u00e1\u010dku.<\/p>","protected":false},"featured_media":47205,"comment_status":"open","ping_status":"closed","template":"","format":[206],"meta":{"_acf_changed":false},"product_brand":[],"product_cat":[11212],"product_tag":[16559],"flavours":[203],"nicotine":[209,235],"class_list":{"0":"post-45947","1":"product","2":"type-product","3":"status-publish","4":"has-post-thumbnail","6":"product_cat-mynt","7":"product_tag-6-mg-pouch","8":"pa_quantity-1-pack","9":"pa_quantity-10-pack","10":"pa_quantity-3-pack","11":"pa_quantity-30-pack","12":"pa_quantity-5-pack","13":"pa_quantity-60-pack","14":"flavours-wintergreen","15":"format-slim","16":"nicotine-12-mg-g","17":"nicotine-normal","19":"first","20":"instock","21":"taxable","22":"shipping-taxable","23":"purchasable","24":"product-type-variable"},"acf":[],"_links":{"self":[{"href":"https:\/\/whitelip.com\/cs\/wp-json\/wp\/v2\/product\/45947","targetHints":{"allow":["GET"]}}],"collection":[{"href":"https:\/\/whitelip.com\/cs\/wp-json\/wp\/v2\/product"}],"about":[{"href":"https:\/\/whitelip.com\/cs\/wp-json\/wp\/v2\/types\/product"}],"replies":[{"embeddable":true,"href":"https:\/\/whitelip.com\/cs\/wp-json\/wp\/v2\/comments?post=45947"}],"wp:featuredmedia":[{"embeddable":true,"href":"https:\/\/whitelip.com\/cs\/wp-json\/wp\/v2\/media\/47205"}],"wp:attachment":[{"href":"https:\/\/whitelip.com\/cs\/wp-json\/wp\/v2\/media?parent=45947"}],"wp:term":[{"taxonomy":"product_brand","embeddable":true,"href":"https:\/\/whitelip.com\/cs\/wp-json\/wp\/v2\/product_brand?post=45947"},{"taxonomy":"product_cat","embeddable":true,"href":"https:\/\/whitelip.com\/cs\/wp-json\/wp\/v2\/product_cat?post=45947"},{"taxonomy":"product_tag","embeddable":true,"href":"https:\/\/whitelip.com\/cs\/wp-json\/wp\/v2\/product_tag?post=45947"},{"taxonomy":"flavours","embeddable":true,"href":"https:\/\/whitelip.com\/cs\/wp-json\/wp\/v2\/flavours?post=45947"},{"taxonomy":"format","embeddable":true,"href":"https:\/\/whitelip.com\/cs\/wp-json\/wp\/v2\/format?post=45947"},{"taxonomy":"nicotine","embeddable":true,"href":"https:\/\/whitelip.com\/cs\/wp-json\/wp\/v2\/nicotine?post=45947"}],"curies":[{"name":"wp","href":"https:\/\/api.w.org\/{rel}","templated":true}]}}