{"id":43871,"date":"2025-11-26T11:15:53","date_gmt":"2025-11-26T11:15:53","guid":{"rendered":"https:\/\/whitelip.com\/?post_type=product&#038;p=43871"},"modified":"2026-02-16T15:51:08","modified_gmt":"2026-02-16T15:51:08","slug":"kelly-white-leopard-kelly-refillcan","status":"publish","type":"product","link":"https:\/\/whitelip.com\/cs\/refill-cans\/kelly-white-leopard-kelly-refillcan\/","title":{"rendered":"N\u00e1pl\u0148 do plechovky Kelly White Leopard Kelly"},"content":{"rendered":"<p data-start=\"154\" data-end=\"438\">Leopard Kelly je stylov\u00e1 plniteln\u00e1 plechovka ur\u010den\u00e1 pro u\u017eivatele, kte\u0159\u00ed cht\u011bj\u00ed osobit\u00fd, sebev\u011bdom\u00fd a nad\u010dasov\u00fd \u00falo\u017en\u00fd dopln\u011bk. Tento model s klasick\u00fdm leopard\u00edm potiskem v sob\u011b spojuje modern\u00ed vkus s odv\u00e1\u017en\u00fdm m\u00f3dn\u00edm vzhledem - ide\u00e1ln\u00ed pro ka\u017ed\u00e9ho, kdo r\u00e1d vynik\u00e1.<\/p>\n<p data-start=\"440\" data-end=\"813\">Kolekce Leopard Kelly je sou\u010d\u00e1st\u00ed kolekce Kelly a je vyrobena s d\u016frazem na odolnost, kvalitu designu a ka\u017edodenn\u00ed prakti\u010dnost. Texturovan\u00fd povrch dod\u00e1v\u00e1 plechovce prvot\u0159\u00eddn\u00ed vzhled a z\u00e1rove\u0148 se pohodln\u011b dr\u017e\u00ed a snadno p\u0159en\u00e1\u0161\u00ed v kapse nebo ta\u0161ce. Jej\u00ed v\u00fdrazn\u00fd vzor z n\u00ed d\u011bl\u00e1 v\u00fdrazn\u00fd dopln\u011bk, kter\u00fd se hod\u00ed jak pro b\u011b\u017en\u00e9 pou\u017eit\u00ed, tak pro slavnostn\u011bj\u0161\u00ed p\u0159\u00edle\u017eitosti.<\/p>\n<p data-start=\"815\" data-end=\"1090\">Leopard Kelly je pln\u011b plniteln\u00fd a vejde se do n\u011bj a\u017e 20 nikotinov\u00fdch s\u00e1\u010dk\u016f, co\u017e p\u0159edstavuje trvanlivou a ekologickou alternativu k jednor\u00e1zov\u00fdm obal\u016fm. Vnit\u0159n\u00ed prostor je navr\u017een tak, aby byly va\u0161e s\u00e1\u010dky p\u0159ehledn\u011b ulo\u017eeny a p\u0159\u00edstupn\u00e9, tak\u017ee je m\u016f\u017eete pohodln\u011b pou\u017e\u00edvat ka\u017ed\u00fd den, a\u0165 jste kdekoli.<\/p>","protected":false},"excerpt":{"rendered":"<p data-start=\"1327\" data-end=\"1548\">Leopard Kelly je plniteln\u00e1 plechovka s klasick\u00fdm leopard\u00edm potiskem. Odv\u00e1\u017en\u00fd a stylov\u00fd dopln\u011bk z kolekce Kelly, kter\u00fd nab\u00edz\u00ed praktick\u00e9 \u00falo\u017ei\u0161t\u011b a\u017e pro 20 nikotinov\u00fdch s\u00e1\u010dk\u016f.<\/p>","protected":false},"featured_media":46775,"comment_status":"open","ping_status":"closed","template":"","format":[],"meta":{"_acf_changed":false},"product_brand":[],"product_cat":[10726],"product_tag":[],"flavours":[],"nicotine":[],"class_list":{"0":"post-43871","1":"product","2":"type-product","3":"status-publish","4":"has-post-thumbnail","6":"product_cat-refill-cans","8":"first","9":"instock","10":"taxable","11":"shipping-taxable","12":"purchasable","13":"product-type-simple"},"acf":[],"_links":{"self":[{"href":"https:\/\/whitelip.com\/cs\/wp-json\/wp\/v2\/product\/43871","targetHints":{"allow":["GET"]}}],"collection":[{"href":"https:\/\/whitelip.com\/cs\/wp-json\/wp\/v2\/product"}],"about":[{"href":"https:\/\/whitelip.com\/cs\/wp-json\/wp\/v2\/types\/product"}],"replies":[{"embeddable":true,"href":"https:\/\/whitelip.com\/cs\/wp-json\/wp\/v2\/comments?post=43871"}],"wp:featuredmedia":[{"embeddable":true,"href":"https:\/\/whitelip.com\/cs\/wp-json\/wp\/v2\/media\/46775"}],"wp:attachment":[{"href":"https:\/\/whitelip.com\/cs\/wp-json\/wp\/v2\/media?parent=43871"}],"wp:term":[{"taxonomy":"product_brand","embeddable":true,"href":"https:\/\/whitelip.com\/cs\/wp-json\/wp\/v2\/product_brand?post=43871"},{"taxonomy":"product_cat","embeddable":true,"href":"https:\/\/whitelip.com\/cs\/wp-json\/wp\/v2\/product_cat?post=43871"},{"taxonomy":"product_tag","embeddable":true,"href":"https:\/\/whitelip.com\/cs\/wp-json\/wp\/v2\/product_tag?post=43871"},{"taxonomy":"flavours","embeddable":true,"href":"https:\/\/whitelip.com\/cs\/wp-json\/wp\/v2\/flavours?post=43871"},{"taxonomy":"format","embeddable":true,"href":"https:\/\/whitelip.com\/cs\/wp-json\/wp\/v2\/format?post=43871"},{"taxonomy":"nicotine","embeddable":true,"href":"https:\/\/whitelip.com\/cs\/wp-json\/wp\/v2\/nicotine?post=43871"}],"curies":[{"name":"wp","href":"https:\/\/api.w.org\/{rel}","templated":true}]}}