{"id":43867,"date":"2025-11-26T11:12:08","date_gmt":"2025-11-26T11:12:08","guid":{"rendered":"https:\/\/whitelip.com\/?post_type=product&#038;p=43867"},"modified":"2026-01-28T05:32:31","modified_gmt":"2026-01-28T05:32:31","slug":"kelly-white-weekend-kelly-refillcan","status":"publish","type":"product","link":"https:\/\/whitelip.com\/cs\/refill-cans\/kelly-white-weekend-kelly-refillcan\/","title":{"rendered":"N\u00e1pl\u0148 do plechovky Kelly White Weekend Kelly"},"content":{"rendered":"<p data-start=\"156\" data-end=\"446\">Weekend Kelly je rafinovan\u00e1 plniteln\u00e1 plechovka ur\u010den\u00e1 pro u\u017eivatele, kte\u0159\u00ed oce\u0148uj\u00ed jemnou eleganci a spolehlivou kvalitu. Tento model s elegantn\u00edm \u010dern\u00fdm vzorem tkan\u00e9 um\u011bl\u00e9 k\u016f\u017ee nab\u00edz\u00ed \u010distou a modern\u00ed estetiku, kter\u00e1 se bez probl\u00e9m\u016f hod\u00ed jak do ka\u017edodenn\u00ed rutiny, tak do form\u00e1ln\u011bj\u0161\u00edho prost\u0159ed\u00ed.<\/p>\n<p data-start=\"448\" data-end=\"836\">Kolekce Weekend Kelly je sou\u010d\u00e1st\u00ed kolekce Kelly a je vyrobena s d\u016frazem na detail, odolnost a praktickou funk\u010dnost. Tkan\u00e1 textura dod\u00e1v\u00e1 prvot\u0159\u00eddn\u00ed pocit a z\u00e1rove\u0148 poskytuje pohodln\u00e9 uchopen\u00ed, tak\u017ee je stylov\u00fdm dopl\u0148kem, kter\u00fd m\u016f\u017eete nosit kamkoli. D\u00edky sv\u00e9mu minimalistick\u00e9mu, a p\u0159esto vzne\u0161en\u00e9mu designu je ide\u00e1ln\u00ed volbou pro u\u017eivatele, kte\u0159\u00ed ocen\u00ed jednoduchost bez kompromis\u016f na \u00fakor sofistikovanosti.<\/p>\n<p data-start=\"838\" data-end=\"1166\">Weekend Kelly je pln\u011b plniteln\u00fd a lze jej naplnit libovoln\u00fdmi nikotinov\u00fdmi s\u00e1\u010dky dle va\u0161eho v\u00fdb\u011bru. M\u00e1 prostor a\u017e pro 20 porc\u00ed a slou\u017e\u00ed jako dlouhodob\u00e1 a ekologick\u00e1 alternativa k jednor\u00e1zov\u00fdm obal\u016fm. Vnit\u0159n\u00ed prostor je navr\u017een pro pohodl\u00ed, d\u00edky \u010demu\u017e budou va\u0161e s\u00e1\u010dky p\u0159ehledn\u011b ulo\u017een\u00e9 a snadno dostupn\u00e9 po cel\u00fd den.<\/p>","protected":false},"excerpt":{"rendered":"<p data-start=\"1327\" data-end=\"1548\">Weekend Kelly je elegantn\u00ed plniteln\u00e1 plechovka s \u010dern\u00fdm designem z tkan\u00e9 um\u011bl\u00e9 k\u016f\u017ee. Jedn\u00e1 se o stylov\u00fd a praktick\u00fd dopln\u011bk z kolekce Kelly, kter\u00fd nab\u00edz\u00ed prostor a\u017e pro 20 nikotinov\u00fdch s\u00e1\u010dk\u016f.<\/p>","protected":false},"featured_media":46778,"comment_status":"open","ping_status":"closed","template":"","format":[],"meta":{"_acf_changed":false},"product_brand":[],"product_cat":[10726],"product_tag":[],"flavours":[],"nicotine":[],"class_list":{"0":"post-43867","1":"product","2":"type-product","3":"status-publish","4":"has-post-thumbnail","6":"product_cat-refill-cans","8":"first","9":"instock","10":"taxable","11":"shipping-taxable","12":"purchasable","13":"product-type-simple"},"acf":[],"_links":{"self":[{"href":"https:\/\/whitelip.com\/cs\/wp-json\/wp\/v2\/product\/43867","targetHints":{"allow":["GET"]}}],"collection":[{"href":"https:\/\/whitelip.com\/cs\/wp-json\/wp\/v2\/product"}],"about":[{"href":"https:\/\/whitelip.com\/cs\/wp-json\/wp\/v2\/types\/product"}],"replies":[{"embeddable":true,"href":"https:\/\/whitelip.com\/cs\/wp-json\/wp\/v2\/comments?post=43867"}],"wp:featuredmedia":[{"embeddable":true,"href":"https:\/\/whitelip.com\/cs\/wp-json\/wp\/v2\/media\/46778"}],"wp:attachment":[{"href":"https:\/\/whitelip.com\/cs\/wp-json\/wp\/v2\/media?parent=43867"}],"wp:term":[{"taxonomy":"product_brand","embeddable":true,"href":"https:\/\/whitelip.com\/cs\/wp-json\/wp\/v2\/product_brand?post=43867"},{"taxonomy":"product_cat","embeddable":true,"href":"https:\/\/whitelip.com\/cs\/wp-json\/wp\/v2\/product_cat?post=43867"},{"taxonomy":"product_tag","embeddable":true,"href":"https:\/\/whitelip.com\/cs\/wp-json\/wp\/v2\/product_tag?post=43867"},{"taxonomy":"flavours","embeddable":true,"href":"https:\/\/whitelip.com\/cs\/wp-json\/wp\/v2\/flavours?post=43867"},{"taxonomy":"format","embeddable":true,"href":"https:\/\/whitelip.com\/cs\/wp-json\/wp\/v2\/format?post=43867"},{"taxonomy":"nicotine","embeddable":true,"href":"https:\/\/whitelip.com\/cs\/wp-json\/wp\/v2\/nicotine?post=43867"}],"curies":[{"name":"wp","href":"https:\/\/api.w.org\/{rel}","templated":true}]}}