{"id":43863,"date":"2025-11-26T11:06:33","date_gmt":"2025-11-26T11:06:33","guid":{"rendered":"https:\/\/whitelip.com\/?post_type=product&#038;p=43863"},"modified":"2026-01-28T05:31:35","modified_gmt":"2026-01-28T05:31:35","slug":"kelly-white-rebel-kelly-refillcan","status":"publish","type":"product","link":"https:\/\/whitelip.com\/cs\/refill-cans\/kelly-white-rebel-kelly-refillcan\/","title":{"rendered":"N\u00e1pl\u0148 do plechovky Kelly White Rebel Kelly"},"content":{"rendered":"<p data-start=\"146\" data-end=\"453\">Rebel Kelly je odv\u00e1\u017en\u00e1 a stylov\u00e1 plniteln\u00e1 plechovka ur\u010den\u00e1 pro u\u017eivatele, kte\u0159\u00ed cht\u011bj\u00ed pr\u00e9miov\u00e9 p\u0159\u00edslu\u0161enstv\u00ed s v\u00fdraznou osobnost\u00ed. Tento model s tmav\u011b \u010derven\u00fdm povrchem z um\u011bl\u00e9 k\u016f\u017ee s krokod\u00fdl\u00edm vzorem a jemn\u00fdm zlat\u00fdm akcentem p\u0159in\u00e1\u0161\u00ed sebev\u011bdom\u00fd a modern\u00ed vzhled, kter\u00fd vynik\u00e1, ani\u017e by byl ohromuj\u00edc\u00ed.<\/p>\n<p data-start=\"455\" data-end=\"831\">Jako sou\u010d\u00e1st kolekce Kelly je model Rebel Kelly vyroben s jasn\u00fdm d\u016frazem na odolnost, kvalitu a design. Texturovan\u00fd krokod\u00fdl\u00ed vzor dod\u00e1v\u00e1 luxusn\u00ed pocit a z\u00e1rove\u0148 nab\u00edz\u00ed pohodln\u00e9 uchopen\u00ed, tak\u017ee se hod\u00ed jak pro ka\u017edodenn\u00ed pou\u017eit\u00ed, tak pro slavnostn\u011bj\u0161\u00ed p\u0159\u00edle\u017eitosti. D\u00edky sv\u00e9mu jedine\u010dn\u00e9mu designu je ide\u00e1ln\u00ed volbou pro u\u017eivatele, kte\u0159\u00ed d\u00e1vaj\u00ed p\u0159ednost dopl\u0148k\u016fm s postojem a individualitou.<\/p>\n<p data-start=\"833\" data-end=\"1098\">Rebel Kelly je pln\u011b plniteln\u00fd a pojme a\u017e 20 nikotinov\u00fdch s\u00e1\u010dk\u016f, co\u017e p\u0159edstavuje dlouhodobou a udr\u017eitelnou alternativu k jednor\u00e1zov\u00fdm obal\u016fm. Vnit\u0159n\u00ed prostor je navr\u017een tak, aby byl praktick\u00fd a zajistil, \u017ee va\u0161e s\u00e1\u010dky z\u016fstanou p\u0159ehledn\u011b ulo\u017een\u00e9 a snadno p\u0159\u00edstupn\u00e9.<\/p>","protected":false},"excerpt":{"rendered":"<p data-start=\"1327\" data-end=\"1548\">Rebel Kelly je plniteln\u00e1 plechovka z \u010derven\u00e9 um\u011bl\u00e9 k\u016f\u017ee s krokod\u00fdl\u00edm vzorem a jemn\u00fdmi zlat\u00fdmi detaily. Sebev\u011bdom\u00fd a stylov\u00fd dopln\u011bk z kolekce Kelly, kter\u00fd nab\u00edz\u00ed praktick\u00e9 \u00falo\u017ei\u0161t\u011b a\u017e pro 20 nikotinov\u00fdch s\u00e1\u010dk\u016f.<\/p>","protected":false},"featured_media":46779,"comment_status":"open","ping_status":"closed","template":"","format":[],"meta":{"_acf_changed":false},"product_brand":[],"product_cat":[10726],"product_tag":[],"flavours":[],"nicotine":[],"class_list":{"0":"post-43863","1":"product","2":"type-product","3":"status-publish","4":"has-post-thumbnail","6":"product_cat-refill-cans","8":"first","9":"instock","10":"taxable","11":"shipping-taxable","12":"purchasable","13":"product-type-simple"},"acf":[],"_links":{"self":[{"href":"https:\/\/whitelip.com\/cs\/wp-json\/wp\/v2\/product\/43863","targetHints":{"allow":["GET"]}}],"collection":[{"href":"https:\/\/whitelip.com\/cs\/wp-json\/wp\/v2\/product"}],"about":[{"href":"https:\/\/whitelip.com\/cs\/wp-json\/wp\/v2\/types\/product"}],"replies":[{"embeddable":true,"href":"https:\/\/whitelip.com\/cs\/wp-json\/wp\/v2\/comments?post=43863"}],"wp:featuredmedia":[{"embeddable":true,"href":"https:\/\/whitelip.com\/cs\/wp-json\/wp\/v2\/media\/46779"}],"wp:attachment":[{"href":"https:\/\/whitelip.com\/cs\/wp-json\/wp\/v2\/media?parent=43863"}],"wp:term":[{"taxonomy":"product_brand","embeddable":true,"href":"https:\/\/whitelip.com\/cs\/wp-json\/wp\/v2\/product_brand?post=43863"},{"taxonomy":"product_cat","embeddable":true,"href":"https:\/\/whitelip.com\/cs\/wp-json\/wp\/v2\/product_cat?post=43863"},{"taxonomy":"product_tag","embeddable":true,"href":"https:\/\/whitelip.com\/cs\/wp-json\/wp\/v2\/product_tag?post=43863"},{"taxonomy":"flavours","embeddable":true,"href":"https:\/\/whitelip.com\/cs\/wp-json\/wp\/v2\/flavours?post=43863"},{"taxonomy":"format","embeddable":true,"href":"https:\/\/whitelip.com\/cs\/wp-json\/wp\/v2\/format?post=43863"},{"taxonomy":"nicotine","embeddable":true,"href":"https:\/\/whitelip.com\/cs\/wp-json\/wp\/v2\/nicotine?post=43863"}],"curies":[{"name":"wp","href":"https:\/\/api.w.org\/{rel}","templated":true}]}}