{"id":43861,"date":"2025-11-26T11:04:32","date_gmt":"2025-11-26T11:04:32","guid":{"rendered":"https:\/\/whitelip.com\/?post_type=product&#038;p=43861"},"modified":"2026-01-28T05:30:52","modified_gmt":"2026-01-28T05:30:52","slug":"kelly-white-icon-kelly-refillcan","status":"publish","type":"product","link":"https:\/\/whitelip.com\/cs\/refill-cans\/kelly-white-icon-kelly-refillcan\/","title":{"rendered":"N\u00e1pl\u0148 do plechovky Kelly White Icon Kelly"},"content":{"rendered":"<p data-start=\"167\" data-end=\"440\">Icon Kelly je rafinovan\u00e1 plniteln\u00e1 plechovka ur\u010den\u00e1 pro u\u017eivatele, kte\u0159\u00ed oce\u0148uj\u00ed \u010dist\u00fd a sofistikovan\u00fd vzhled. Tento model, zabalen\u00fd v hladk\u00e9 \u010dern\u00e9 um\u011bl\u00e9 k\u016f\u017ei, p\u0159in\u00e1\u0161\u00ed nad\u010dasov\u00fd a elegantn\u00ed vzhled, kter\u00fd se bez probl\u00e9m\u016f hod\u00ed jak do ka\u017edodenn\u00ed rutiny, tak k form\u00e1ln\u011bj\u0161\u00edm p\u0159\u00edle\u017eitostem.<\/p>\n<p data-start=\"442\" data-end=\"775\">V r\u00e1mci kolekce Kelly se Icon Kelly zam\u011b\u0159uje na kombinaci odolnosti, prvot\u0159\u00eddn\u00edho designu a praktick\u00e9 funk\u010dnosti. Na dotek m\u011bkk\u00fd povrch z um\u011bl\u00e9 k\u016f\u017ee nab\u00edz\u00ed pohodln\u00e9 uchopen\u00ed p\u0159i zachov\u00e1n\u00ed elegantn\u00edho a modern\u00edho estetick\u00e9ho vzhledu. D\u00edky sv\u00e9mu minimalistick\u00e9mu vzhledu je ide\u00e1ln\u00ed volbou pro ty, kte\u0159\u00ed d\u00e1vaj\u00ed p\u0159ednost jemn\u00e9 eleganci p\u0159ed v\u00fdrazn\u00fdmi vzory.<\/p>\n<p data-start=\"777\" data-end=\"1099\">Stejn\u011b jako v\u0161echny modely z kolekce Kelly je i Icon Kelly pln\u011b plniteln\u00fd. Lze ji plnit libovoln\u00fdmi nikotinov\u00fdmi s\u00e1\u010dky, kter\u00e9 si vyberete, a poskytuje tak dlouhotrvaj\u00edc\u00ed a ekologickou alternativu k jednor\u00e1zov\u00fdm obal\u016fm. Do plechovky se vejde a\u017e 20 d\u00e1vek, tak\u017ee je praktick\u00e1 a snadno se nos\u00ed v kapse nebo ta\u0161ce.<\/p>","protected":false},"excerpt":{"rendered":"<p data-start=\"1240\" data-end=\"1417\">Icon Kelly je elegantn\u00ed plniteln\u00e1 plechovka z hladk\u00e9 \u010dern\u00e9 um\u011bl\u00e9 k\u016f\u017ee. Jedn\u00e1 se o nad\u010dasov\u00fd a praktick\u00fd dopln\u011bk z kolekce Kelly, kter\u00fd nab\u00edz\u00ed elegantn\u00ed a pohodln\u00e9 ulo\u017een\u00ed a\u017e 20 nikotinov\u00fdch s\u00e1\u010dk\u016f.<\/p>","protected":false},"featured_media":46780,"comment_status":"open","ping_status":"closed","template":"","format":[],"meta":{"_acf_changed":false},"product_brand":[],"product_cat":[10726],"product_tag":[],"flavours":[],"nicotine":[],"class_list":{"0":"post-43861","1":"product","2":"type-product","3":"status-publish","4":"has-post-thumbnail","6":"product_cat-refill-cans","8":"first","9":"instock","10":"taxable","11":"shipping-taxable","12":"purchasable","13":"product-type-simple"},"acf":[],"_links":{"self":[{"href":"https:\/\/whitelip.com\/cs\/wp-json\/wp\/v2\/product\/43861","targetHints":{"allow":["GET"]}}],"collection":[{"href":"https:\/\/whitelip.com\/cs\/wp-json\/wp\/v2\/product"}],"about":[{"href":"https:\/\/whitelip.com\/cs\/wp-json\/wp\/v2\/types\/product"}],"replies":[{"embeddable":true,"href":"https:\/\/whitelip.com\/cs\/wp-json\/wp\/v2\/comments?post=43861"}],"wp:featuredmedia":[{"embeddable":true,"href":"https:\/\/whitelip.com\/cs\/wp-json\/wp\/v2\/media\/46780"}],"wp:attachment":[{"href":"https:\/\/whitelip.com\/cs\/wp-json\/wp\/v2\/media?parent=43861"}],"wp:term":[{"taxonomy":"product_brand","embeddable":true,"href":"https:\/\/whitelip.com\/cs\/wp-json\/wp\/v2\/product_brand?post=43861"},{"taxonomy":"product_cat","embeddable":true,"href":"https:\/\/whitelip.com\/cs\/wp-json\/wp\/v2\/product_cat?post=43861"},{"taxonomy":"product_tag","embeddable":true,"href":"https:\/\/whitelip.com\/cs\/wp-json\/wp\/v2\/product_tag?post=43861"},{"taxonomy":"flavours","embeddable":true,"href":"https:\/\/whitelip.com\/cs\/wp-json\/wp\/v2\/flavours?post=43861"},{"taxonomy":"format","embeddable":true,"href":"https:\/\/whitelip.com\/cs\/wp-json\/wp\/v2\/format?post=43861"},{"taxonomy":"nicotine","embeddable":true,"href":"https:\/\/whitelip.com\/cs\/wp-json\/wp\/v2\/nicotine?post=43861"}],"curies":[{"name":"wp","href":"https:\/\/api.w.org\/{rel}","templated":true}]}}