{"id":43855,"date":"2025-11-26T10:59:34","date_gmt":"2025-11-26T10:59:34","guid":{"rendered":"https:\/\/whitelip.com\/?post_type=product&#038;p=43855"},"modified":"2026-01-28T05:30:04","modified_gmt":"2026-01-28T05:30:04","slug":"kelly-white-golden-kelly-refillcan","status":"publish","type":"product","link":"https:\/\/whitelip.com\/cs\/refill-cans\/kelly-white-golden-kelly-refillcan\/","title":{"rendered":"N\u00e1pl\u0148 do plechovky Kelly White Golden Kelly"},"content":{"rendered":"<p data-start=\"214\" data-end=\"513\">Golden Kelly je pr\u00e9miov\u00e1 plniteln\u00e1 plechovka ur\u010den\u00e1 pro u\u017eivatele, kte\u0159\u00ed cht\u011bj\u00ed spojit praktickou funk\u010dnost s luxusn\u00edm a v\u00fdrazn\u00fdm designem. D\u00edky sv\u00e9mu t\u0159pytiv\u00e9mu vn\u011bj\u0161\u00edmu povrchu se zlat\u00fdmi kam\u00ednky vn\u00e1\u0161\u00ed tento model do ka\u017edodenn\u00edho skladov\u00e1n\u00ed n\u00e1dech glamour a vynikne jako stylov\u00fd dopln\u011bk v ka\u017ed\u00e9m prost\u0159ed\u00ed.<\/p>\n<p data-start=\"515\" data-end=\"873\">V r\u00e1mci kolekce Kelly se Golden Kelly zam\u011b\u0159uje na odolnost i kvalitu designu. Plechovka je vyrobena tak, aby ji bylo mo\u017en\u00e9 opakovan\u011b pou\u017e\u00edvat a plnit libovoln\u00fdmi nikotinov\u00fdmi s\u00e1\u010dky dle vlastn\u00edho v\u00fdb\u011bru, co\u017e nab\u00edz\u00ed dlouhodobou a udr\u017eiteln\u011bj\u0161\u00ed alternativu k jednor\u00e1zov\u00fdm obal\u016fm. Jej\u00ed konstrukce je vytvo\u0159ena tak, aby byly va\u0161e s\u00e1\u010dky p\u0159ehledn\u011b ulo\u017een\u00e9 a snadno dostupn\u00e9 po cel\u00fd den.<\/p>\n<p data-start=\"875\" data-end=\"1146\">T\u0159pytiv\u011b zlat\u00e1 povrchov\u00e1 \u00faprava dod\u00e1v\u00e1 hodink\u00e1m Golden Kelly odv\u00e1\u017en\u00fd, elegantn\u00ed vzhled a z\u00e1rove\u0148 si zachov\u00e1v\u00e1 pohodln\u00fd a praktick\u00fd tvar vhodn\u00fd do kapes a ta\u0161ek. A\u0165 u\u017e ji pou\u017e\u00edv\u00e1te denn\u011b, nebo p\u0159i zvl\u00e1\u0161tn\u00edch p\u0159\u00edle\u017eitostech, dod\u00e1 va\u0161\u00ed rutin\u011b prvot\u0159\u00eddn\u00ed pocit a pozvedne v\u00e1\u0161 osobn\u00ed styl.<\/p>","protected":false},"excerpt":{"rendered":"<p data-start=\"1240\" data-end=\"1417\">Golden Kelly je luxusn\u00ed plniteln\u00e1 plechovka s t\u0159pytiv\u00fdmi zlat\u00fdmi kam\u00ednky. Praktick\u00fd a stylov\u00fd dopln\u011bk z kolekce Kelly, ur\u010den\u00fd pro prvot\u0159\u00eddn\u00ed skladov\u00e1n\u00ed nikotinov\u00fdch s\u00e1\u010dk\u016f.<\/p>","protected":false},"featured_media":46782,"comment_status":"open","ping_status":"closed","template":"","format":[],"meta":{"_acf_changed":false},"product_brand":[],"product_cat":[10726],"product_tag":[],"flavours":[],"nicotine":[],"class_list":{"0":"post-43855","1":"product","2":"type-product","3":"status-publish","4":"has-post-thumbnail","6":"product_cat-refill-cans","8":"first","9":"instock","10":"taxable","11":"shipping-taxable","12":"purchasable","13":"product-type-simple"},"acf":[],"_links":{"self":[{"href":"https:\/\/whitelip.com\/cs\/wp-json\/wp\/v2\/product\/43855","targetHints":{"allow":["GET"]}}],"collection":[{"href":"https:\/\/whitelip.com\/cs\/wp-json\/wp\/v2\/product"}],"about":[{"href":"https:\/\/whitelip.com\/cs\/wp-json\/wp\/v2\/types\/product"}],"replies":[{"embeddable":true,"href":"https:\/\/whitelip.com\/cs\/wp-json\/wp\/v2\/comments?post=43855"}],"wp:featuredmedia":[{"embeddable":true,"href":"https:\/\/whitelip.com\/cs\/wp-json\/wp\/v2\/media\/46782"}],"wp:attachment":[{"href":"https:\/\/whitelip.com\/cs\/wp-json\/wp\/v2\/media?parent=43855"}],"wp:term":[{"taxonomy":"product_brand","embeddable":true,"href":"https:\/\/whitelip.com\/cs\/wp-json\/wp\/v2\/product_brand?post=43855"},{"taxonomy":"product_cat","embeddable":true,"href":"https:\/\/whitelip.com\/cs\/wp-json\/wp\/v2\/product_cat?post=43855"},{"taxonomy":"product_tag","embeddable":true,"href":"https:\/\/whitelip.com\/cs\/wp-json\/wp\/v2\/product_tag?post=43855"},{"taxonomy":"flavours","embeddable":true,"href":"https:\/\/whitelip.com\/cs\/wp-json\/wp\/v2\/flavours?post=43855"},{"taxonomy":"format","embeddable":true,"href":"https:\/\/whitelip.com\/cs\/wp-json\/wp\/v2\/format?post=43855"},{"taxonomy":"nicotine","embeddable":true,"href":"https:\/\/whitelip.com\/cs\/wp-json\/wp\/v2\/nicotine?post=43855"}],"curies":[{"name":"wp","href":"https:\/\/api.w.org\/{rel}","templated":true}]}}