{"id":43850,"date":"2025-11-26T10:43:45","date_gmt":"2025-11-26T10:43:45","guid":{"rendered":"https:\/\/whitelip.com\/?post_type=product&#038;p=43850"},"modified":"2026-03-11T04:56:42","modified_gmt":"2026-03-11T04:56:42","slug":"kelly-white-nightclub-kelly-refillcan","status":"publish","type":"product","link":"https:\/\/whitelip.com\/cs\/refill-cans\/kelly-white-nightclub-kelly-refillcan\/","title":{"rendered":"N\u00e1pl\u0148 do plechovky Kelly White Nightclub Kelly"},"content":{"rendered":"<p data-start=\"249\" data-end=\"554\">Nightclub Kelly je pr\u00e9miov\u00e1 plniteln\u00e1 plechovka ur\u010den\u00e1 pro u\u017eivatele, kte\u0159\u00ed cht\u011bj\u00ed odv\u00e1\u017en\u00fd a elegantn\u00ed zp\u016fsob ukl\u00e1d\u00e1n\u00ed nikotinov\u00fdch s\u00e1\u010dk\u016f. Vn\u011bj\u0161\u00ed strana je pokryta mal\u00fdmi \u010dern\u00fdmi kam\u00ednky, kter\u00e9 jemn\u011b odr\u00e1\u017eej\u00ed sv\u011btlo a dod\u00e1vaj\u00ed plechovce elegantn\u00ed a luxusn\u00ed vzhled vhodn\u00fd jak pro ka\u017edodenn\u00ed pou\u017eit\u00ed, tak pro zvl\u00e1\u0161tn\u00ed p\u0159\u00edle\u017eitosti.<\/p>\n<p data-start=\"556\" data-end=\"890\">Tento model je sou\u010d\u00e1st\u00ed kolekce Kelly a kombinuje stylov\u00fd design s dlouhotrvaj\u00edc\u00ed funk\u010dnost\u00ed. Vnit\u0159ek je vyroben z potravin\u00e1\u0159sk\u00e9ho plastu, kter\u00fd zaji\u0161\u0165uje, \u017ee va\u0161e nikotinov\u00e9 s\u00e1\u010dky budou v\u017edy bezpe\u010dn\u011b a hygienicky ulo\u017eeny. D\u00edky konstrukci, kterou lze opakovan\u011b plnit, se jedn\u00e1 o odolnou a udr\u017eiteln\u011bj\u0161\u00ed alternativu k jednor\u00e1zov\u00fdm obal\u016fm.<\/p>\n<p data-start=\"892\" data-end=\"1206\">No\u010dn\u00ed klub Kelly je vytvo\u0159en s d\u016frazem na detail a vysoce kvalitn\u00ed standardy. <span class=\"hover:entity-accent entity-underline inline cursor-pointer align-baseline\"><span class=\"whitespace-normal\">White Industries AB<\/span><\/span>, kter\u00e1 nab\u00edz\u00ed dokonalou rovnov\u00e1hu mezi prakti\u010dnost\u00ed a estetikou. A\u0165 u\u017e d\u00e1v\u00e1te p\u0159ednost decentn\u00edmu dopl\u0148ku, nebo n\u011b\u010demu s modern\u00edm n\u00e1dechem, tato plechovka p\u0159edstavuje stylov\u00e9 a spolehliv\u00e9 \u0159e\u0161en\u00ed pro ukl\u00e1d\u00e1n\u00ed.<\/p>","protected":false},"excerpt":{"rendered":"<p data-start=\"1240\" data-end=\"1417\">Nightclub Kelly je plniteln\u00e1 pr\u00e9miov\u00e1 plechovka s \u010dern\u00fdmi kam\u00ednky a vnit\u0159kem z potravin\u00e1\u0159sk\u00e9 oceli. Stylov\u00fd a odoln\u00fd dopln\u011bk ur\u010den\u00fd pro bezpe\u010dn\u00e9 a elegantn\u00ed skladov\u00e1n\u00ed nikotinov\u00fdch s\u00e1\u010dk\u016f.<\/p>","protected":false},"featured_media":46784,"comment_status":"open","ping_status":"closed","template":"","format":[],"meta":{"_acf_changed":false},"product_brand":[],"product_cat":[10726],"product_tag":[],"flavours":[],"nicotine":[],"class_list":{"0":"post-43850","1":"product","2":"type-product","3":"status-publish","4":"has-post-thumbnail","6":"product_cat-refill-cans","8":"first","9":"instock","10":"taxable","11":"shipping-taxable","12":"purchasable","13":"product-type-simple"},"acf":[],"_links":{"self":[{"href":"https:\/\/whitelip.com\/cs\/wp-json\/wp\/v2\/product\/43850","targetHints":{"allow":["GET"]}}],"collection":[{"href":"https:\/\/whitelip.com\/cs\/wp-json\/wp\/v2\/product"}],"about":[{"href":"https:\/\/whitelip.com\/cs\/wp-json\/wp\/v2\/types\/product"}],"replies":[{"embeddable":true,"href":"https:\/\/whitelip.com\/cs\/wp-json\/wp\/v2\/comments?post=43850"}],"wp:featuredmedia":[{"embeddable":true,"href":"https:\/\/whitelip.com\/cs\/wp-json\/wp\/v2\/media\/46784"}],"wp:attachment":[{"href":"https:\/\/whitelip.com\/cs\/wp-json\/wp\/v2\/media?parent=43850"}],"wp:term":[{"taxonomy":"product_brand","embeddable":true,"href":"https:\/\/whitelip.com\/cs\/wp-json\/wp\/v2\/product_brand?post=43850"},{"taxonomy":"product_cat","embeddable":true,"href":"https:\/\/whitelip.com\/cs\/wp-json\/wp\/v2\/product_cat?post=43850"},{"taxonomy":"product_tag","embeddable":true,"href":"https:\/\/whitelip.com\/cs\/wp-json\/wp\/v2\/product_tag?post=43850"},{"taxonomy":"flavours","embeddable":true,"href":"https:\/\/whitelip.com\/cs\/wp-json\/wp\/v2\/flavours?post=43850"},{"taxonomy":"format","embeddable":true,"href":"https:\/\/whitelip.com\/cs\/wp-json\/wp\/v2\/format?post=43850"},{"taxonomy":"nicotine","embeddable":true,"href":"https:\/\/whitelip.com\/cs\/wp-json\/wp\/v2\/nicotine?post=43850"}],"curies":[{"name":"wp","href":"https:\/\/api.w.org\/{rel}","templated":true}]}}