{"id":35125,"date":"2025-11-22T21:24:13","date_gmt":"2025-11-22T21:24:13","guid":{"rendered":"https:\/\/whitelip.com\/?post_type=product&#038;p=35125"},"modified":"2026-05-07T10:11:40","modified_gmt":"2026-05-07T10:11:40","slug":"denssi-southern-boost-caffeine","status":"publish","type":"product","link":"https:\/\/whitelip.com\/cs\/denssi-caffeine-pouches\/denssi-southern-boost-caffeine\/","title":{"rendered":"Denssi Southern Boost Kofein"},"content":{"rendered":"<p data-start=\"173\" data-end=\"550\">Denssi Energy Southern Boost p\u0159in\u00e1\u0161\u00ed jemnou, osv\u011b\u017euj\u00edc\u00ed chu\u0165 broskvov\u00e9ho ledov\u00e9ho \u010daje v \u010dist\u00e9m, kofeinov\u00e9m s\u00e1\u010dku. Ka\u017ed\u00fd tenk\u00fd s\u00e1\u010dek p\u0159in\u00e1\u0161\u00ed lehce nasl\u00e1dlou, vychlazenou broskvovou p\u0159\u00edchu\u0165, kter\u00e1 se podob\u00e1 klasick\u00e9mu ledov\u00e9mu \u010daji Southern, vyv\u00e1\u017eenou p\u0159\u00edrodn\u00edm kofeinem pro stabiln\u00ed soust\u0159ed\u011bn\u00ed a dlouhotrvaj\u00edc\u00ed energii. Bez cukru, bez tab\u00e1ku, bez tekutin, jen \u010dist\u00e1 chu\u0165 a v\u00fdkon.<\/p>\n<p data-start=\"552\" data-end=\"887\">D\u00edky tenk\u00e9mu a diskr\u00e9tn\u00edmu form\u00e1tu m\u016f\u017eete Southern Boost snadno pou\u017e\u00edvat kdekoli, a\u0165 u\u017e pracujete, studujete nebo se sna\u017e\u00edte z\u016fstat v obraze b\u011bhem dlouh\u00e9ho dne. Tento s\u00e1\u010dek s jemn\u00fdm chladiv\u00fdm povrchem a autentick\u00fdm profilem broskvov\u00e9ho \u010daje nab\u00edz\u00ed klidnou, ale povzbuzuj\u00edc\u00ed vzpruhu, kter\u00e1 v\u00e1s udr\u017e\u00ed soust\u0159ed\u011bn\u00e9, ani\u017e by se dostavil p\u00e1d sladk\u00fdch n\u00e1poj\u016f nebo ho\u0159kost k\u00e1vy.<\/p>\n<table style=\"height: 395px;\" width=\"375\">\n<tbody>\n<tr>\n<td><b>Atribut<\/b><\/td>\n<td><b>Podrobnosti na<\/b><\/td>\n<\/tr>\n<tr>\n<td><b>Zna\u010dka<\/b><\/td>\n<td>Denssi<\/td>\n<\/tr>\n<tr>\n<td><b>Typ v\u00fdrobku<\/b><\/td>\n<td><span style=\"font-weight: 400;\">V\u0161echny b\u00edl\u00e9 s\u00e1\u010dky s kofeinem<\/span><\/td>\n<\/tr>\n<tr>\n<td><b>Form\u00e1t<\/b><\/td>\n<td>Slim<\/td>\n<\/tr>\n<tr>\n<td><b>P\u0159\u00edchu\u0165<\/b><\/td>\n<td>Broskvov\u00fd ledov\u00fd \u010daj<\/td>\n<\/tr>\n<tr>\n<td><b>S\u00edla kofeinu<\/b><\/td>\n<td>100 mg<\/td>\n<\/tr>\n<tr>\n<td><b>V\u00fdrobce<\/b><\/td>\n<td><span style=\"font-weight: 400;\">Denssi<\/span><\/td>\n<\/tr>\n<tr>\n<td><b>Po\u010det porc\u00ed<\/b><\/td>\n<td><span style=\"font-weight: 400;\">15 za plechovku<\/span><\/td>\n<\/tr>\n<tr>\n<td><b>Pozoruhodn\u00e9 funkce<\/b><\/td>\n<td><span style=\"font-weight: 400;\">Bez tab\u00e1ku, tenk\u00fd form\u00e1t<\/span><\/td>\n<\/tr>\n<tr>\n<td><\/td>\n<td><\/td>\n<\/tr>\n<tr>\n<td><\/td>\n<td><\/td>\n<\/tr>\n<\/tbody>\n<\/table>","protected":false},"excerpt":{"rendered":"<p data-start=\"1185\" data-end=\"1369\">Southern Boost p\u0159in\u00e1\u0161\u00ed chu\u0165 vychlazen\u00e9ho broskvov\u00e9ho ledov\u00e9ho \u010daje s \u010dist\u00fdm kofeinem. Tenk\u00e9, diskr\u00e9tn\u00ed n\u00e1levov\u00e9 s\u00e1\u010dky bez cukru jsou navr\u017eeny pro hladk\u00e9 a dlouhotrvaj\u00edc\u00ed soust\u0159ed\u011bn\u00ed.<\/p>","protected":false},"featured_media":35129,"comment_status":"open","ping_status":"closed","template":"","format":[206],"meta":{"_acf_changed":false},"product_brand":[],"product_cat":[267],"product_tag":[],"flavours":[196],"nicotine":[243],"class_list":{"0":"post-35125","1":"product","2":"type-product","3":"status-publish","4":"has-post-thumbnail","6":"product_cat-denssi-caffeine-pouches","7":"pa_quantity-1-pack","8":"pa_quantity-10-pack","9":"pa_quantity-3-pack","10":"pa_quantity-30-pack","11":"pa_quantity-5-pack","12":"pa_quantity-60-pack","13":"flavours-fruits-berries","14":"format-slim","15":"nicotine-caffeine","17":"first","18":"instock","19":"taxable","20":"shipping-taxable","21":"purchasable","22":"product-type-variable"},"acf":[],"_links":{"self":[{"href":"https:\/\/whitelip.com\/cs\/wp-json\/wp\/v2\/product\/35125","targetHints":{"allow":["GET"]}}],"collection":[{"href":"https:\/\/whitelip.com\/cs\/wp-json\/wp\/v2\/product"}],"about":[{"href":"https:\/\/whitelip.com\/cs\/wp-json\/wp\/v2\/types\/product"}],"replies":[{"embeddable":true,"href":"https:\/\/whitelip.com\/cs\/wp-json\/wp\/v2\/comments?post=35125"}],"wp:featuredmedia":[{"embeddable":true,"href":"https:\/\/whitelip.com\/cs\/wp-json\/wp\/v2\/media\/35129"}],"wp:attachment":[{"href":"https:\/\/whitelip.com\/cs\/wp-json\/wp\/v2\/media?parent=35125"}],"wp:term":[{"taxonomy":"product_brand","embeddable":true,"href":"https:\/\/whitelip.com\/cs\/wp-json\/wp\/v2\/product_brand?post=35125"},{"taxonomy":"product_cat","embeddable":true,"href":"https:\/\/whitelip.com\/cs\/wp-json\/wp\/v2\/product_cat?post=35125"},{"taxonomy":"product_tag","embeddable":true,"href":"https:\/\/whitelip.com\/cs\/wp-json\/wp\/v2\/product_tag?post=35125"},{"taxonomy":"flavours","embeddable":true,"href":"https:\/\/whitelip.com\/cs\/wp-json\/wp\/v2\/flavours?post=35125"},{"taxonomy":"format","embeddable":true,"href":"https:\/\/whitelip.com\/cs\/wp-json\/wp\/v2\/format?post=35125"},{"taxonomy":"nicotine","embeddable":true,"href":"https:\/\/whitelip.com\/cs\/wp-json\/wp\/v2\/nicotine?post=35125"}],"curies":[{"name":"wp","href":"https:\/\/api.w.org\/{rel}","templated":true}]}}