{"id":34953,"date":"2025-11-21T16:07:24","date_gmt":"2025-11-21T16:07:24","guid":{"rendered":"https:\/\/whitelip.com\/?post_type=product&#038;p=34953"},"modified":"2026-04-12T23:53:50","modified_gmt":"2026-04-12T23:53:50","slug":"denssi-tropical-fury-caffeine","status":"publish","type":"product","link":"https:\/\/whitelip.com\/cs\/denssi-caffeine-pouches\/denssi-tropical-fury-caffeine\/","title":{"rendered":"Denssi Tropical Fury Caffeine"},"content":{"rendered":"<p data-start=\"162\" data-end=\"584\">Denssi Energy Tropical Fury p\u0159in\u00e1\u0161\u00ed siln\u00fd p\u0159\u00edval tropick\u00e9 chuti v kombinaci s \u010distou a trvalou kofeinovou energi\u00ed. V ka\u017ed\u00e9m tenk\u00e9m s\u00e1\u010dku se m\u00eds\u00ed ananas, citrusy a mu\u010denka do z\u00e1\u0159iv\u00e9ho profilu ovocn\u00e9ho pun\u010de, kter\u00fd p\u0159in\u00e1\u0161\u00ed pocit l\u00e9ta, a\u0165 jste kdekoli. P\u0159\u00edrodn\u00ed kofeinov\u00fd n\u00e1boj je navr\u017een pro rychlou aktivaci a dlouhotrvaj\u00edc\u00ed soust\u0159ed\u011bn\u00ed, co\u017e v\u00e1m pom\u016f\u017ee z\u016fstat bystr\u00fdmi b\u011bhem pr\u00e1ce, tr\u00e9ninku nebo n\u00e1ro\u010dn\u00fdch dn\u016f na cest\u00e1ch.<\/p>\n<p data-start=\"586\" data-end=\"898\">Tenk\u00fd a diskr\u00e9tn\u00ed form\u00e1t umo\u017e\u0148uje bezstarostn\u00e9 pou\u017eit\u00ed kdykoli, kdy pot\u0159ebujete dodat energii, ani\u017e byste museli p\u00edt k\u00e1vu nebo energetick\u00e9 n\u00e1poje. Tropical Fury je zcela bez tab\u00e1ku a cukru a nab\u00edz\u00ed hladk\u00fd a povzbuzuj\u00edc\u00ed z\u00e1\u017eitek bez n\u00e1raz\u016f a zbyte\u010dn\u00fdch p\u0159\u00edsad. Jasn\u00e1 p\u0159\u00edchu\u0165. Siln\u00e1 energie. Nulov\u00fd kompromis.<\/p>\n<table style=\"height: 395px;\" width=\"375\">\n<tbody>\n<tr>\n<td><b>Atribut<\/b><\/td>\n<td><b>Podrobnosti na<\/b><\/td>\n<\/tr>\n<tr>\n<td><b>Zna\u010dka<\/b><\/td>\n<td>Denssi<\/td>\n<\/tr>\n<tr>\n<td><b>Typ v\u00fdrobku<\/b><\/td>\n<td><span style=\"font-weight: 400;\">V\u0161echny b\u00edl\u00e9 s\u00e1\u010dky s kofeinem<\/span><\/td>\n<\/tr>\n<tr>\n<td><b>Form\u00e1t<\/b><\/td>\n<td>Slim<\/td>\n<\/tr>\n<tr>\n<td><b>P\u0159\u00edchu\u0165<\/b><\/td>\n<td>Tropick\u00e9 ovoce<\/td>\n<\/tr>\n<tr>\n<td><b>S\u00edla kofeinu<\/b><\/td>\n<td>100 mg<\/td>\n<\/tr>\n<tr>\n<td><b>V\u00fdrobce<\/b><\/td>\n<td><span style=\"font-weight: 400;\">Denssi<\/span><\/td>\n<\/tr>\n<tr>\n<td><b>Po\u010det porc\u00ed<\/b><\/td>\n<td><span style=\"font-weight: 400;\">15 za plechovku<\/span><\/td>\n<\/tr>\n<tr>\n<td><b>Pozoruhodn\u00e9 funkce<\/b><\/td>\n<td><span style=\"font-weight: 400;\">Bez tab\u00e1ku, tenk\u00fd form\u00e1t<\/span><\/td>\n<\/tr>\n<tr>\n<td><\/td>\n<td><\/td>\n<\/tr>\n<tr>\n<td><\/td>\n<td><\/td>\n<\/tr>\n<\/tbody>\n<\/table>","protected":false},"excerpt":{"rendered":"<p data-start=\"1185\" data-end=\"1369\">Denssi Energy Tropical Fury p\u0159in\u00e1\u0161\u00ed odv\u00e1\u017enou sm\u011bs ananasu, citrus\u016f a mu\u010denky, kterou podporuje p\u0159\u00edrodn\u00ed kofein. Tenk\u00e9, diskr\u00e9tn\u00ed s\u00e1\u010dky bez cukru a tab\u00e1ku jsou navr\u017eeny pro rychlou a dlouhotrvaj\u00edc\u00ed energii, kdykoli ji pot\u0159ebujete.<\/p>","protected":false},"featured_media":34957,"comment_status":"open","ping_status":"closed","template":"","format":[206],"meta":{"_acf_changed":false},"product_brand":[],"product_cat":[267],"product_tag":[],"flavours":[196],"nicotine":[243],"class_list":{"0":"post-34953","1":"product","2":"type-product","3":"status-publish","4":"has-post-thumbnail","6":"product_cat-denssi-caffeine-pouches","7":"pa_quantity-1-pack","8":"pa_quantity-10-pack","9":"pa_quantity-3-pack","10":"pa_quantity-30-pack","11":"pa_quantity-5-pack","12":"pa_quantity-60-pack","13":"flavours-fruits-berries","14":"format-slim","15":"nicotine-caffeine","17":"first","18":"instock","19":"taxable","20":"shipping-taxable","21":"purchasable","22":"product-type-variable"},"acf":[],"_links":{"self":[{"href":"https:\/\/whitelip.com\/cs\/wp-json\/wp\/v2\/product\/34953","targetHints":{"allow":["GET"]}}],"collection":[{"href":"https:\/\/whitelip.com\/cs\/wp-json\/wp\/v2\/product"}],"about":[{"href":"https:\/\/whitelip.com\/cs\/wp-json\/wp\/v2\/types\/product"}],"replies":[{"embeddable":true,"href":"https:\/\/whitelip.com\/cs\/wp-json\/wp\/v2\/comments?post=34953"}],"wp:featuredmedia":[{"embeddable":true,"href":"https:\/\/whitelip.com\/cs\/wp-json\/wp\/v2\/media\/34957"}],"wp:attachment":[{"href":"https:\/\/whitelip.com\/cs\/wp-json\/wp\/v2\/media?parent=34953"}],"wp:term":[{"taxonomy":"product_brand","embeddable":true,"href":"https:\/\/whitelip.com\/cs\/wp-json\/wp\/v2\/product_brand?post=34953"},{"taxonomy":"product_cat","embeddable":true,"href":"https:\/\/whitelip.com\/cs\/wp-json\/wp\/v2\/product_cat?post=34953"},{"taxonomy":"product_tag","embeddable":true,"href":"https:\/\/whitelip.com\/cs\/wp-json\/wp\/v2\/product_tag?post=34953"},{"taxonomy":"flavours","embeddable":true,"href":"https:\/\/whitelip.com\/cs\/wp-json\/wp\/v2\/flavours?post=34953"},{"taxonomy":"format","embeddable":true,"href":"https:\/\/whitelip.com\/cs\/wp-json\/wp\/v2\/format?post=34953"},{"taxonomy":"nicotine","embeddable":true,"href":"https:\/\/whitelip.com\/cs\/wp-json\/wp\/v2\/nicotine?post=34953"}],"curies":[{"name":"wp","href":"https:\/\/api.w.org\/{rel}","templated":true}]}}