{"id":34946,"date":"2025-11-21T15:21:43","date_gmt":"2025-11-21T15:21:43","guid":{"rendered":"https:\/\/whitelip.com\/?post_type=product&#038;p=34946"},"modified":"2026-05-07T10:11:40","modified_gmt":"2026-05-07T10:11:40","slug":"cafero-vanilla-latte-caffeine","status":"publish","type":"product","link":"https:\/\/whitelip.com\/cs\/cafero-caffeine-pouches\/cafero-vanilla-latte-caffeine\/","title":{"rendered":"Cafero Vanilla Latte s kofeinem"},"content":{"rendered":"<p data-start=\"204\" data-end=\"466\">Cafero Vanilla Latte p\u0159in\u00e1\u0161\u00ed jemn\u00fd a kr\u00e9mov\u00fd k\u00e1vov\u00fd z\u00e1\u017eitek v praktick\u00e9m s\u00e1\u010dkov\u00e9m form\u00e1tu. Ka\u017ed\u00e1 plechovka obsahuje 20 celob\u00edl\u00fdch s\u00e1\u010dk\u016f, kter\u00e9 kombinuj\u00ed chu\u0165 jemn\u011b pra\u017een\u00e9 k\u00e1vy s jemn\u00fdm n\u00e1dechem vanilky a vytv\u00e1\u0159ej\u00ed vyv\u00e1\u017een\u00fd a uspokojiv\u00fd chu\u0165ov\u00fd profil.<\/p>\n<p data-start=\"468\" data-end=\"790\">Ka\u017ed\u00fd s\u00e1\u010dek obsahuje 80 mg \u010dist\u00e9ho kofeinu, co\u017e je stejn\u00e9 mno\u017estv\u00ed jako v b\u011b\u017en\u00e9m \u0161\u00e1lku k\u00e1vy. D\u00edky nulov\u00e9mu obsahu cukru, nulov\u00e9mu obsahu kalori\u00ed a \u017e\u00e1dn\u00fdm p\u0159\u00eddatn\u00fdm l\u00e1tk\u00e1m nab\u00edz\u00ed Cafero Vanilla Latte \u010dist\u00fd a \u00fa\u010dinn\u00fd zp\u016fsob, jak zv\u00fd\u0161it soust\u0159ed\u011bn\u00ed, bd\u011blost a energii, kdykoli to pot\u0159ebujete - bez pit\u00ed k\u00e1vy nebo konzumace zbyte\u010dn\u00fdch p\u0159\u00edsad.<\/p>\n<table>\n<tbody>\n<tr>\n<td><b>Atribut<\/b><\/td>\n<td><b>Podrobnosti na<\/b><\/td>\n<\/tr>\n<tr>\n<td><b>Zna\u010dka<\/b><\/td>\n<td>Cafero<\/td>\n<\/tr>\n<tr>\n<td><b>Typ v\u00fdrobku<\/b><\/td>\n<td><span style=\"font-weight: 400;\">V\u0161echny b\u00edl\u00e9 nikotinov\u00e9 s\u00e1\u010dky<\/span><\/td>\n<\/tr>\n<tr>\n<td><b>Form\u00e1t<\/b><\/td>\n<td>Slim<\/td>\n<\/tr>\n<tr>\n<td><b>P\u0159\u00edchu\u0165<\/b><\/td>\n<td>Vanilkov\u00e9 latt\u00e9<\/td>\n<\/tr>\n<tr>\n<td><b>S\u00edla kofeinu<\/b><\/td>\n<td>80 mg<\/td>\n<\/tr>\n<tr>\n<td><b>Hmotnost porce<\/b><\/td>\n<td><span style=\"font-weight: 400;\">0,65 gramu<\/span><\/td>\n<\/tr>\n<tr>\n<td><b>Po\u010det porc\u00ed<\/b><\/td>\n<td><span style=\"font-weight: 400;\">20 za plechovku<\/span><\/td>\n<\/tr>\n<tr>\n<td><b>Celkov\u00e1 hmotnost plechovky<\/b><\/td>\n<td><span style=\"font-weight: 400;\">13 gram\u016f<\/span><\/td>\n<\/tr>\n<tr>\n<td><b>V\u00fdrobce<\/b><\/td>\n<td><span style=\"font-weight: 400;\">Luna corporate<\/span><\/td>\n<\/tr>\n<tr>\n<td><b>Pozoruhodn\u00e9 funkce<\/b><\/td>\n<td><span style=\"font-weight: 400;\">Bez tab\u00e1ku, tenk\u00fd form\u00e1t<\/span><\/td>\n<\/tr>\n<\/tbody>\n<\/table>","protected":false},"excerpt":{"rendered":"<p data-start=\"1185\" data-end=\"1369\">Cafero Vanilla Latte p\u0159in\u00e1\u0161\u00ed jemnou k\u00e1vovou chu\u0165 s n\u00e1dechem vanilky. <strong data-start=\"1309\" data-end=\"1323\">tenk\u00e9 pouzdro<\/strong> obsahuj\u00edc\u00ed <strong data-start=\"1335\" data-end=\"1363\">80 mg kofeinu v jednom s\u00e1\u010dku<\/strong>. Bez cukru, bez kalori\u00ed, diskr\u00e9tn\u00ed a pohodln\u00e9.<\/p>","protected":false},"featured_media":34950,"comment_status":"open","ping_status":"closed","template":"","format":[206],"meta":{"_acf_changed":false},"product_brand":[],"product_cat":[266],"product_tag":[],"flavours":[192],"nicotine":[243],"class_list":{"0":"post-34946","1":"product","2":"type-product","3":"status-publish","4":"has-post-thumbnail","6":"product_cat-cafero-caffeine-pouches","7":"pa_quantity-1-pack","8":"pa_quantity-10-pack","9":"pa_quantity-3-pack","10":"pa_quantity-30-pack","11":"pa_quantity-5-pack","12":"pa_quantity-60-pack","13":"flavours-coffee","14":"format-slim","15":"nicotine-caffeine","17":"first","18":"instock","19":"taxable","20":"shipping-taxable","21":"purchasable","22":"product-type-variable"},"acf":[],"_links":{"self":[{"href":"https:\/\/whitelip.com\/cs\/wp-json\/wp\/v2\/product\/34946","targetHints":{"allow":["GET"]}}],"collection":[{"href":"https:\/\/whitelip.com\/cs\/wp-json\/wp\/v2\/product"}],"about":[{"href":"https:\/\/whitelip.com\/cs\/wp-json\/wp\/v2\/types\/product"}],"replies":[{"embeddable":true,"href":"https:\/\/whitelip.com\/cs\/wp-json\/wp\/v2\/comments?post=34946"}],"wp:featuredmedia":[{"embeddable":true,"href":"https:\/\/whitelip.com\/cs\/wp-json\/wp\/v2\/media\/34950"}],"wp:attachment":[{"href":"https:\/\/whitelip.com\/cs\/wp-json\/wp\/v2\/media?parent=34946"}],"wp:term":[{"taxonomy":"product_brand","embeddable":true,"href":"https:\/\/whitelip.com\/cs\/wp-json\/wp\/v2\/product_brand?post=34946"},{"taxonomy":"product_cat","embeddable":true,"href":"https:\/\/whitelip.com\/cs\/wp-json\/wp\/v2\/product_cat?post=34946"},{"taxonomy":"product_tag","embeddable":true,"href":"https:\/\/whitelip.com\/cs\/wp-json\/wp\/v2\/product_tag?post=34946"},{"taxonomy":"flavours","embeddable":true,"href":"https:\/\/whitelip.com\/cs\/wp-json\/wp\/v2\/flavours?post=34946"},{"taxonomy":"format","embeddable":true,"href":"https:\/\/whitelip.com\/cs\/wp-json\/wp\/v2\/format?post=34946"},{"taxonomy":"nicotine","embeddable":true,"href":"https:\/\/whitelip.com\/cs\/wp-json\/wp\/v2\/nicotine?post=34946"}],"curies":[{"name":"wp","href":"https:\/\/api.w.org\/{rel}","templated":true}]}}