{"id":34941,"date":"2025-11-21T15:18:30","date_gmt":"2025-11-21T15:18:30","guid":{"rendered":"https:\/\/whitelip.com\/?post_type=product&#038;p=34941"},"modified":"2026-05-07T10:11:40","modified_gmt":"2026-05-07T10:11:40","slug":"cafero-americano-caffeine","status":"publish","type":"product","link":"https:\/\/whitelip.com\/cs\/cafero-caffeine-pouches\/cafero-americano-caffeine\/","title":{"rendered":"Cafero Americano Kofein"},"content":{"rendered":"<p data-start=\"211\" data-end=\"494\">Cafero Americano nab\u00edz\u00ed v\u00fdraznou a autentickou chu\u0165 klasick\u00e9 \u010dern\u00e9 k\u00e1vy v \u010dist\u00e9m a praktick\u00e9m s\u00e1\u010dkov\u00e9m form\u00e1tu. Ka\u017ed\u00e1 plechovka obsahuje 20 celob\u00edl\u00fdch s\u00e1\u010dk\u016f s p\u0159\u00edchut\u00ed hluboce pra\u017een\u00e9ho profilu Americano, kter\u00fd p\u0159in\u00e1\u0161\u00ed \u010dist\u00fd charakter k\u00e1vy bez cukru, kalori\u00ed a p\u0159idan\u00fdch p\u0159\u00edsad.<\/p>\n<p data-start=\"496\" data-end=\"839\">Ka\u017ed\u00fd s\u00e1\u010dek obsahuje 80 mg \u010dist\u00e9ho kofeinu, co\u017e odpov\u00edd\u00e1 jednomu standardn\u00edmu \u0161\u00e1lku k\u00e1vy, a poskytne v\u00e1m tak rychlou a spolehlivou d\u00e1vku, kdykoli pot\u0159ebujete zv\u00fd\u0161it soust\u0159ed\u011bn\u00ed, energii nebo du\u0161evn\u00ed jasnost. Cafero Americano s nulov\u00fdm obsahem cukru, nulov\u00fdm obsahem kalori\u00ed, zcela bez nikotinu a bez tab\u00e1ku p\u0159edstavuje modern\u00ed a diskr\u00e9tn\u00ed zp\u016fsob, jak si udr\u017eet bd\u011blost po cel\u00fd den.<\/p>\n<table>\n<tbody>\n<tr>\n<td><b>Atribut<\/b><\/td>\n<td><b>Podrobnosti na<\/b><\/td>\n<\/tr>\n<tr>\n<td><b>Zna\u010dka<\/b><\/td>\n<td>Cafero<\/td>\n<\/tr>\n<tr>\n<td><b>Typ v\u00fdrobku<\/b><\/td>\n<td><span style=\"font-weight: 400;\">V\u0161echny b\u00edl\u00e9 nikotinov\u00e9 s\u00e1\u010dky<\/span><\/td>\n<\/tr>\n<tr>\n<td><b>Form\u00e1t<\/b><\/td>\n<td>Slim<\/td>\n<\/tr>\n<tr>\n<td><b>P\u0159\u00edchu\u0165<\/b><\/td>\n<td>Americano<\/td>\n<\/tr>\n<tr>\n<td><b>S\u00edla kofeinu<\/b><\/td>\n<td>80 mg<\/td>\n<\/tr>\n<tr>\n<td><b>Hmotnost porce<\/b><\/td>\n<td><span style=\"font-weight: 400;\">0,65 gramu<\/span><\/td>\n<\/tr>\n<tr>\n<td><b>Po\u010det porc\u00ed<\/b><\/td>\n<td><span style=\"font-weight: 400;\">20 za plechovku<\/span><\/td>\n<\/tr>\n<tr>\n<td><b>Celkov\u00e1 hmotnost plechovky<\/b><\/td>\n<td><span style=\"font-weight: 400;\">13 gram\u016f<\/span><\/td>\n<\/tr>\n<tr>\n<td><b>V\u00fdrobce<\/b><\/td>\n<td><span style=\"font-weight: 400;\">Luna corporate<\/span><\/td>\n<\/tr>\n<tr>\n<td><b>Pozoruhodn\u00e9 funkce<\/b><\/td>\n<td><span style=\"font-weight: 400;\">Bez tab\u00e1ku, tenk\u00fd form\u00e1t<\/span><\/td>\n<\/tr>\n<\/tbody>\n<\/table>","protected":false},"excerpt":{"rendered":"<p data-start=\"1185\" data-end=\"1369\">Cafero Americano p\u0159in\u00e1\u0161\u00ed <strong data-start=\"1211\" data-end=\"1242\">klasick\u00e1 p\u0159\u00edchu\u0165 \u010dern\u00e9 k\u00e1vy<\/strong> v a <strong data-start=\"1248\" data-end=\"1262\">tenk\u00e9 pouzdro<\/strong> s <strong data-start=\"1268\" data-end=\"1296\">80 mg kofeinu v jednom s\u00e1\u010dku<\/strong>. \u010cist\u00e1 energetick\u00e1 d\u00e1vka bez cukru a kalori\u00ed v diskr\u00e9tn\u00edm form\u00e1tu.<\/p>","protected":false},"featured_media":34945,"comment_status":"open","ping_status":"closed","template":"","format":[206],"meta":{"_acf_changed":false},"product_brand":[],"product_cat":[266],"product_tag":[],"flavours":[192],"nicotine":[243],"class_list":{"0":"post-34941","1":"product","2":"type-product","3":"status-publish","4":"has-post-thumbnail","6":"product_cat-cafero-caffeine-pouches","7":"pa_quantity-1-pack","8":"pa_quantity-10-pack","9":"pa_quantity-3-pack","10":"pa_quantity-30-pack","11":"pa_quantity-5-pack","12":"pa_quantity-60-pack","13":"flavours-coffee","14":"format-slim","15":"nicotine-caffeine","17":"first","18":"instock","19":"taxable","20":"shipping-taxable","21":"purchasable","22":"product-type-variable"},"acf":[],"_links":{"self":[{"href":"https:\/\/whitelip.com\/cs\/wp-json\/wp\/v2\/product\/34941","targetHints":{"allow":["GET"]}}],"collection":[{"href":"https:\/\/whitelip.com\/cs\/wp-json\/wp\/v2\/product"}],"about":[{"href":"https:\/\/whitelip.com\/cs\/wp-json\/wp\/v2\/types\/product"}],"replies":[{"embeddable":true,"href":"https:\/\/whitelip.com\/cs\/wp-json\/wp\/v2\/comments?post=34941"}],"wp:featuredmedia":[{"embeddable":true,"href":"https:\/\/whitelip.com\/cs\/wp-json\/wp\/v2\/media\/34945"}],"wp:attachment":[{"href":"https:\/\/whitelip.com\/cs\/wp-json\/wp\/v2\/media?parent=34941"}],"wp:term":[{"taxonomy":"product_brand","embeddable":true,"href":"https:\/\/whitelip.com\/cs\/wp-json\/wp\/v2\/product_brand?post=34941"},{"taxonomy":"product_cat","embeddable":true,"href":"https:\/\/whitelip.com\/cs\/wp-json\/wp\/v2\/product_cat?post=34941"},{"taxonomy":"product_tag","embeddable":true,"href":"https:\/\/whitelip.com\/cs\/wp-json\/wp\/v2\/product_tag?post=34941"},{"taxonomy":"flavours","embeddable":true,"href":"https:\/\/whitelip.com\/cs\/wp-json\/wp\/v2\/flavours?post=34941"},{"taxonomy":"format","embeddable":true,"href":"https:\/\/whitelip.com\/cs\/wp-json\/wp\/v2\/format?post=34941"},{"taxonomy":"nicotine","embeddable":true,"href":"https:\/\/whitelip.com\/cs\/wp-json\/wp\/v2\/nicotine?post=34941"}],"curies":[{"name":"wp","href":"https:\/\/api.w.org\/{rel}","templated":true}]}}