{"id":34910,"date":"2025-11-21T14:23:13","date_gmt":"2025-11-21T14:23:13","guid":{"rendered":"https:\/\/whitelip.com\/?post_type=product&#038;p=34910"},"modified":"2026-05-06T10:11:39","modified_gmt":"2026-05-06T10:11:39","slug":"nor-peppermint-slim","status":"publish","type":"product","link":"https:\/\/whitelip.com\/cs\/nor\/nor-peppermint-slim\/","title":{"rendered":"NOR Peppermint Slim"},"content":{"rendered":"<p data-start=\"189\" data-end=\"604\">NOR Peppermint Slim p\u0159in\u00e1\u0161\u00ed \u010dist\u00fd a chladiv\u00fd z\u00e1\u017eitek z m\u00e1ty peprn\u00e9 v diskr\u00e9tn\u00edm, tenk\u00e9m b\u00edl\u00e9m form\u00e1tu. Ka\u017ed\u00fd s\u00e1\u010dek obsahuje 12 mg nikotinu, co\u017e odpov\u00edd\u00e1 16 mg na gram, \u010d\u00edm\u017e se \u0159ad\u00ed do kategorie siln\u00fdch cigaret a je vhodn\u00fd pro u\u017eivatele, kte\u0159\u00ed d\u00e1vaj\u00ed p\u0159ednost v\u00fdrazn\u011bj\u0161\u00edmu uvol\u0148ov\u00e1n\u00ed nikotinu. S\u00e1\u010dky vyr\u00e1b\u011bn\u00e9 spole\u010dnost\u00ed NOR jsou vyvinuty pro konzistentn\u00ed chu\u0165, minim\u00e1ln\u00ed odkap\u00e1v\u00e1n\u00ed a stabiln\u00ed vlhkost po celou dobu pou\u017e\u00edv\u00e1n\u00ed.<\/p>\n<p data-start=\"606\" data-end=\"939\">Profil m\u00e1ty peprn\u00e9 je sv\u011b\u017e\u00ed a osv\u011b\u017euj\u00edc\u00ed, nab\u00edz\u00ed st\u00e1l\u00fd chladiv\u00fd pocit, kter\u00fd z\u016fst\u00e1v\u00e1 po ur\u010ditou dobu vyv\u00e1\u017een\u00fd. Tenk\u00fd design zaji\u0161\u0165uje pohodln\u00e9 ulo\u017een\u00ed pod rty a umo\u017e\u0148uje, aby s\u00e1\u010dek z\u016fstal diskr\u00e9tn\u00ed ve v\u0161ech prost\u0159ed\u00edch. Jeliko\u017e se jedn\u00e1 o zcela b\u00edl\u00fd nikotinov\u00fd s\u00e1\u010dek bez tab\u00e1ku, v\u00fdrobek se vyh\u00fdb\u00e1 \u0161pin\u011bn\u00ed a zachov\u00e1v\u00e1 si \u010dist\u00fd povrch.<\/p>\n<table>\n<tbody>\n<tr>\n<td><b>Atribut<\/b><\/td>\n<td><b>Podrobnosti na<\/b><\/td>\n<\/tr>\n<tr>\n<td><b>Zna\u010dka<\/b><\/td>\n<td>NOR<\/td>\n<\/tr>\n<tr>\n<td><b>Typ v\u00fdrobku<\/b><\/td>\n<td><span style=\"font-weight: 400;\">V\u0161echny b\u00edl\u00e9 nikotinov\u00e9 s\u00e1\u010dky<\/span><\/td>\n<\/tr>\n<tr>\n<td><b>Form\u00e1t<\/b><\/td>\n<td>Slim<\/td>\n<\/tr>\n<tr>\n<td><b>P\u0159\u00edchu\u0165<\/b><\/td>\n<td>M\u00e1ta peprn\u00e1<\/td>\n<\/tr>\n<tr>\n<td><b>S\u00edla nikotinu<\/b><\/td>\n<td><span style=\"font-weight: 400;\">12 mg na s\u00e1\u010dek (16 mg\/g)<\/span><\/td>\n<\/tr>\n<tr>\n<td><b>Hmotnost porce<\/b><\/td>\n<td><span style=\"font-weight: 400;\">0,74 gram\u016f<\/span><\/td>\n<\/tr>\n<tr>\n<td><b>Po\u010det porc\u00ed<\/b><\/td>\n<td><span style=\"font-weight: 400;\">21 za plechovku<\/span><\/td>\n<\/tr>\n<tr>\n<td><b>Celkov\u00e1 hmotnost plechovky<\/b><\/td>\n<td><span style=\"font-weight: 400;\">15,5 gram\u016f<\/span><\/td>\n<\/tr>\n<tr>\n<td><b>V\u00fdrobce<\/b><\/td>\n<td>NOR<\/td>\n<\/tr>\n<tr>\n<td><b>Pozoruhodn\u00e9 funkce<\/b><\/td>\n<td><span style=\"font-weight: 400;\">Bez tab\u00e1ku, tenk\u00fd form\u00e1t, sladk\u00e1 a kysel\u00e1 p\u0159\u00edchu\u0165 \u010dern\u00e9 t\u0159e\u0161n\u011b<\/span><\/td>\n<\/tr>\n<\/tbody>\n<\/table>","protected":false},"excerpt":{"rendered":"<p data-start=\"1227\" data-end=\"1357\">NOR Peppermint Slim s <strong data-start=\"1350\" data-end=\"1364\">m\u00e1ta peprn\u00e1<\/strong>, <strong data-start=\"1366\" data-end=\"1394\">12 mg nikotinu v jednom s\u00e1\u010dku<\/strong> a <strong data-start=\"1399\" data-end=\"1407\">slim<\/strong> Form\u00e1t poskytuje siln\u00fd a chladiv\u00fd z\u00e1\u017eitek v b\u00edl\u00e9 barv\u011b.<\/p>","protected":false},"featured_media":34983,"comment_status":"open","ping_status":"closed","template":"","format":[206],"meta":{"_acf_changed":false},"product_brand":[],"product_cat":[265],"product_tag":[16561],"flavours":[199],"nicotine":[213,232],"class_list":{"0":"post-34910","1":"product","2":"type-product","3":"status-publish","4":"has-post-thumbnail","6":"product_cat-nor","7":"product_tag-12-mg-pouch","8":"pa_quantity-1-pack","9":"pa_quantity-10-pack","10":"pa_quantity-3-pack","11":"pa_quantity-30-pack","12":"pa_quantity-5-pack","13":"flavours-mint","14":"format-slim","15":"nicotine-16-mg-g","16":"nicotine-extra-strong","18":"first","19":"outofstock","20":"sale","21":"taxable","22":"shipping-taxable","23":"purchasable","24":"product-type-variable"},"acf":[],"_links":{"self":[{"href":"https:\/\/whitelip.com\/cs\/wp-json\/wp\/v2\/product\/34910","targetHints":{"allow":["GET"]}}],"collection":[{"href":"https:\/\/whitelip.com\/cs\/wp-json\/wp\/v2\/product"}],"about":[{"href":"https:\/\/whitelip.com\/cs\/wp-json\/wp\/v2\/types\/product"}],"replies":[{"embeddable":true,"href":"https:\/\/whitelip.com\/cs\/wp-json\/wp\/v2\/comments?post=34910"}],"wp:featuredmedia":[{"embeddable":true,"href":"https:\/\/whitelip.com\/cs\/wp-json\/wp\/v2\/media\/34983"}],"wp:attachment":[{"href":"https:\/\/whitelip.com\/cs\/wp-json\/wp\/v2\/media?parent=34910"}],"wp:term":[{"taxonomy":"product_brand","embeddable":true,"href":"https:\/\/whitelip.com\/cs\/wp-json\/wp\/v2\/product_brand?post=34910"},{"taxonomy":"product_cat","embeddable":true,"href":"https:\/\/whitelip.com\/cs\/wp-json\/wp\/v2\/product_cat?post=34910"},{"taxonomy":"product_tag","embeddable":true,"href":"https:\/\/whitelip.com\/cs\/wp-json\/wp\/v2\/product_tag?post=34910"},{"taxonomy":"flavours","embeddable":true,"href":"https:\/\/whitelip.com\/cs\/wp-json\/wp\/v2\/flavours?post=34910"},{"taxonomy":"format","embeddable":true,"href":"https:\/\/whitelip.com\/cs\/wp-json\/wp\/v2\/format?post=34910"},{"taxonomy":"nicotine","embeddable":true,"href":"https:\/\/whitelip.com\/cs\/wp-json\/wp\/v2\/nicotine?post=34910"}],"curies":[{"name":"wp","href":"https:\/\/api.w.org\/{rel}","templated":true}]}}