{"id":34896,"date":"2025-11-21T13:48:20","date_gmt":"2025-11-21T13:48:20","guid":{"rendered":"https:\/\/whitelip.com\/?post_type=product&#038;p=34896"},"modified":"2026-05-06T10:11:28","modified_gmt":"2026-05-06T10:11:28","slug":"nor-mint-slim","status":"publish","type":"product","link":"https:\/\/whitelip.com\/cs\/nor\/nor-mint-slim\/","title":{"rendered":"NOR Mint Slim"},"content":{"rendered":"<p data-start=\"345\" data-end=\"694\">NOR Mint Slim p\u0159in\u00e1\u0161\u00ed \u010dist\u00fd a osv\u011b\u017euj\u00edc\u00ed m\u00e1tov\u00fd profil ve \u0161t\u00edhl\u00e9m b\u00edl\u00e9m form\u00e1tu. Ka\u017ed\u00fd s\u00e1\u010dek obsahuje 6 mg nikotinu, co\u017e odpov\u00edd\u00e1 8 mg na gram, a nab\u00edz\u00ed tak st\u0159edn\u00ed s\u00edlu, kter\u00e1 je vyv\u00e1\u017een\u00e1 a vhodn\u00e1 pro ka\u017edodenn\u00ed pou\u017eit\u00ed. S\u00e1\u010dky vyr\u00e1b\u011bn\u00e9 spole\u010dnost\u00ed NOR jsou navr\u017eeny tak, aby byla zaji\u0161t\u011bna konzistence chuti, vlhkosti a uvol\u0148ov\u00e1n\u00ed nikotinu.<\/p>\n<p data-start=\"696\" data-end=\"921\">Tenk\u00fd form\u00e1t zaji\u0161\u0165uje diskr\u00e9tn\u00ed a pohodln\u00e9 no\u0161en\u00ed pod rtem. M\u00e1tov\u00e1 chu\u0165 je chladiv\u00e1, jemn\u00e1 a st\u00e1l\u00e1 po celou dobu z\u00e1\u017eitku. Jeliko\u017e se jedn\u00e1 o zcela b\u00edl\u00fd v\u00fdrobek bez tab\u00e1ku, zabra\u0148uje vzniku skvrn a poskytuje \u010dist\u00fd povrch.<\/p>\n<table>\n<tbody>\n<tr>\n<td><b>Atribut<\/b><\/td>\n<td><b>Podrobnosti na<\/b><\/td>\n<\/tr>\n<tr>\n<td><b>Zna\u010dka<\/b><\/td>\n<td>NOR<\/td>\n<\/tr>\n<tr>\n<td><b>Typ v\u00fdrobku<\/b><\/td>\n<td><span style=\"font-weight: 400;\">V\u0161echny b\u00edl\u00e9 nikotinov\u00e9 s\u00e1\u010dky<\/span><\/td>\n<\/tr>\n<tr>\n<td><b>Form\u00e1t<\/b><\/td>\n<td>Slim<\/td>\n<\/tr>\n<tr>\n<td><b>P\u0159\u00edchu\u0165<\/b><\/td>\n<td>M\u00e1tov\u00fd<\/td>\n<\/tr>\n<tr>\n<td><b>S\u00edla nikotinu<\/b><\/td>\n<td><span style=\"font-weight: 400;\">6 mg na s\u00e1\u010dek (8 mg\/g)<\/span><\/td>\n<\/tr>\n<tr>\n<td><b>Hmotnost porce<\/b><\/td>\n<td><span style=\"font-weight: 400;\">0,74 gram\u016f<\/span><\/td>\n<\/tr>\n<tr>\n<td><b>Po\u010det porc\u00ed<\/b><\/td>\n<td><span style=\"font-weight: 400;\">21 za plechovku<\/span><\/td>\n<\/tr>\n<tr>\n<td><b>Celkov\u00e1 hmotnost plechovky<\/b><\/td>\n<td><span style=\"font-weight: 400;\">15,5 gram\u016f<\/span><\/td>\n<\/tr>\n<tr>\n<td><b>V\u00fdrobce<\/b><\/td>\n<td>NOR<\/td>\n<\/tr>\n<tr>\n<td><b>Pozoruhodn\u00e9 funkce<\/b><\/td>\n<td><span style=\"font-weight: 400;\">Bez tab\u00e1ku, tenk\u00fd form\u00e1t, sladk\u00e1 a kysel\u00e1 p\u0159\u00edchu\u0165 \u010dern\u00e9 t\u0159e\u0161n\u011b<\/span><\/td>\n<\/tr>\n<\/tbody>\n<\/table>","protected":false},"excerpt":{"rendered":"<p data-start=\"1227\" data-end=\"1357\">NOR Mint Slim s <strong data-start=\"1246\" data-end=\"1254\">m\u00e1ta<\/strong>, <strong data-start=\"1256\" data-end=\"1283\">6 mg nikotinu v jednom s\u00e1\u010dku<\/strong> a <strong data-start=\"1288\" data-end=\"1296\">slim<\/strong> poskytuje \u010dist\u00fd a osv\u011b\u017euj\u00edc\u00ed z\u00e1\u017eitek z b\u00edl\u00e9 barvy.<\/p>","protected":false},"featured_media":34982,"comment_status":"open","ping_status":"closed","template":"","format":[206],"meta":{"_acf_changed":false},"product_brand":[],"product_cat":[265],"product_tag":[16445,16559],"flavours":[199],"nicotine":[230,236],"class_list":{"0":"post-34896","1":"product","2":"type-product","3":"status-publish","4":"has-post-thumbnail","6":"product_cat-nor","7":"product_tag-20-off","8":"product_tag-6-mg-pouch","9":"pa_quantity-1-pack","10":"pa_quantity-10-pack","11":"pa_quantity-3-pack","12":"pa_quantity-30-pack","13":"pa_quantity-5-pack","14":"pa_quantity-60-pack","15":"flavours-mint","16":"format-slim","17":"nicotine-8-mg-g","18":"nicotine-strong","20":"first","21":"instock","22":"sale","23":"taxable","24":"shipping-taxable","25":"purchasable","26":"product-type-variable"},"acf":[],"_links":{"self":[{"href":"https:\/\/whitelip.com\/cs\/wp-json\/wp\/v2\/product\/34896","targetHints":{"allow":["GET"]}}],"collection":[{"href":"https:\/\/whitelip.com\/cs\/wp-json\/wp\/v2\/product"}],"about":[{"href":"https:\/\/whitelip.com\/cs\/wp-json\/wp\/v2\/types\/product"}],"replies":[{"embeddable":true,"href":"https:\/\/whitelip.com\/cs\/wp-json\/wp\/v2\/comments?post=34896"}],"wp:featuredmedia":[{"embeddable":true,"href":"https:\/\/whitelip.com\/cs\/wp-json\/wp\/v2\/media\/34982"}],"wp:attachment":[{"href":"https:\/\/whitelip.com\/cs\/wp-json\/wp\/v2\/media?parent=34896"}],"wp:term":[{"taxonomy":"product_brand","embeddable":true,"href":"https:\/\/whitelip.com\/cs\/wp-json\/wp\/v2\/product_brand?post=34896"},{"taxonomy":"product_cat","embeddable":true,"href":"https:\/\/whitelip.com\/cs\/wp-json\/wp\/v2\/product_cat?post=34896"},{"taxonomy":"product_tag","embeddable":true,"href":"https:\/\/whitelip.com\/cs\/wp-json\/wp\/v2\/product_tag?post=34896"},{"taxonomy":"flavours","embeddable":true,"href":"https:\/\/whitelip.com\/cs\/wp-json\/wp\/v2\/flavours?post=34896"},{"taxonomy":"format","embeddable":true,"href":"https:\/\/whitelip.com\/cs\/wp-json\/wp\/v2\/format?post=34896"},{"taxonomy":"nicotine","embeddable":true,"href":"https:\/\/whitelip.com\/cs\/wp-json\/wp\/v2\/nicotine?post=34896"}],"curies":[{"name":"wp","href":"https:\/\/api.w.org\/{rel}","templated":true}]}}