{"id":34867,"date":"2025-11-21T11:53:10","date_gmt":"2025-11-21T11:53:10","guid":{"rendered":"https:\/\/whitelip.com\/?post_type=product&#038;p=34867"},"modified":"2026-04-18T04:48:32","modified_gmt":"2026-04-18T04:48:32","slug":"zyn-black-cherry-prime-6mg","status":"publish","type":"product","link":"https:\/\/whitelip.com\/cs\/zyn\/zyn-black-cherry-prime-6mg\/","title":{"rendered":"ZYN Black Cherry Prime 6mg"},"content":{"rendered":"<p data-start=\"262\" data-end=\"597\">ZYN Black Cherry Prime 6 mg p\u0159in\u00e1\u0161\u00ed bohat\u0161\u00ed a v\u00fdrazn\u011bj\u0161\u00ed nikotinov\u00fd z\u00e1\u017eitek p\u0159i zachov\u00e1n\u00ed hladk\u00e9ho ovocn\u00e9ho profilu, kter\u00fd definuje \u0159adu Black Cherry Prime. P\u0159\u00edchu\u0165 kombinuje \u0161\u0165avnat\u00e9 \u010dern\u00e9 t\u0159e\u0161n\u011b s p\u0159irozenou sladkost\u00ed a m\u00edrn\u011b trpk\u00fdm n\u00e1dechem, co\u017e vytv\u00e1\u0159\u00ed vyv\u00e1\u017eenou a uspokojivou chu\u0165, kter\u00e1 se hod\u00ed pro ka\u017edodenn\u00ed pou\u017eit\u00ed.<\/p>\n<p data-start=\"599\" data-end=\"913\">Ka\u017ed\u00fd tenk\u00fd mini s\u00e1\u010dek obsahuje 6 mg nikotinu a nab\u00edz\u00ed st\u0159edn\u00ed s\u00edlu p\u0159izp\u016fsobenou u\u017eivatel\u016fm, kte\u0159\u00ed cht\u011bj\u00ed znateln\u011bj\u0161\u00ed nakopnut\u00ed ne\u017e leh\u010d\u00ed varianty, ale p\u0159esto d\u00e1vaj\u00ed p\u0159ednost kontrolovan\u00e9mu a plynul\u00e9mu uvol\u0148ov\u00e1n\u00ed. Zcela b\u00edl\u00fd form\u00e1t bez tab\u00e1ku zaji\u0161\u0165uje \u010dist\u00fd z\u00e1\u017eitek bez pot\u0159\u00edsn\u011bn\u00ed a p\u0159etrv\u00e1vaj\u00edc\u00edho z\u00e1pachu.<\/p>\n<table>\n<tbody>\n<tr>\n<td><b>Atribut<\/b><\/td>\n<td><b>Podrobnosti na<\/b><\/td>\n<\/tr>\n<tr>\n<td><b>Zna\u010dka<\/b><\/td>\n<td><span style=\"font-weight: 400;\">ZYN<\/span><\/td>\n<\/tr>\n<tr>\n<td><b>Typ v\u00fdrobku<\/b><\/td>\n<td><span style=\"font-weight: 400;\">V\u0161echny b\u00edl\u00e9 nikotinov\u00e9 s\u00e1\u010dky<\/span><\/td>\n<\/tr>\n<tr>\n<td><b>Form\u00e1t<\/b><\/td>\n<td>Mini<\/td>\n<\/tr>\n<tr>\n<td><b>P\u0159\u00edchu\u0165<\/b><\/td>\n<td><span style=\"font-weight: 400;\">\u010cern\u00e1 t\u0159e\u0161e\u0148<\/span><\/td>\n<\/tr>\n<tr>\n<td><b>S\u00edla nikotinu<\/b><\/td>\n<td><span style=\"font-weight: 400;\">6 mg na s\u00e1\u010dek (15 mg\/g)<\/span><\/td>\n<\/tr>\n<tr>\n<td><b>Hmotnost porce<\/b><\/td>\n<td><span style=\"font-weight: 400;\">0,4 gramu<\/span><\/td>\n<\/tr>\n<tr>\n<td><b>Po\u010det porc\u00ed<\/b><\/td>\n<td><span style=\"font-weight: 400;\">15 za plechovku<\/span><\/td>\n<\/tr>\n<tr>\n<td><b>Celkov\u00e1 hmotnost plechovky<\/b><\/td>\n<td><span style=\"font-weight: 400;\">6 gram\u016f<\/span><\/td>\n<\/tr>\n<tr>\n<td><b>V\u00fdrobce<\/b><\/td>\n<td><span style=\"font-weight: 400;\">\u0160v\u00e9dsk\u00e1 z\u00e1palka<\/span><\/td>\n<\/tr>\n<tr>\n<td><b>Pozoruhodn\u00e9 funkce<\/b><\/td>\n<td><span style=\"font-weight: 400;\">Bez tab\u00e1ku, tenk\u00fd form\u00e1t, sladk\u00e1 a kysel\u00e1 p\u0159\u00edchu\u0165 \u010dern\u00e9 t\u0159e\u0161n\u011b<\/span><\/td>\n<\/tr>\n<\/tbody>\n<\/table>","protected":false},"excerpt":{"rendered":"<p data-start=\"1386\" data-end=\"1459\">P\u0159\u00edchu\u0165 \u010dern\u00e9 t\u0159e\u0161n\u011b v <strong data-start=\"1474\" data-end=\"1482\">mini<\/strong> s\u00e1\u010dek s <strong data-start=\"1494\" data-end=\"1513\">6 mg nikotinu<\/strong> v jednom s\u00e1\u010dku.<\/p>","protected":false},"featured_media":34871,"comment_status":"open","ping_status":"closed","template":"","format":[205],"meta":{"_acf_changed":false},"product_brand":[],"product_cat":[37],"product_tag":[16559],"flavours":[196],"nicotine":[212,232],"class_list":{"0":"post-34867","1":"product","2":"type-product","3":"status-publish","4":"has-post-thumbnail","6":"product_cat-zyn","7":"product_tag-6-mg-pouch","8":"pa_quantity-1-pack","9":"pa_quantity-10-pack","10":"pa_quantity-3-pack","11":"pa_quantity-30-pack","12":"pa_quantity-5-pack","13":"pa_quantity-60-pack","14":"flavours-fruits-berries","15":"format-mini","16":"nicotine-15-mg-g","17":"nicotine-extra-strong","19":"first","20":"instock","21":"taxable","22":"shipping-taxable","23":"purchasable","24":"product-type-variable"},"acf":[],"_links":{"self":[{"href":"https:\/\/whitelip.com\/cs\/wp-json\/wp\/v2\/product\/34867","targetHints":{"allow":["GET"]}}],"collection":[{"href":"https:\/\/whitelip.com\/cs\/wp-json\/wp\/v2\/product"}],"about":[{"href":"https:\/\/whitelip.com\/cs\/wp-json\/wp\/v2\/types\/product"}],"replies":[{"embeddable":true,"href":"https:\/\/whitelip.com\/cs\/wp-json\/wp\/v2\/comments?post=34867"}],"wp:featuredmedia":[{"embeddable":true,"href":"https:\/\/whitelip.com\/cs\/wp-json\/wp\/v2\/media\/34871"}],"wp:attachment":[{"href":"https:\/\/whitelip.com\/cs\/wp-json\/wp\/v2\/media?parent=34867"}],"wp:term":[{"taxonomy":"product_brand","embeddable":true,"href":"https:\/\/whitelip.com\/cs\/wp-json\/wp\/v2\/product_brand?post=34867"},{"taxonomy":"product_cat","embeddable":true,"href":"https:\/\/whitelip.com\/cs\/wp-json\/wp\/v2\/product_cat?post=34867"},{"taxonomy":"product_tag","embeddable":true,"href":"https:\/\/whitelip.com\/cs\/wp-json\/wp\/v2\/product_tag?post=34867"},{"taxonomy":"flavours","embeddable":true,"href":"https:\/\/whitelip.com\/cs\/wp-json\/wp\/v2\/flavours?post=34867"},{"taxonomy":"format","embeddable":true,"href":"https:\/\/whitelip.com\/cs\/wp-json\/wp\/v2\/format?post=34867"},{"taxonomy":"nicotine","embeddable":true,"href":"https:\/\/whitelip.com\/cs\/wp-json\/wp\/v2\/nicotine?post=34867"}],"curies":[{"name":"wp","href":"https:\/\/api.w.org\/{rel}","templated":true}]}}