{"id":34847,"date":"2025-11-21T11:15:14","date_gmt":"2025-11-21T11:15:14","guid":{"rendered":"https:\/\/whitelip.com\/?post_type=product&#038;p=34847"},"modified":"2026-05-09T10:11:16","modified_gmt":"2026-05-09T10:11:16","slug":"zyn-cactus-spice-slim","status":"publish","type":"product","link":"https:\/\/whitelip.com\/cs\/zyn\/zyn-cactus-spice-slim\/","title":{"rendered":"ZYN Cactus Spice Slim 9mg"},"content":{"rendered":"<h2>ZYN Cactus Spice Slim<\/h2>\n<p data-start=\"168\" data-end=\"659\">ZYN Cactus Spice Slim je celob\u00edl\u00fd nikotinov\u00fd s\u00e1\u010dek zna\u010dky ZYN, vyr\u00e1b\u011bn\u00fd spole\u010dnost\u00ed Swedish Match. Tento v\u00fdrobek tenk\u00e9ho form\u00e1tu je navr\u017een tak, aby byl d\u00edky sv\u00e9mu u\u017e\u0161\u00edmu, podlouhl\u00e9mu tvaru diskr\u00e9tn\u011bj\u0161\u00ed a pohodln\u011bj\u0161\u00ed pod rty. S\u00e1\u010dek neobsahuje tab\u00e1k, ale obsahuje nikotin a je klasifikov\u00e1n jako siln\u00e1 varianta. P\u0159\u00edchu\u0165 kombinuje kaktus, limetku a chilli, co\u017e vytv\u00e1\u0159\u00ed charakteristick\u00fd profil se sv\u011b\u017eest\u00ed i p\u00e1livost\u00ed. Ka\u017ed\u00e1 plechovka obsahuje 14,3 gramu v\u00fdrobku.<\/p>\n<p data-start=\"661\" data-end=\"964\">S\u00edla nikotinu je stanovena na 9 mg v jednom s\u00e1\u010dku, p\u0159i\u010dem\u017e koncentrace nikotinu je 13,22 mg\/g. D\u00edky tomu je Cactus Spice Slim S3 vhodnou volbou pro u\u017eivatele, kte\u0159\u00ed cht\u011bj\u00ed znatelnou, ale kontrolovanou \u00farove\u0148 intenzity. S 21 s\u00e1\u010dky v plechovce nab\u00edz\u00ed v\u00fdrobek rovnov\u00e1hu mezi prakti\u010dnost\u00ed a konzistenc\u00ed chuti.<\/p>\n<table>\n<tbody>\n<tr>\n<td><b>Atribut<\/b><\/td>\n<td><b>Podrobnosti na<\/b><\/td>\n<\/tr>\n<tr>\n<td><span style=\"font-weight: 400;\">Zna\u010dka<\/span><\/td>\n<td><span style=\"font-weight: 400;\">ZYN<\/span><\/td>\n<\/tr>\n<tr>\n<td><span style=\"font-weight: 400;\">Typ v\u00fdrobku<\/span><\/td>\n<td><span style=\"font-weight: 400;\">V\u0161echny b\u00edl\u00e9 nikotinov\u00e9 s\u00e1\u010dky<\/span><\/td>\n<\/tr>\n<tr>\n<td><span style=\"font-weight: 400;\">Form\u00e1t<\/span><\/td>\n<td><span style=\"font-weight: 400;\">Slim<\/span><\/td>\n<\/tr>\n<tr>\n<td><span style=\"font-weight: 400;\">P\u0159\u00edchu\u0165<\/span><\/td>\n<td><span style=\"font-weight: 400;\">Kaktus, limeta a chilli<\/span><\/td>\n<\/tr>\n<tr>\n<td><span style=\"font-weight: 400;\">S\u00edla nikotinu<\/span><\/td>\n<td><span style=\"font-weight: 400;\">9 mg na s\u00e1\u010dek (13,22 mg\/g)<\/span><\/td>\n<\/tr>\n<tr>\n<td><span style=\"font-weight: 400;\">Hmotnost porce<\/span><\/td>\n<td><span style=\"font-weight: 400;\">0,7 gramu<\/span><\/td>\n<\/tr>\n<tr>\n<td><span style=\"font-weight: 400;\">Po\u010det porc\u00ed<\/span><\/td>\n<td><span style=\"font-weight: 400;\">21 za plechovku<\/span><\/td>\n<\/tr>\n<tr>\n<td><span style=\"font-weight: 400;\">Celkov\u00e1 hmotnost plechovky<\/span><\/td>\n<td><span style=\"font-weight: 400;\">14,3 gram\u016f<\/span><\/td>\n<\/tr>\n<tr>\n<td><span style=\"font-weight: 400;\">V\u00fdrobce<\/span><\/td>\n<td><span style=\"font-weight: 400;\">\u0160v\u00e9dsk\u00e1 z\u00e1palka<\/span><\/td>\n<\/tr>\n<tr>\n<td><span style=\"font-weight: 400;\">Pozoruhodn\u00e9 funkce<\/span><\/td>\n<td><span style=\"font-weight: 400;\">Bez tab\u00e1ku, huben\u00fd form\u00e1t, intenzivn\u00ed m\u00e1ta s vysok\u00fdm obsahem nikotinu<\/span><\/td>\n<\/tr>\n<\/tbody>\n<\/table>","protected":false},"excerpt":{"rendered":"<p data-start=\"1338\" data-end=\"1443\">Sm\u011bs chut\u00ed <strong data-start=\"1354\" data-end=\"1364\">kaktusy<\/strong>, <strong data-start=\"1366\" data-end=\"1374\">limetka<\/strong>, a <strong data-start=\"1380\" data-end=\"1389\">chilli<\/strong> v tenk\u00e9m pouzd\u0159e s <strong data-start=\"1415\" data-end=\"1432\">9 mg nikotinu<\/strong> v jednom s\u00e1\u010dku.<\/p>","protected":false},"featured_media":34851,"comment_status":"open","ping_status":"closed","template":"","format":[206],"meta":{"_acf_changed":false},"product_brand":[],"product_cat":[37],"product_tag":[16563],"flavours":[187,190],"nicotine":[210,232],"class_list":{"0":"post-34847","1":"product","2":"type-product","3":"status-publish","4":"has-post-thumbnail","6":"product_cat-zyn","7":"product_tag-9-mg-pouch","8":"pa_quantity-1-pack","9":"pa_quantity-10-pack","10":"pa_quantity-3-pack","11":"pa_quantity-30-pack","12":"pa_quantity-5-pack","13":"pa_quantity-60-pack","14":"flavours-chili","15":"flavours-citrus","16":"format-slim","17":"nicotine-13-mg-g","18":"nicotine-extra-strong","20":"first","21":"instock","22":"taxable","23":"shipping-taxable","24":"purchasable","25":"product-type-variable","26":"has-default-attributes"},"acf":[],"_links":{"self":[{"href":"https:\/\/whitelip.com\/cs\/wp-json\/wp\/v2\/product\/34847","targetHints":{"allow":["GET"]}}],"collection":[{"href":"https:\/\/whitelip.com\/cs\/wp-json\/wp\/v2\/product"}],"about":[{"href":"https:\/\/whitelip.com\/cs\/wp-json\/wp\/v2\/types\/product"}],"replies":[{"embeddable":true,"href":"https:\/\/whitelip.com\/cs\/wp-json\/wp\/v2\/comments?post=34847"}],"wp:featuredmedia":[{"embeddable":true,"href":"https:\/\/whitelip.com\/cs\/wp-json\/wp\/v2\/media\/34851"}],"wp:attachment":[{"href":"https:\/\/whitelip.com\/cs\/wp-json\/wp\/v2\/media?parent=34847"}],"wp:term":[{"taxonomy":"product_brand","embeddable":true,"href":"https:\/\/whitelip.com\/cs\/wp-json\/wp\/v2\/product_brand?post=34847"},{"taxonomy":"product_cat","embeddable":true,"href":"https:\/\/whitelip.com\/cs\/wp-json\/wp\/v2\/product_cat?post=34847"},{"taxonomy":"product_tag","embeddable":true,"href":"https:\/\/whitelip.com\/cs\/wp-json\/wp\/v2\/product_tag?post=34847"},{"taxonomy":"flavours","embeddable":true,"href":"https:\/\/whitelip.com\/cs\/wp-json\/wp\/v2\/flavours?post=34847"},{"taxonomy":"format","embeddable":true,"href":"https:\/\/whitelip.com\/cs\/wp-json\/wp\/v2\/format?post=34847"},{"taxonomy":"nicotine","embeddable":true,"href":"https:\/\/whitelip.com\/cs\/wp-json\/wp\/v2\/nicotine?post=34847"}],"curies":[{"name":"wp","href":"https:\/\/api.w.org\/{rel}","templated":true}]}}