{"id":34508,"date":"2025-11-18T11:40:10","date_gmt":"2025-11-18T11:40:10","guid":{"rendered":"https:\/\/whitelip.com\/?post_type=product&#038;p=34508"},"modified":"2026-04-15T11:37:10","modified_gmt":"2026-04-15T11:37:10","slug":"kuma-wintergreen","status":"publish","type":"product","link":"https:\/\/whitelip.com\/cs\/kuma\/kuma-wintergreen\/","title":{"rendered":"KUMA Wintergreen"},"content":{"rendered":"<p data-start=\"128\" data-end=\"509\">KUMA Wintergreen p\u0159in\u00e1\u0161\u00ed sv\u011b\u017e\u00ed a chladivou sm\u011bs zimn\u00ed zelen\u011b a m\u00e1ty v tenk\u00e9m s\u00e1\u010dkov\u00e9m form\u00e1tu. Ka\u017ed\u00e1 porce je klasifikov\u00e1na jako extra siln\u00e1 a obsahuje 11 mg nikotinu, p\u0159i\u010dem\u017e obsah nikotinu je 20 mg na gram. Chu\u0165ov\u00fd profil spojuje ostrou sv\u011b\u017eest wintergreenu s \u010dist\u00fdm m\u00e1tov\u00fdm z\u00e1v\u011brem, co\u017e z n\u011bj \u010din\u00ed vhodnou volbu pro u\u017eivatele, kte\u0159\u00ed d\u00e1vaj\u00ed p\u0159ednost klasick\u00e9, chladiv\u00e9 chuti. Ka\u017ed\u00fd s\u00e1\u010dek v\u00e1\u017e\u00ed 0,55 gramu a je navr\u017een ve \u0161t\u00edhl\u00e9m tvaru pro diskr\u00e9tn\u00ed a pohodln\u00e9 ulo\u017een\u00ed pod rty. Jedna plechovka obsahuje 20 porc\u00ed o celkov\u00e9 \u010dist\u00e9 hmotnosti 11 gram\u016f, co\u017e nab\u00edz\u00ed pohodln\u00fd a p\u0159enosn\u00fd nikotinov\u00fd z\u00e1\u017eitek.<\/p>\n<p data-start=\"743\" data-end=\"1042\">KUMA je vyr\u00e1b\u011bna spole\u010dnost\u00ed Apr\u00e8s Nicotine AB ve \u0160v\u00e9dsku. Od sv\u00e9ho uveden\u00ed na trh v roce 2020 se spole\u010dnost zam\u011b\u0159uje na vytv\u00e1\u0159en\u00ed rostlinn\u00fdch nikotinov\u00fdch s\u00e1\u010dk\u016f bez tab\u00e1ku v r\u016fzn\u00fdch p\u0159\u00edchut\u00edch, sil\u00e1ch a form\u00e1tech. Odr\u016fda Wintergreen je jednou z chladiv\u00fdch, m\u00e1tov\u00fdch variant zna\u010dky v r\u00e1mci sortimentu.<\/p>\n<table>\n<tbody>\n<tr>\n<td><b>Atribut<\/b><\/td>\n<td><b>Podrobnosti na<\/b><\/td>\n<\/tr>\n<tr>\n<td><b>Obsah na plechovku<\/b><\/td>\n<td><span style=\"font-weight: 400;\">11 g (20 s\u00e1\u010dk\u016f)<\/span><\/td>\n<\/tr>\n<tr>\n<td><b>Obsah nikotinu<\/b><\/td>\n<td><span style=\"font-weight: 400;\">20 mg\/g (11 mg na s\u00e1\u010dek)<\/span><\/td>\n<\/tr>\n<tr>\n<td><b>Form\u00e1t pouzdra<\/b><\/td>\n<td><span style=\"font-weight: 400;\">Slim<\/span><\/td>\n<\/tr>\n<tr>\n<td><b>V\u00fdrobce<\/b><\/td>\n<td>Apr\u00e8s Nicotine AB<\/td>\n<\/tr>\n<tr>\n<td><b>P\u0159\u00edchu\u0165<\/b><\/td>\n<td>Zimn\u00ed zele\u0148, m\u00e1ta<\/td>\n<\/tr>\n<tr>\n<td><b>Typ<\/b><\/td>\n<td><span style=\"font-weight: 400;\">Nikotinov\u00fd s\u00e1\u010dek<\/span><\/td>\n<\/tr>\n<\/tbody>\n<\/table>","protected":false},"excerpt":{"rendered":"<article class=\"text-token-text-primary w-full focus:outline-none [--shadow-height:45px] has-data-writing-block:pointer-events-none has-data-writing-block:-mt-(--shadow-height) has-data-writing-block:pt-(--shadow-height) [&amp;:has([data-writing-block])&gt;*]:pointer-events-auto [content-visibility:auto] supports-[content-visibility:auto]:[contain-intrinsic-size:auto_100lvh] scroll-mt-[calc(var(--header-height)+min(200px,max(70px,20svh)))]\" dir=\"auto\" tabindex=\"-1\" data-turn-id=\"fc20af27-e3c5-4b02-a951-d8248900574e\" data-testid=\"conversation-turn-146\" data-scroll-anchor=\"true\" data-turn=\"assistant\">\n<div class=\"text-base my-auto mx-auto pb-10 [--thread-content-margin:--spacing(4)] thread-sm:[--thread-content-margin:--spacing(6)] thread-lg:[--thread-content-margin:--spacing(16)] px-(--thread-content-margin)\">\n<div class=\"[--thread-content-max-width:40rem] thread-lg:[--thread-content-max-width:48rem] mx-auto max-w-(--thread-content-max-width) flex-1 group\/turn-messages focus-visible:outline-hidden relative flex w-full min-w-0 flex-col agent-turn\" tabindex=\"-1\">\n<div class=\"flex max-w-full flex-col grow\">\n<div class=\"min-h-8 text-message relative flex w-full flex-col items-end gap-2 text-start break-words whitespace-normal [.text-message+&amp;]:mt-1\" dir=\"auto\" data-message-author-role=\"assistant\" data-message-id=\"62160f6d-af8e-4bdd-844f-59034b1f33e1\" data-message-model-slug=\"gpt-5-thinking\">\n<div class=\"flex w-full flex-col gap-1 empty:hidden first:pt-[1px]\">\n<div class=\"markdown prose dark:prose-invert w-full break-words dark markdown-new-styling\">\n<p data-start=\"0\" data-end=\"267\" data-is-last-node=\"\" data-is-only-node=\"\">A fresh mix of <strong data-start=\"1090\" data-end=\"1114\">wintergreen and mint<\/strong> in a <strong data-start=\"1120\" data-end=\"1128\">slim<\/strong> pouch with <strong data-start=\"1140\" data-end=\"1158\">11 mg nicotine<\/strong> per portion.<\/p>\n<\/div>\n<\/div>\n<\/div>\n<\/div>\n<\/div>\n<\/div>\n<\/article>\n","protected":false},"featured_media":34513,"comment_status":"open","ping_status":"closed","template":"","format":[206],"meta":{"_acf_changed":false},"product_brand":[],"product_cat":[264],"product_tag":[16551],"flavours":[203],"nicotine":[218,232],"class_list":{"0":"post-34508","1":"product","2":"type-product","3":"status-publish","4":"has-post-thumbnail","6":"product_cat-kuma","7":"product_tag-11-mg-pouch","8":"pa_quantity-1-pack","9":"pa_quantity-10-pack","10":"pa_quantity-3-pack","11":"pa_quantity-30-pack","12":"pa_quantity-5-pack","13":"pa_quantity-60-pack","14":"flavours-wintergreen","15":"format-slim","16":"nicotine-20-mg-g","17":"nicotine-extra-strong","19":"first","20":"instock","21":"taxable","22":"shipping-taxable","23":"purchasable","24":"product-type-variable","25":"has-default-attributes"},"acf":[],"_links":{"self":[{"href":"https:\/\/whitelip.com\/cs\/wp-json\/wp\/v2\/product\/34508","targetHints":{"allow":["GET"]}}],"collection":[{"href":"https:\/\/whitelip.com\/cs\/wp-json\/wp\/v2\/product"}],"about":[{"href":"https:\/\/whitelip.com\/cs\/wp-json\/wp\/v2\/types\/product"}],"replies":[{"embeddable":true,"href":"https:\/\/whitelip.com\/cs\/wp-json\/wp\/v2\/comments?post=34508"}],"wp:featuredmedia":[{"embeddable":true,"href":"https:\/\/whitelip.com\/cs\/wp-json\/wp\/v2\/media\/34513"}],"wp:attachment":[{"href":"https:\/\/whitelip.com\/cs\/wp-json\/wp\/v2\/media?parent=34508"}],"wp:term":[{"taxonomy":"product_brand","embeddable":true,"href":"https:\/\/whitelip.com\/cs\/wp-json\/wp\/v2\/product_brand?post=34508"},{"taxonomy":"product_cat","embeddable":true,"href":"https:\/\/whitelip.com\/cs\/wp-json\/wp\/v2\/product_cat?post=34508"},{"taxonomy":"product_tag","embeddable":true,"href":"https:\/\/whitelip.com\/cs\/wp-json\/wp\/v2\/product_tag?post=34508"},{"taxonomy":"flavours","embeddable":true,"href":"https:\/\/whitelip.com\/cs\/wp-json\/wp\/v2\/flavours?post=34508"},{"taxonomy":"format","embeddable":true,"href":"https:\/\/whitelip.com\/cs\/wp-json\/wp\/v2\/format?post=34508"},{"taxonomy":"nicotine","embeddable":true,"href":"https:\/\/whitelip.com\/cs\/wp-json\/wp\/v2\/nicotine?post=34508"}],"curies":[{"name":"wp","href":"https:\/\/api.w.org\/{rel}","templated":true}]}}