{"id":33360,"date":"2025-11-04T08:32:30","date_gmt":"2025-11-04T08:32:30","guid":{"rendered":"https:\/\/whitelip.com\/?post_type=product&#038;p=33360"},"modified":"2026-05-06T10:11:28","modified_gmt":"2026-05-06T10:11:28","slug":"puff-pouch-wasted-mango-jalapeno","status":"publish","type":"product","link":"https:\/\/whitelip.com\/cs\/puff-pouch\/puff-pouch-wasted-mango-jalapeno\/","title":{"rendered":"Puff &amp; Pouch Wasted Mango Jalape\u00f1o"},"content":{"rendered":"<p data-start=\"509\" data-end=\"871\">Puff &amp; Pouch Wasted Mango Jalape\u00f1o 16 mg in Slim kombinuje v\u00fdrazn\u00fd chu\u0165ov\u00fd profil se siln\u00fdm a vyv\u00e1\u017een\u00fdm nikotinov\u00fdm \u00fa\u010dinkem. S 16 mg nikotinu na gram poskytuje znateln\u00fd a uspokojiv\u00fd hit, ani\u017e by to bylo na \u00fakor pohodl\u00ed nebo chuti. P\u0159\u00edchu\u0165 je odv\u00e1\u017en\u00e1 a osv\u011b\u017euj\u00edc\u00ed, ur\u010den\u00e1 pro u\u017eivatele, kte\u0159\u00ed ocen\u00ed robustn\u00ed, ale p\u0159esto jemn\u00fd nikotinov\u00fd potah. Tento v\u00fdrobek, vyr\u00e1b\u011bn\u00fd spole\u010dnost\u00ed Premium Pouch Global pod zna\u010dkou Puff and Pouch, vynik\u00e1 na evropsk\u00e9m trhu s nikotinov\u00fdmi s\u00e1\u010dky vysokou kvalitou a rafinovan\u00fdm pod\u00e1n\u00edm. Ka\u017ed\u00e1 plechovka obsahuje 20 s\u00e1\u010dk\u016f v diskr\u00e9tn\u00edm form\u00e1tu Slim, kter\u00fd nab\u00edz\u00ed pohodln\u00e9 ulo\u017een\u00ed pod rty pro celodenn\u00ed pou\u017e\u00edv\u00e1n\u00ed. Puff and Pouch Wasted 16 mg je skv\u011blou volbou pro ty, kte\u0159\u00ed hledaj\u00ed pr\u00e9miov\u00e9, vysoce kvalitn\u00ed s\u00e1\u010dky s konzistentn\u00ed silou a vyv\u00e1\u017eenou chut\u00ed.<\/p>\n<table>\n<tbody>\n<tr>\n<td><b>Atribut<\/b><\/td>\n<td><b>Podrobnosti na<\/b><\/td>\n<\/tr>\n<tr>\n<td><span style=\"font-weight: 400;\">Obsah na plechovku<\/span><\/td>\n<td><span style=\"font-weight: 400;\">14 g (20 s\u00e1\u010dk\u016f)<\/span><\/td>\n<\/tr>\n<tr>\n<td><span style=\"font-weight: 400;\">Obsah nikotinu<\/span><\/td>\n<td><span style=\"font-weight: 400;\">16 mg\/g (12 mg na s\u00e1\u010dek)<\/span><\/td>\n<\/tr>\n<tr>\n<td><span style=\"font-weight: 400;\">Form\u00e1t pouzdra<\/span><\/td>\n<td><span style=\"font-weight: 400;\">Slim<\/span><\/td>\n<\/tr>\n<tr>\n<td><span style=\"font-weight: 400;\">V\u00fdrobce<\/span><\/td>\n<td><span style=\"font-weight: 400;\">Puff &amp; Pouch<\/span><\/td>\n<\/tr>\n<tr>\n<td><span style=\"font-weight: 400;\">P\u0159\u00edchu\u0165<\/span><\/td>\n<td><span style=\"font-weight: 400;\">Mango Jalape\u00f1o <\/span><\/td>\n<\/tr>\n<tr>\n<td><span style=\"font-weight: 400;\">Typ<\/span><\/td>\n<td><span style=\"font-weight: 400;\">Celob\u00edl\u00fd s\u00e1\u010dek, bez tab\u00e1ku<\/span><\/td>\n<\/tr>\n<\/tbody>\n<\/table>","protected":false},"excerpt":{"rendered":"<p>Puff &amp; Pouch Wasted Mango Jalape\u00f1o 16mg v balen\u00ed <strong data-start=\"260\" data-end=\"268\">Slim<\/strong> p\u0159in\u00e1\u0161\u00ed v\u00fdraznou a osv\u011b\u017euj\u00edc\u00ed chu\u0165 <strong>mango a jalape\u00f1o<\/strong> s <strong data-start=\"312\" data-end=\"321\">16 mg<\/strong> <strong>nikotinu na gram<\/strong>. Tento beztab\u00e1kov\u00fd s\u00e1\u010dek nab\u00edz\u00ed siln\u00fd, ale vyv\u00e1\u017een\u00fd nikotinov\u00fd z\u00e1\u017eitek, ide\u00e1ln\u00ed pro u\u017eivatele, kte\u0159\u00ed maj\u00ed r\u00e1di siln\u00e9, ale jemn\u00e9 nakopnut\u00ed.<\/p>","protected":false},"featured_media":33365,"comment_status":"open","ping_status":"closed","template":"","format":[206],"meta":{"_acf_changed":false},"product_brand":[],"product_cat":[86],"product_tag":[16561],"flavours":[187,200],"nicotine":[213,232],"class_list":{"0":"post-33360","1":"product","2":"type-product","3":"status-publish","4":"has-post-thumbnail","6":"product_cat-puff-pouch","7":"product_tag-12-mg-pouch","8":"pa_quantity-1-pack","9":"pa_quantity-10-pack","10":"pa_quantity-3-pack","11":"pa_quantity-30-pack","12":"pa_quantity-5-pack","13":"pa_quantity-60-pack","14":"flavours-chili","15":"flavours-spices","16":"format-slim","17":"nicotine-16-mg-g","18":"nicotine-extra-strong","20":"first","21":"outofstock","22":"taxable","23":"shipping-taxable","24":"purchasable","25":"product-type-variable"},"acf":[],"_links":{"self":[{"href":"https:\/\/whitelip.com\/cs\/wp-json\/wp\/v2\/product\/33360","targetHints":{"allow":["GET"]}}],"collection":[{"href":"https:\/\/whitelip.com\/cs\/wp-json\/wp\/v2\/product"}],"about":[{"href":"https:\/\/whitelip.com\/cs\/wp-json\/wp\/v2\/types\/product"}],"replies":[{"embeddable":true,"href":"https:\/\/whitelip.com\/cs\/wp-json\/wp\/v2\/comments?post=33360"}],"wp:featuredmedia":[{"embeddable":true,"href":"https:\/\/whitelip.com\/cs\/wp-json\/wp\/v2\/media\/33365"}],"wp:attachment":[{"href":"https:\/\/whitelip.com\/cs\/wp-json\/wp\/v2\/media?parent=33360"}],"wp:term":[{"taxonomy":"product_brand","embeddable":true,"href":"https:\/\/whitelip.com\/cs\/wp-json\/wp\/v2\/product_brand?post=33360"},{"taxonomy":"product_cat","embeddable":true,"href":"https:\/\/whitelip.com\/cs\/wp-json\/wp\/v2\/product_cat?post=33360"},{"taxonomy":"product_tag","embeddable":true,"href":"https:\/\/whitelip.com\/cs\/wp-json\/wp\/v2\/product_tag?post=33360"},{"taxonomy":"flavours","embeddable":true,"href":"https:\/\/whitelip.com\/cs\/wp-json\/wp\/v2\/flavours?post=33360"},{"taxonomy":"format","embeddable":true,"href":"https:\/\/whitelip.com\/cs\/wp-json\/wp\/v2\/format?post=33360"},{"taxonomy":"nicotine","embeddable":true,"href":"https:\/\/whitelip.com\/cs\/wp-json\/wp\/v2\/nicotine?post=33360"}],"curies":[{"name":"wp","href":"https:\/\/api.w.org\/{rel}","templated":true}]}}