{"id":33082,"date":"2025-10-31T14:32:58","date_gmt":"2025-10-31T14:32:58","guid":{"rendered":"https:\/\/whitelip.com\/?post_type=product&#038;p=33082"},"modified":"2026-05-09T10:11:15","modified_gmt":"2026-05-09T10:11:15","slug":"pablo-exclusive-blueberry-cranberry-cherry","status":"publish","type":"product","link":"https:\/\/whitelip.com\/cs\/pablo\/pablo-exclusive-blueberry-cranberry-cherry\/","title":{"rendered":"PABLO Exclusive Bor\u016fvka Brusinka T\u0159e\u0161e\u0148"},"content":{"rendered":"<p data-start=\"554\" data-end=\"884\">PABLO Exclusive Blueberry Cranberry Cherry in Slim povy\u0161uje ovocnou intenzitu na vy\u0161\u0161\u00ed \u00farove\u0148 d\u00edky trojit\u00e9 sm\u011bsi bobul\u00ed, kter\u00e1 dokonale vyv\u00e1\u017een\u011b kombinuje sladkost, trpkost a hloubku. Chu\u0165 spojuje bor\u016fvky, brusinky a t\u0159e\u0161n\u011b do dynamick\u00e9ho, osv\u011b\u017euj\u00edc\u00edho chu\u0165ov\u00e9ho z\u00e1\u017eitku, kter\u00fd se vyv\u00edj\u00ed s ka\u017ed\u00fdm s\u00e1\u010dkem. Tento zcela b\u00edl\u00fd s\u00e1\u010dek bez tab\u00e1ku z exkluzivn\u00ed \u0159ady PABLO, vyr\u00e1b\u011bn\u00fd v Evrop\u011b spole\u010dnost\u00ed NGP Empire, kombinuje prvot\u0159\u00eddn\u00ed kvalitu s v\u00fdraznou chut\u00ed a extr\u00e9mn\u00ed nikotinovou silou. Ka\u017ed\u00fd s\u00e1\u010dek obsahuje 30 mg nikotinu (50 mg\/g) a nab\u00edz\u00ed jeden z nejsiln\u011bj\u0161\u00edch pocit\u016f na trhu, vytvo\u0159en\u00fd speci\u00e1ln\u011b pro zku\u0161en\u00e9 u\u017eivatele, kte\u0159\u00ed hledaj\u00ed maxim\u00e1ln\u00ed s\u00edlu a uspokojen\u00ed. Form\u00e1t Slim zaji\u0161\u0165uje diskr\u00e9tn\u00ed a pohodln\u00e9 ulo\u017een\u00ed pod rty, zat\u00edmco postupn\u00e9 uvol\u0148ov\u00e1n\u00ed chuti a nikotinu poskytuje plynul\u00fd a dlouhotrvaj\u00edc\u00ed \u00fa\u010dinek. PABLO Exclusive Blueberry Cranberry Cherry bez tab\u00e1ku, kou\u0159e a z\u00e1pachu p\u0159in\u00e1\u0161\u00ed \u010distou, konzistentn\u00ed intenzitu, ide\u00e1ln\u00ed pro ka\u017edodenn\u00ed pou\u017eit\u00ed nebo pro chv\u00edle, kdy pot\u0159ebujete po\u0159\u00e1dnou vzpruhu.<\/p>\n<table>\n<tbody>\n<tr>\n<td><b>Atribut<\/b><\/td>\n<td><b>Podrobnosti na<\/b><\/td>\n<\/tr>\n<tr>\n<td><b>Obsah na plechovku<\/b><\/td>\n<td><span style=\"font-weight: 400;\">12 g (20 s\u00e1\u010dk\u016f)<\/span><\/td>\n<\/tr>\n<tr>\n<td><b>Obsah nikotinu<\/b><\/td>\n<td><span style=\"font-weight: 400;\">50 mg\/g (30 mg na s\u00e1\u010dek)<\/span><\/td>\n<\/tr>\n<tr>\n<td><b>Form\u00e1t pouzdra<\/b><\/td>\n<td><span style=\"font-weight: 400;\">Slim<\/span><\/td>\n<\/tr>\n<tr>\n<td><b>V\u00fdrobce<\/b><\/td>\n<td><span style=\"font-weight: 400;\">\u0158\u00ed\u0161e N.G.P<\/span><\/td>\n<\/tr>\n<tr>\n<td><b>P\u0159\u00edchu\u0165<\/b><\/td>\n<td>Bor\u016fvka, brusinka, t\u0159e\u0161e\u0148<\/td>\n<\/tr>\n<tr>\n<td><b>Typ<\/b><\/td>\n<td><span style=\"font-weight: 400;\">Celob\u00edl\u00fd s\u00e1\u010dek, bez tab\u00e1ku<\/span><\/td>\n<\/tr>\n<\/tbody>\n<\/table>","protected":false},"excerpt":{"rendered":"<p>PABLO Exclusive Blueberry Cranberry Cherry in <strong data-start=\"286\" data-end=\"294\">Slim<\/strong> p\u0159in\u00e1\u0161\u00ed odv\u00e1\u017enou kombinaci <strong data-start=\"318\" data-end=\"354\">bor\u016fvky, brusinky a t\u0159e\u0161n\u011b<\/strong> s extr\u00e9mn\u00ed silou nikotinu. Ka\u017ed\u00fd s\u00e1\u010dek bez tab\u00e1ku obsahuje <strong data-start=\"424\" data-end=\"433\">30 mg<\/strong> <strong>z<\/strong> <strong>nikotin<\/strong>, kter\u00e1 nab\u00edz\u00ed intenzivn\u00ed a chu\u0165ov\u011b v\u00fdrazn\u00fd z\u00e1\u017eitek ur\u010den\u00fd pro zku\u0161en\u00e9 u\u017eivatele.<\/p>","protected":false},"featured_media":33087,"comment_status":"open","ping_status":"closed","template":"","format":[206],"meta":{"_acf_changed":false},"product_brand":[],"product_cat":[44],"product_tag":[16605],"flavours":[196],"nicotine":[233,226],"class_list":{"0":"post-33082","1":"product","2":"type-product","3":"status-publish","4":"has-post-thumbnail","6":"product_cat-pablo","7":"product_tag-30-mg-pouch","8":"pa_quantity-1-pack","9":"pa_quantity-10-pack","10":"pa_quantity-3-pack","11":"pa_quantity-30-pack","12":"pa_quantity-5-pack","13":"pa_quantity-60-pack","14":"flavours-fruits-berries","15":"format-slim","16":"nicotine-extreme","17":"nicotine-50-mg-g","19":"first","20":"instock","21":"taxable","22":"shipping-taxable","23":"purchasable","24":"product-type-variable"},"acf":[],"_links":{"self":[{"href":"https:\/\/whitelip.com\/cs\/wp-json\/wp\/v2\/product\/33082","targetHints":{"allow":["GET"]}}],"collection":[{"href":"https:\/\/whitelip.com\/cs\/wp-json\/wp\/v2\/product"}],"about":[{"href":"https:\/\/whitelip.com\/cs\/wp-json\/wp\/v2\/types\/product"}],"replies":[{"embeddable":true,"href":"https:\/\/whitelip.com\/cs\/wp-json\/wp\/v2\/comments?post=33082"}],"wp:featuredmedia":[{"embeddable":true,"href":"https:\/\/whitelip.com\/cs\/wp-json\/wp\/v2\/media\/33087"}],"wp:attachment":[{"href":"https:\/\/whitelip.com\/cs\/wp-json\/wp\/v2\/media?parent=33082"}],"wp:term":[{"taxonomy":"product_brand","embeddable":true,"href":"https:\/\/whitelip.com\/cs\/wp-json\/wp\/v2\/product_brand?post=33082"},{"taxonomy":"product_cat","embeddable":true,"href":"https:\/\/whitelip.com\/cs\/wp-json\/wp\/v2\/product_cat?post=33082"},{"taxonomy":"product_tag","embeddable":true,"href":"https:\/\/whitelip.com\/cs\/wp-json\/wp\/v2\/product_tag?post=33082"},{"taxonomy":"flavours","embeddable":true,"href":"https:\/\/whitelip.com\/cs\/wp-json\/wp\/v2\/flavours?post=33082"},{"taxonomy":"format","embeddable":true,"href":"https:\/\/whitelip.com\/cs\/wp-json\/wp\/v2\/format?post=33082"},{"taxonomy":"nicotine","embeddable":true,"href":"https:\/\/whitelip.com\/cs\/wp-json\/wp\/v2\/nicotine?post=33082"}],"curies":[{"name":"wp","href":"https:\/\/api.w.org\/{rel}","templated":true}]}}