{"id":33065,"date":"2025-10-31T13:46:44","date_gmt":"2025-10-31T13:46:44","guid":{"rendered":"https:\/\/whitelip.com\/?post_type=product&#038;p=33065"},"modified":"2026-04-29T10:11:23","modified_gmt":"2026-04-29T10:11:23","slug":"pablo-exclusive-sour-blueberries","status":"publish","type":"product","link":"https:\/\/whitelip.com\/cs\/pablo\/pablo-exclusive-sour-blueberries\/","title":{"rendered":"PABLO Exclusive Kysel\u00e9 bor\u016fvky"},"content":{"rendered":"<p data-start=\"487\" data-end=\"824\">PABLO Exclusive Sour Blueberries in Slim je ur\u010den pro ty, kte\u0159\u00ed hledaj\u00ed maxim\u00e1ln\u00ed s\u00edlu a v\u00fdraznou chu\u0165. Vyzna\u010duje se ostrou a pikantn\u00ed chut\u00ed bor\u016fvek s ovocnou sladkost\u00ed a pikantn\u00edm n\u00e1dechem, kter\u00fd probouz\u00ed smysly. Sm\u011bs sladk\u00e9ho a kysel\u00e9ho vytv\u00e1\u0159\u00ed \u017eivou, dlouhotrvaj\u00edc\u00ed chu\u0165, kter\u00e1 se nepodob\u00e1 ni\u010demu jin\u00e9mu z \u0159ady PABLO. Tento \u010dlen exkluzivn\u00ed \u0159ady PABLO, vyr\u00e1b\u011bn\u00fd v Evrop\u011b spole\u010dnost\u00ed NGP Empire, v sob\u011b spojuje modern\u00ed design, prvot\u0159\u00eddn\u00ed kvalitu a nekompromisn\u00ed intenzitu. Ka\u017ed\u00fd zcela b\u00edl\u00fd s\u00e1\u010dek bez tab\u00e1ku obsahuje 30 mg nikotinu (celkem 50 mg\/g), co\u017e p\u0159in\u00e1\u0161\u00ed jeden z nejsiln\u011bj\u0161\u00edch dostupn\u00fdch nikotinov\u00fdch z\u00e1\u017eitk\u016f. S 20 s\u00e1\u010dky v plechovce, z nich\u017e ka\u017ed\u00fd v\u00e1\u017e\u00ed 0,6 g, poskytuje PABLO Exclusive Sour Blueberries konzistentn\u00ed s\u00edlu a chu\u0165 v diskr\u00e9tn\u00edm form\u00e1tu Slim, vyvinut\u00e9m speci\u00e1ln\u011b pro zku\u0161en\u00e9 u\u017eivatele, kte\u0159\u00ed tou\u017e\u00ed po extr\u00e9mn\u00edm nikotinov\u00e9m z\u00e1\u017eitku.<\/p>\n<table>\n<tbody>\n<tr>\n<td><b>Atribut<\/b><\/td>\n<td><b>Podrobnosti na<\/b><\/td>\n<\/tr>\n<tr>\n<td><b>Obsah na plechovku<\/b><\/td>\n<td><span style=\"font-weight: 400;\">12 g (20 s\u00e1\u010dk\u016f)<\/span><\/td>\n<\/tr>\n<tr>\n<td><b>Obsah nikotinu<\/b><\/td>\n<td><span style=\"font-weight: 400;\">50 mg\/g (30 mg na s\u00e1\u010dek)<\/span><\/td>\n<\/tr>\n<tr>\n<td><b>Form\u00e1t pouzdra<\/b><\/td>\n<td><span style=\"font-weight: 400;\">Slim<\/span><\/td>\n<\/tr>\n<tr>\n<td><b>V\u00fdrobce<\/b><\/td>\n<td><span style=\"font-weight: 400;\">\u0158\u00ed\u0161e N.G.P<\/span><\/td>\n<\/tr>\n<tr>\n<td><b>P\u0159\u00edchu\u0165<\/b><\/td>\n<td>Kysel\u00e9 bor\u016fvky (kysel\u00e1 bor\u016fvka)<\/td>\n<\/tr>\n<tr>\n<td><b>Typ<\/b><\/td>\n<td><span style=\"font-weight: 400;\">Celob\u00edl\u00fd s\u00e1\u010dek, bez tab\u00e1ku<\/span><\/td>\n<\/tr>\n<\/tbody>\n<\/table>","protected":false},"excerpt":{"rendered":"<p>PABLO Exkluzivn\u00ed kysel\u00e9 bor\u016fvky v <strong data-start=\"238\" data-end=\"246\">Slim<\/strong> p\u0159in\u00e1\u0161\u00ed intenzivn\u00ed <strong data-start=\"267\" data-end=\"285\">kysel\u00e9 bor\u016fvky<\/strong> chu\u0165 v kombinaci s extr\u00e9mn\u00ed silou nikotinu. Ka\u017ed\u00fd s\u00e1\u010dek bez tab\u00e1ku obsahuje <strong data-start=\"371\" data-end=\"380\">30 mg<\/strong> nikotinu a nab\u00edz\u00ed siln\u00fd z\u00e1\u017eitek ur\u010den\u00fd pro zku\u0161en\u00e9 u\u017eivatele.<\/p>","protected":false},"featured_media":33069,"comment_status":"open","ping_status":"closed","template":"","format":[206],"meta":{"_acf_changed":false},"product_brand":[],"product_cat":[44],"product_tag":[16605],"flavours":[196],"nicotine":[226,233],"class_list":{"0":"post-33065","1":"product","2":"type-product","3":"status-publish","4":"has-post-thumbnail","6":"product_cat-pablo","7":"product_tag-30-mg-pouch","8":"pa_quantity-1-pack","9":"pa_quantity-10-pack","10":"pa_quantity-3-pack","11":"pa_quantity-30-pack","12":"pa_quantity-5-pack","13":"pa_quantity-60-pack","14":"flavours-fruits-berries","15":"format-slim","16":"nicotine-50-mg-g","17":"nicotine-extreme","19":"first","20":"instock","21":"taxable","22":"shipping-taxable","23":"purchasable","24":"product-type-variable","25":"has-default-attributes"},"acf":[],"_links":{"self":[{"href":"https:\/\/whitelip.com\/cs\/wp-json\/wp\/v2\/product\/33065","targetHints":{"allow":["GET"]}}],"collection":[{"href":"https:\/\/whitelip.com\/cs\/wp-json\/wp\/v2\/product"}],"about":[{"href":"https:\/\/whitelip.com\/cs\/wp-json\/wp\/v2\/types\/product"}],"replies":[{"embeddable":true,"href":"https:\/\/whitelip.com\/cs\/wp-json\/wp\/v2\/comments?post=33065"}],"wp:featuredmedia":[{"embeddable":true,"href":"https:\/\/whitelip.com\/cs\/wp-json\/wp\/v2\/media\/33069"}],"wp:attachment":[{"href":"https:\/\/whitelip.com\/cs\/wp-json\/wp\/v2\/media?parent=33065"}],"wp:term":[{"taxonomy":"product_brand","embeddable":true,"href":"https:\/\/whitelip.com\/cs\/wp-json\/wp\/v2\/product_brand?post=33065"},{"taxonomy":"product_cat","embeddable":true,"href":"https:\/\/whitelip.com\/cs\/wp-json\/wp\/v2\/product_cat?post=33065"},{"taxonomy":"product_tag","embeddable":true,"href":"https:\/\/whitelip.com\/cs\/wp-json\/wp\/v2\/product_tag?post=33065"},{"taxonomy":"flavours","embeddable":true,"href":"https:\/\/whitelip.com\/cs\/wp-json\/wp\/v2\/flavours?post=33065"},{"taxonomy":"format","embeddable":true,"href":"https:\/\/whitelip.com\/cs\/wp-json\/wp\/v2\/format?post=33065"},{"taxonomy":"nicotine","embeddable":true,"href":"https:\/\/whitelip.com\/cs\/wp-json\/wp\/v2\/nicotine?post=33065"}],"curies":[{"name":"wp","href":"https:\/\/api.w.org\/{rel}","templated":true}]}}