{"id":32615,"date":"2025-10-27T15:09:48","date_gmt":"2025-10-27T15:09:48","guid":{"rendered":"https:\/\/whitelip.com\/?post_type=product&#038;p=32615"},"modified":"2026-03-16T17:46:56","modified_gmt":"2026-03-16T17:46:56","slug":"christmas-calendar","status":"publish","type":"product","link":"https:\/\/whitelip.com\/cs\/christmas-calendar\/christmas-calendar\/","title":{"rendered":"V\u00e1no\u010dn\u00ed kalend\u00e1\u0159 Whitelip"},"content":{"rendered":"<p data-start=\"440\" data-end=\"739\">Na str\u00e1nk\u00e1ch <strong data-start=\"444\" data-end=\"472\">V\u00e1no\u010dn\u00ed kalend\u00e1\u0159 Whitelip<\/strong> p\u0159in\u00e1\u0161\u00ed 24 unik\u00e1tn\u00edch nikotinov\u00fdch s\u00e1\u010dk\u016f od \u0161pi\u010dkov\u00fdch zna\u010dek, jako jsou nap\u0159. <strong data-start=\"540\" data-end=\"571\">DENSSI, 77 let, STNG, Apr\u00e8s, NOR<\/strong>, a dal\u0161\u00ed. Za ka\u017ed\u00fdmi dve\u0159mi \u010dek\u00e1 nov\u00fd objev, vybran\u00fd v\u00fdb\u011br p\u0159\u00edchut\u00ed, s\u00edly a form\u00e1t\u016f s\u00e1\u010dk\u016f, kter\u00e9 ka\u017ed\u00fd prosincov\u00fd den nab\u00edzej\u00ed n\u011bco jin\u00e9ho.<\/p>\n<p data-start=\"741\" data-end=\"1015\">Tento kalend\u00e1\u0159 zachycuje celou \u0161k\u00e1lu modern\u00edch nikotinov\u00fdch s\u00e1\u010dk\u016f v jednom exkluzivn\u00edm balen\u00ed - od osv\u011b\u017euj\u00edc\u00edch m\u00e1tov\u00fdch sm\u011bs\u00ed a\u017e po ovocn\u00e9 limitovan\u00e9 edice. Je ur\u010den pro u\u017eivatele, kte\u0159\u00ed r\u00e1di objevuj\u00ed nov\u00e9 mo\u017enosti a cht\u011bj\u00ed poznat to nejlep\u0161\u00ed, co tato kategorie nab\u00edz\u00ed.<\/p>\n<p data-start=\"1017\" data-end=\"1155\">Ka\u017ed\u00fd kalend\u00e1\u0159 je vyroben v omezen\u00e9m mno\u017estv\u00ed a m\u00e1 slavnostn\u00ed sez\u00f3nn\u00ed design, co\u017e z n\u011bj \u010din\u00ed v\u00fdjime\u010dn\u00fd sb\u011bratelsk\u00fd kousek pro rok 2025.<\/p>","protected":false},"excerpt":{"rendered":"<p>Odpo\u010d\u00edt\u00e1v\u00e1n\u00ed do V\u00e1noc s <strong data-start=\"209\" data-end=\"237\">V\u00e1no\u010dn\u00ed kalend\u00e1\u0159 Whitelip!<\/strong> Obsahuje 24 nikotinov\u00fdch s\u00e1\u010dkov\u00fdch plechovek s p\u0159ekvapen\u00edm od p\u0159edn\u00edch zna\u010dek. Limitovan\u00e1 edice mixu p\u0159\u00edchut\u00ed, s\u00edly a form\u00e1t\u016f navr\u017een\u00e1 tak, aby byl prosinec o n\u011bco zaj\u00edmav\u011bj\u0161\u00ed.<\/p>","protected":false},"featured_media":32616,"comment_status":"open","ping_status":"closed","template":"","format":[],"meta":{"_acf_changed":false},"product_brand":[],"product_cat":[259],"product_tag":[],"flavours":[],"nicotine":[],"class_list":{"0":"post-32615","1":"product","2":"type-product","3":"status-publish","4":"has-post-thumbnail","6":"product_cat-christmas-calendar","8":"first","9":"instock","10":"taxable","11":"shipping-taxable","12":"purchasable","13":"product-type-simple"},"acf":[],"_links":{"self":[{"href":"https:\/\/whitelip.com\/cs\/wp-json\/wp\/v2\/product\/32615","targetHints":{"allow":["GET"]}}],"collection":[{"href":"https:\/\/whitelip.com\/cs\/wp-json\/wp\/v2\/product"}],"about":[{"href":"https:\/\/whitelip.com\/cs\/wp-json\/wp\/v2\/types\/product"}],"replies":[{"embeddable":true,"href":"https:\/\/whitelip.com\/cs\/wp-json\/wp\/v2\/comments?post=32615"}],"wp:featuredmedia":[{"embeddable":true,"href":"https:\/\/whitelip.com\/cs\/wp-json\/wp\/v2\/media\/32616"}],"wp:attachment":[{"href":"https:\/\/whitelip.com\/cs\/wp-json\/wp\/v2\/media?parent=32615"}],"wp:term":[{"taxonomy":"product_brand","embeddable":true,"href":"https:\/\/whitelip.com\/cs\/wp-json\/wp\/v2\/product_brand?post=32615"},{"taxonomy":"product_cat","embeddable":true,"href":"https:\/\/whitelip.com\/cs\/wp-json\/wp\/v2\/product_cat?post=32615"},{"taxonomy":"product_tag","embeddable":true,"href":"https:\/\/whitelip.com\/cs\/wp-json\/wp\/v2\/product_tag?post=32615"},{"taxonomy":"flavours","embeddable":true,"href":"https:\/\/whitelip.com\/cs\/wp-json\/wp\/v2\/flavours?post=32615"},{"taxonomy":"format","embeddable":true,"href":"https:\/\/whitelip.com\/cs\/wp-json\/wp\/v2\/format?post=32615"},{"taxonomy":"nicotine","embeddable":true,"href":"https:\/\/whitelip.com\/cs\/wp-json\/wp\/v2\/nicotine?post=32615"}],"curies":[{"name":"wp","href":"https:\/\/api.w.org\/{rel}","templated":true}]}}