{"id":32562,"date":"2025-10-27T11:35:52","date_gmt":"2025-10-27T11:35:52","guid":{"rendered":"https:\/\/whitelip.com\/?post_type=product&#038;p=32562"},"modified":"2026-04-15T19:15:04","modified_gmt":"2026-04-15T19:15:04","slug":"velo-shift-hot-peach","status":"publish","type":"product","link":"https:\/\/whitelip.com\/cs\/velo\/velo-shift-hot-peach\/","title":{"rendered":"VELO Shift Hot Peach"},"content":{"rendered":"<p data-start=\"393\" data-end=\"775\">VELO <strong data-start=\"398\" data-end=\"417\">Shift Hot Peach<\/strong> na adrese <strong data-start=\"421\" data-end=\"429\">Slim<\/strong> je b\u00edl\u00fd nikotinov\u00fd s\u00e1\u010dek od spole\u010dnosti BAT s v\u00fdraznou broskvovou p\u0159\u00edchut\u00ed a siln\u00fdm nikotinov\u00fdm profilem. V\u00fdrobek obsahuje nikotin, ale neobsahuje tab\u00e1k a je klasifikov\u00e1n jako siln\u00fd. S\u00e1\u010dky jsou vyrobeny z rostlinn\u00fdch vl\u00e1ken a maj\u00ed zaoblen\u00e9 hrany pro pohodln\u00e9 no\u0161en\u00ed pod rtem. Plechovka m\u00e1 \u0161estihrann\u00fd tvar, charakteristick\u00fd pro \u0159adu VELO Shift. Ka\u017ed\u00fd s\u00e1\u010dek obsahuje <strong data-start=\"797\" data-end=\"805\">8 mg<\/strong> nikotinu (s\u00edla nikotinu 11,4 mg\/g) a dod\u00e1v\u00e1 se v balen\u00ed <strong data-start=\"865\" data-end=\"873\">Slim<\/strong> form\u00e1t pro diskr\u00e9tn\u00ed a \u00fazk\u00e9 ulo\u017een\u00ed.<\/p>\n<table>\n<tbody>\n<tr>\n<td><b>Atribut<\/b><\/td>\n<td><b>Podrobnosti na<\/b><\/td>\n<\/tr>\n<tr>\n<td><span style=\"font-weight: 400;\">Zna\u010dka<\/span><\/td>\n<td><span style=\"font-weight: 400;\">VELO<\/span><\/td>\n<\/tr>\n<tr>\n<td><span style=\"font-weight: 400;\">Typ v\u00fdrobku<\/span><\/td>\n<td><span style=\"font-weight: 400;\">V\u0161echny b\u00edl\u00e9 nikotinov\u00e9 s\u00e1\u010dky<\/span><\/td>\n<\/tr>\n<tr>\n<td><span style=\"font-weight: 400;\">Form\u00e1t<\/span><\/td>\n<td><span style=\"font-weight: 400;\">Slim<\/span><\/td>\n<\/tr>\n<tr>\n<td><span style=\"font-weight: 400;\">P\u0159\u00edchu\u0165<\/span><\/td>\n<td><span style=\"font-weight: 400;\">Peach<\/span><\/td>\n<\/tr>\n<tr>\n<td><span style=\"font-weight: 400;\">S\u00edla nikotinu<\/span><\/td>\n<td><span style=\"font-weight: 400;\">11,4 mg\/g (8 mg na s\u00e1\u010dek)<\/span><\/td>\n<\/tr>\n<tr>\n<td><span style=\"font-weight: 400;\">Hmotnost porce<\/span><\/td>\n<td><span style=\"font-weight: 400;\">0,7 gramu<\/span><\/td>\n<\/tr>\n<tr>\n<td><span style=\"font-weight: 400;\">Po\u010det porc\u00ed<\/span><\/td>\n<td><span style=\"font-weight: 400;\">20 za plechovku<\/span><\/td>\n<\/tr>\n<tr>\n<td><span style=\"font-weight: 400;\">Celkov\u00e1 hmotnost plechovky<\/span><\/td>\n<td><span style=\"font-weight: 400;\">14 gram\u016f<\/span><\/td>\n<\/tr>\n<tr>\n<td><span style=\"font-weight: 400;\">V\u00fdrobce<\/span><\/td>\n<td><span style=\"font-weight: 400;\">BAT<\/span><\/td>\n<\/tr>\n<tr>\n<td><span style=\"font-weight: 400;\">Pozoruhodn\u00e9 funkce<\/span><\/td>\n<td><span style=\"font-weight: 400;\">Bez tab\u00e1ku, diskr\u00e9tn\u00ed tenk\u00e9 porce, vyv\u00e1\u017een\u00fd chu\u0165ov\u00fd profil<\/span><\/td>\n<\/tr>\n<\/tbody>\n<\/table>\n<h2 data-start=\"918\" data-end=\"931\">Funkce<\/h2>\n<ul data-start=\"932\" data-end=\"1135\">\n<li data-start=\"932\" data-end=\"959\">\n<p data-start=\"934\" data-end=\"959\">Ovocn\u00e9 <strong data-start=\"941\" data-end=\"950\">broskev<\/strong> p\u0159\u00edchu\u0165<\/p>\n<\/li>\n<li data-start=\"960\" data-end=\"998\">\n<p data-start=\"962\" data-end=\"998\"><strong data-start=\"962\" data-end=\"970\">Slim<\/strong> form\u00e1t se zaoblen\u00fdmi hranami<\/p>\n<\/li>\n<li data-start=\"999\" data-end=\"1068\">\n<p data-start=\"1001\" data-end=\"1068\">B\u00edl\u00fd s\u00e1\u010dek bez tab\u00e1ku se siln\u00fdm obsahem nikotinu (<strong data-start=\"1057\" data-end=\"1065\">8 mg<\/strong>)<\/p>\n<\/li>\n<li data-start=\"1069\" data-end=\"1111\">\n<p data-start=\"1071\" data-end=\"1111\">\u0160estihrann\u00e1 plechovka a rostlinn\u00fd materi\u00e1l<\/p>\n<\/li>\n<li data-start=\"1112\" data-end=\"1135\">\n<p data-start=\"1114\" data-end=\"1135\">Vyrobeno spole\u010dnost\u00ed BAT<\/p>\n<\/li>\n<\/ul>","protected":false},"excerpt":{"rendered":"<p>VELO <strong data-start=\"164\" data-end=\"183\">Shift Hot Peach<\/strong> na adrese <strong data-start=\"187\" data-end=\"195\">Slim<\/strong> je b\u00edl\u00fd beztab\u00e1kov\u00fd s\u00e1\u010dek se sladkou a ovocnou broskvovou p\u0159\u00edchut\u00ed. Ka\u017ed\u00fd s\u00e1\u010dek obsahuje <strong data-start=\"284\" data-end=\"292\">8 mg<\/strong> nikotinu a m\u00e1 zaoblen\u00e9 hrany v \u0161estihrann\u00e9 plechovce.<\/p>","protected":false},"featured_media":32567,"comment_status":"open","ping_status":"closed","template":"","format":[206],"meta":{"_acf_changed":false},"product_brand":[],"product_cat":[48],"product_tag":[16583],"flavours":[196],"nicotine":[208,236],"class_list":{"0":"post-32562","1":"product","2":"type-product","3":"status-publish","4":"has-post-thumbnail","6":"product_cat-velo","7":"product_tag-8-mg-pouch","8":"pa_quantity-1-pack","9":"pa_quantity-10-pack","10":"pa_quantity-3-pack","11":"pa_quantity-30-pack","12":"pa_quantity-5-pack","13":"pa_quantity-60-pack","14":"flavours-fruits-berries","15":"format-slim","16":"nicotine-11-mg-g","17":"nicotine-strong","19":"first","20":"instock","21":"taxable","22":"shipping-taxable","23":"purchasable","24":"product-type-variable"},"acf":[],"_links":{"self":[{"href":"https:\/\/whitelip.com\/cs\/wp-json\/wp\/v2\/product\/32562","targetHints":{"allow":["GET"]}}],"collection":[{"href":"https:\/\/whitelip.com\/cs\/wp-json\/wp\/v2\/product"}],"about":[{"href":"https:\/\/whitelip.com\/cs\/wp-json\/wp\/v2\/types\/product"}],"replies":[{"embeddable":true,"href":"https:\/\/whitelip.com\/cs\/wp-json\/wp\/v2\/comments?post=32562"}],"wp:featuredmedia":[{"embeddable":true,"href":"https:\/\/whitelip.com\/cs\/wp-json\/wp\/v2\/media\/32567"}],"wp:attachment":[{"href":"https:\/\/whitelip.com\/cs\/wp-json\/wp\/v2\/media?parent=32562"}],"wp:term":[{"taxonomy":"product_brand","embeddable":true,"href":"https:\/\/whitelip.com\/cs\/wp-json\/wp\/v2\/product_brand?post=32562"},{"taxonomy":"product_cat","embeddable":true,"href":"https:\/\/whitelip.com\/cs\/wp-json\/wp\/v2\/product_cat?post=32562"},{"taxonomy":"product_tag","embeddable":true,"href":"https:\/\/whitelip.com\/cs\/wp-json\/wp\/v2\/product_tag?post=32562"},{"taxonomy":"flavours","embeddable":true,"href":"https:\/\/whitelip.com\/cs\/wp-json\/wp\/v2\/flavours?post=32562"},{"taxonomy":"format","embeddable":true,"href":"https:\/\/whitelip.com\/cs\/wp-json\/wp\/v2\/format?post=32562"},{"taxonomy":"nicotine","embeddable":true,"href":"https:\/\/whitelip.com\/cs\/wp-json\/wp\/v2\/nicotine?post=32562"}],"curies":[{"name":"wp","href":"https:\/\/api.w.org\/{rel}","templated":true}]}}