{"id":32540,"date":"2025-10-27T11:13:34","date_gmt":"2025-10-27T11:13:34","guid":{"rendered":"https:\/\/whitelip.com\/?post_type=product&#038;p=32540"},"modified":"2026-04-21T10:11:49","modified_gmt":"2026-04-21T10:11:49","slug":"velo-shift-hot-spearmint","status":"publish","type":"product","link":"https:\/\/whitelip.com\/cs\/velo\/velo-shift-hot-spearmint\/","title":{"rendered":"VELO \u0160ichta Hot Spearmint"},"content":{"rendered":"<p data-start=\"401\" data-end=\"770\">VELO <strong data-start=\"406\" data-end=\"429\">Shift Hot Spearmint<\/strong> na adrese <strong data-start=\"433\" data-end=\"441\">Slim<\/strong> je b\u00edl\u00fd nikotinov\u00fd s\u00e1\u010dek od spole\u010dnosti BAT s pr\u016fzra\u010dnou m\u00e1tovou p\u0159\u00edchut\u00ed. V\u00fdrobek obsahuje nikotin, ale neobsahuje tab\u00e1k a je klasifikov\u00e1n jako siln\u00fd. S\u00e1\u010dky jsou vyrobeny z rostlinn\u00fdch vl\u00e1ken a maj\u00ed zaoblen\u00e9 hrany pro pohodln\u00e9 no\u0161en\u00ed pod rtem. \u0160estihrann\u00fd design plechovky je charakteristick\u00fd pro \u0159adu VELO Shift. Ka\u017ed\u00fd s\u00e1\u010dek obsahuje <strong data-start=\"792\" data-end=\"800\">8 mg<\/strong> nikotinu (obsah nikotinu 11,4 mg\/g), a <strong data-start=\"852\" data-end=\"860\">Slim<\/strong> form\u00e1t poskytuje diskr\u00e9tn\u00ed a \u00fazk\u00fd st\u0159ih.<\/p>\n<table>\n<tbody>\n<tr>\n<td><b>Atribut<\/b><\/td>\n<td><b>Podrobnosti na<\/b><\/td>\n<\/tr>\n<tr>\n<td><span style=\"font-weight: 400;\">Zna\u010dka<\/span><\/td>\n<td><span style=\"font-weight: 400;\">VELO<\/span><\/td>\n<\/tr>\n<tr>\n<td><span style=\"font-weight: 400;\">Typ v\u00fdrobku<\/span><\/td>\n<td><span style=\"font-weight: 400;\">V\u0161echny b\u00edl\u00e9 nikotinov\u00e9 s\u00e1\u010dky<\/span><\/td>\n<\/tr>\n<tr>\n<td><span style=\"font-weight: 400;\">Form\u00e1t<\/span><\/td>\n<td><span style=\"font-weight: 400;\">Slim<\/span><\/td>\n<\/tr>\n<tr>\n<td><span style=\"font-weight: 400;\">P\u0159\u00edchu\u0165<\/span><\/td>\n<td><span style=\"font-weight: 400;\">M\u00e1tov\u00e1<\/span><\/td>\n<\/tr>\n<tr>\n<td><span style=\"font-weight: 400;\">S\u00edla nikotinu<\/span><\/td>\n<td><span style=\"font-weight: 400;\">11,4 mg\/g (8 mg na s\u00e1\u010dek)<\/span><\/td>\n<\/tr>\n<tr>\n<td><span style=\"font-weight: 400;\">Hmotnost porce<\/span><\/td>\n<td><span style=\"font-weight: 400;\">0,7 gramu<\/span><\/td>\n<\/tr>\n<tr>\n<td><span style=\"font-weight: 400;\">Po\u010det porc\u00ed<\/span><\/td>\n<td><span style=\"font-weight: 400;\">20 za plechovku<\/span><\/td>\n<\/tr>\n<tr>\n<td><span style=\"font-weight: 400;\">Celkov\u00e1 hmotnost plechovky<\/span><\/td>\n<td><span style=\"font-weight: 400;\">14 gram\u016f<\/span><\/td>\n<\/tr>\n<tr>\n<td><span style=\"font-weight: 400;\">V\u00fdrobce<\/span><\/td>\n<td><span style=\"font-weight: 400;\">BAT<\/span><\/td>\n<\/tr>\n<tr>\n<td><span style=\"font-weight: 400;\">Pozoruhodn\u00e9 funkce<\/span><\/td>\n<td><span style=\"font-weight: 400;\">Bez tab\u00e1ku, diskr\u00e9tn\u00ed tenk\u00e9 porce, vyv\u00e1\u017een\u00fd chu\u0165ov\u00fd profil<\/span><\/td>\n<\/tr>\n<\/tbody>\n<\/table>\n<h2 data-start=\"910\" data-end=\"923\">Funkce<\/h2>\n<ul data-start=\"924\" data-end=\"1127\">\n<li data-start=\"924\" data-end=\"951\">\n<p data-start=\"926\" data-end=\"951\">Chu\u0165 <strong data-start=\"936\" data-end=\"949\">m\u00e1tov\u00fd<\/strong><\/p>\n<\/li>\n<li data-start=\"952\" data-end=\"990\">\n<p data-start=\"954\" data-end=\"990\"><strong data-start=\"954\" data-end=\"962\">Slim<\/strong> form\u00e1t se zaoblen\u00fdmi hranami<\/p>\n<\/li>\n<li data-start=\"991\" data-end=\"1060\">\n<p data-start=\"993\" data-end=\"1060\">B\u00edl\u00fd s\u00e1\u010dek bez tab\u00e1ku se siln\u00fdm obsahem nikotinu (<strong data-start=\"1049\" data-end=\"1057\">8 mg<\/strong>)<\/p>\n<\/li>\n<li data-start=\"1061\" data-end=\"1103\">\n<p data-start=\"1063\" data-end=\"1103\">\u0160estihrann\u00e1 plechovka a rostlinn\u00fd materi\u00e1l<\/p>\n<\/li>\n<li data-start=\"1104\" data-end=\"1127\">\n<p data-start=\"1106\" data-end=\"1127\">Vyrobeno spole\u010dnost\u00ed BAT<\/p>\n<\/li>\n<\/ul>","protected":false},"excerpt":{"rendered":"<p>VELO <strong data-start=\"184\" data-end=\"207\">Shift Hot Spearmint<\/strong> na adrese <strong data-start=\"211\" data-end=\"219\">Slim<\/strong> je b\u00edl\u00fd beztab\u00e1kov\u00fd s\u00e1\u010dek s p\u0159\u00edchut\u00ed m\u00e1ty. Ka\u017ed\u00fd s\u00e1\u010dek obsahuje <strong data-start=\"295\" data-end=\"303\">8 mg<\/strong> nikotinu a dod\u00e1v\u00e1 se v \u0161estihrann\u00e9 plechovce se zaoblen\u00fdmi \u010d\u00e1stmi.<\/p>","protected":false},"featured_media":32545,"comment_status":"open","ping_status":"closed","template":"","format":[206],"meta":{"_acf_changed":false},"product_brand":[],"product_cat":[48],"product_tag":[16583],"flavours":[199],"nicotine":[208,236],"class_list":{"0":"post-32540","1":"product","2":"type-product","3":"status-publish","4":"has-post-thumbnail","6":"product_cat-velo","7":"product_tag-8-mg-pouch","8":"pa_quantity-1-pack","9":"pa_quantity-10-pack","10":"pa_quantity-3-pack","11":"pa_quantity-30-pack","12":"pa_quantity-5-pack","13":"pa_quantity-60-pack","14":"flavours-mint","15":"format-slim","16":"nicotine-11-mg-g","17":"nicotine-strong","19":"first","20":"instock","21":"taxable","22":"shipping-taxable","23":"purchasable","24":"product-type-variable"},"acf":[],"_links":{"self":[{"href":"https:\/\/whitelip.com\/cs\/wp-json\/wp\/v2\/product\/32540","targetHints":{"allow":["GET"]}}],"collection":[{"href":"https:\/\/whitelip.com\/cs\/wp-json\/wp\/v2\/product"}],"about":[{"href":"https:\/\/whitelip.com\/cs\/wp-json\/wp\/v2\/types\/product"}],"replies":[{"embeddable":true,"href":"https:\/\/whitelip.com\/cs\/wp-json\/wp\/v2\/comments?post=32540"}],"wp:featuredmedia":[{"embeddable":true,"href":"https:\/\/whitelip.com\/cs\/wp-json\/wp\/v2\/media\/32545"}],"wp:attachment":[{"href":"https:\/\/whitelip.com\/cs\/wp-json\/wp\/v2\/media?parent=32540"}],"wp:term":[{"taxonomy":"product_brand","embeddable":true,"href":"https:\/\/whitelip.com\/cs\/wp-json\/wp\/v2\/product_brand?post=32540"},{"taxonomy":"product_cat","embeddable":true,"href":"https:\/\/whitelip.com\/cs\/wp-json\/wp\/v2\/product_cat?post=32540"},{"taxonomy":"product_tag","embeddable":true,"href":"https:\/\/whitelip.com\/cs\/wp-json\/wp\/v2\/product_tag?post=32540"},{"taxonomy":"flavours","embeddable":true,"href":"https:\/\/whitelip.com\/cs\/wp-json\/wp\/v2\/flavours?post=32540"},{"taxonomy":"format","embeddable":true,"href":"https:\/\/whitelip.com\/cs\/wp-json\/wp\/v2\/format?post=32540"},{"taxonomy":"nicotine","embeddable":true,"href":"https:\/\/whitelip.com\/cs\/wp-json\/wp\/v2\/nicotine?post=32540"}],"curies":[{"name":"wp","href":"https:\/\/api.w.org\/{rel}","templated":true}]}}