{"id":30035,"date":"2025-10-09T13:21:34","date_gmt":"2025-10-09T13:21:34","guid":{"rendered":"https:\/\/whitelip.com\/?post_type=product&#038;p=30035"},"modified":"2026-04-30T10:11:10","modified_gmt":"2026-04-30T10:11:10","slug":"zyn-cactus-spice-16mg","status":"publish","type":"product","link":"https:\/\/whitelip.com\/cs\/zyn\/zyn-cactus-spice-16mg\/","title":{"rendered":"ZYN Cactus Spice 11mg"},"content":{"rendered":"<h2>ZYN Cactus Spice 11mg<\/h2>\n<p><span style=\"font-weight: 400;\">ZYN Cactus Spice 11 mg nab\u00edz\u00ed ostr\u00fd a osv\u011b\u017euj\u00edc\u00ed z\u00e1\u017eitek z <strong>kaktus, limetka a chilli<\/strong>. Ka\u017ed\u00fd s\u00e1\u010dek je ur\u010den pro zku\u0161en\u00e9 u\u017eivatele a poskytuje siln\u00fdch 11 mg nikotinu s odv\u00e1\u017en\u00fdm, ko\u0159en\u011bn\u00fdm z\u00e1v\u011brem, kter\u00fd probouz\u00ed smysly. Tento siln\u00fd kaktusov\u00fd profil je ide\u00e1ln\u00ed pro ty, kte\u0159\u00ed hledaj\u00ed maxim\u00e1ln\u00ed intenzitu chuti i s\u00edly.<\/span><\/p>\n<p><span style=\"font-weight: 400;\">D\u00edky sv\u00e9mu tenk\u00e9mu, zcela b\u00edl\u00e9mu form\u00e1tu se ZYN Cactus Spice pohodln\u011b a diskr\u00e9tn\u011b um\u00edst\u00ed pod rty, ani\u017e by zabarvoval zuby. Je vyroben v\u00fdhradn\u011b z materi\u00e1l\u016f rostlinn\u00e9ho p\u016fvodu a neobsahuje tab\u00e1k, tak\u017ee p\u0159in\u00e1\u0161\u00ed \u010distou a uspokojivou alternativu pro modern\u00ed u\u017e\u00edv\u00e1n\u00ed nikotinu s \u017eiv\u00fdm, ko\u0159en\u011bn\u00fdm n\u00e1dechem.<\/span><\/p>\n<table>\n<tbody>\n<tr>\n<td><b>Atribut<\/b><\/td>\n<td><b>Podrobnosti na<\/b><\/td>\n<\/tr>\n<tr>\n<td><span style=\"font-weight: 400;\">Zna\u010dka<\/span><\/td>\n<td><span style=\"font-weight: 400;\">ZYN<\/span><\/td>\n<\/tr>\n<tr>\n<td><span style=\"font-weight: 400;\">Typ v\u00fdrobku<\/span><\/td>\n<td><span style=\"font-weight: 400;\">V\u0161echny b\u00edl\u00e9 nikotinov\u00e9 s\u00e1\u010dky<\/span><\/td>\n<\/tr>\n<tr>\n<td><span style=\"font-weight: 400;\">Form\u00e1t<\/span><\/td>\n<td><span style=\"font-weight: 400;\">Slim<\/span><\/td>\n<\/tr>\n<tr>\n<td><span style=\"font-weight: 400;\">P\u0159\u00edchu\u0165<\/span><\/td>\n<td><span style=\"font-weight: 400;\">Kaktus, limeta a chilli<\/span><\/td>\n<\/tr>\n<tr>\n<td><span style=\"font-weight: 400;\">S\u00edla nikotinu<\/span><\/td>\n<td><span style=\"font-weight: 400;\">11 mg na s\u00e1\u010dek (16 mg\/g)<\/span><\/td>\n<\/tr>\n<tr>\n<td><span style=\"font-weight: 400;\">Hmotnost porce<\/span><\/td>\n<td><span style=\"font-weight: 400;\">0,7 gramu<\/span><\/td>\n<\/tr>\n<tr>\n<td><span style=\"font-weight: 400;\">Po\u010det porc\u00ed<\/span><\/td>\n<td><span style=\"font-weight: 400;\">21 za plechovku<\/span><\/td>\n<\/tr>\n<tr>\n<td><span style=\"font-weight: 400;\">Celkov\u00e1 hmotnost plechovky<\/span><\/td>\n<td><span style=\"font-weight: 400;\">14,3 gram\u016f<\/span><\/td>\n<\/tr>\n<tr>\n<td><span style=\"font-weight: 400;\">V\u00fdrobce<\/span><\/td>\n<td><span style=\"font-weight: 400;\">\u0160v\u00e9dsk\u00e1 z\u00e1palka<\/span><\/td>\n<\/tr>\n<tr>\n<td><span style=\"font-weight: 400;\">Pozoruhodn\u00e9 funkce<\/span><\/td>\n<td><span style=\"font-weight: 400;\">Bez tab\u00e1ku, huben\u00fd form\u00e1t, intenzivn\u00ed m\u00e1ta s vysok\u00fdm obsahem nikotinu<\/span><\/td>\n<\/tr>\n<\/tbody>\n<\/table>","protected":false},"excerpt":{"rendered":"<p>ZYN <strong data-start=\"4\" data-end=\"20\">Kaktusov\u00e9 ko\u0159en\u00ed<\/strong> p\u0159in\u00e1\u0161\u00ed ostrou, osv\u011b\u017euj\u00edc\u00ed sm\u011bs kaktusu, limetky a chilli s odv\u00e1\u017en\u00fdm, pikantn\u00edm z\u00e1v\u011brem pro zku\u0161en\u00e9 u\u017eivatele. Ka\u017ed\u00fd s\u00e1\u010dek obsahuje <strong data-start=\"150\" data-end=\"168\">11 mg nikotinu<\/strong> pro siln\u00fd a rovnom\u011brn\u00fd kop.<\/p>","protected":false},"featured_media":30039,"comment_status":"open","ping_status":"closed","template":"","format":[206],"meta":{"_acf_changed":false},"product_brand":[],"product_cat":[37],"product_tag":[16551],"flavours":[190,187,196],"nicotine":[213,232],"class_list":{"0":"post-30035","1":"product","2":"type-product","3":"status-publish","4":"has-post-thumbnail","6":"product_cat-zyn","7":"product_tag-11-mg-pouch","8":"pa_quantity-1-pack","9":"pa_quantity-10-pack","10":"pa_quantity-3-pack","11":"pa_quantity-30-pack","12":"pa_quantity-5-pack","13":"pa_quantity-60-pack","14":"flavours-citrus","15":"flavours-chili","16":"flavours-fruits-berries","17":"format-slim","18":"nicotine-16-mg-g","19":"nicotine-extra-strong","21":"first","22":"instock","23":"taxable","24":"shipping-taxable","25":"purchasable","26":"product-type-variable"},"acf":[],"_links":{"self":[{"href":"https:\/\/whitelip.com\/cs\/wp-json\/wp\/v2\/product\/30035","targetHints":{"allow":["GET"]}}],"collection":[{"href":"https:\/\/whitelip.com\/cs\/wp-json\/wp\/v2\/product"}],"about":[{"href":"https:\/\/whitelip.com\/cs\/wp-json\/wp\/v2\/types\/product"}],"replies":[{"embeddable":true,"href":"https:\/\/whitelip.com\/cs\/wp-json\/wp\/v2\/comments?post=30035"}],"wp:featuredmedia":[{"embeddable":true,"href":"https:\/\/whitelip.com\/cs\/wp-json\/wp\/v2\/media\/30039"}],"wp:attachment":[{"href":"https:\/\/whitelip.com\/cs\/wp-json\/wp\/v2\/media?parent=30035"}],"wp:term":[{"taxonomy":"product_brand","embeddable":true,"href":"https:\/\/whitelip.com\/cs\/wp-json\/wp\/v2\/product_brand?post=30035"},{"taxonomy":"product_cat","embeddable":true,"href":"https:\/\/whitelip.com\/cs\/wp-json\/wp\/v2\/product_cat?post=30035"},{"taxonomy":"product_tag","embeddable":true,"href":"https:\/\/whitelip.com\/cs\/wp-json\/wp\/v2\/product_tag?post=30035"},{"taxonomy":"flavours","embeddable":true,"href":"https:\/\/whitelip.com\/cs\/wp-json\/wp\/v2\/flavours?post=30035"},{"taxonomy":"format","embeddable":true,"href":"https:\/\/whitelip.com\/cs\/wp-json\/wp\/v2\/format?post=30035"},{"taxonomy":"nicotine","embeddable":true,"href":"https:\/\/whitelip.com\/cs\/wp-json\/wp\/v2\/nicotine?post=30035"}],"curies":[{"name":"wp","href":"https:\/\/api.w.org\/{rel}","templated":true}]}}