{"id":29062,"date":"2025-10-01T14:09:51","date_gmt":"2025-10-01T14:09:51","guid":{"rendered":"https:\/\/whitelip.com\/?post_type=product&#038;p=29062"},"modified":"2026-05-06T10:11:27","modified_gmt":"2026-05-06T10:11:27","slug":"fumi-zingy-ginger","status":"publish","type":"product","link":"https:\/\/whitelip.com\/cs\/fumi\/fumi-zingy-ginger\/","title":{"rendered":"FUMI Zingy Ginger"},"content":{"rendered":"<h2><b>FUMI Zingy Ginger<\/b><\/h2>\n<p><span style=\"font-weight: 400;\">FUMI Zingy Ginger p\u0159in\u00e1\u0161\u00ed h\u0159ejiv\u00fd, ko\u0159en\u011bn\u00fd n\u00e1dech z\u00e1zvoru vyv\u00e1\u017een\u00fd sv\u011b\u017e\u00ed pikantn\u00ed p\u0159\u00edchut\u00ed a nab\u00edz\u00ed odv\u00e1\u017en\u00fd a povzbuzuj\u00edc\u00ed nikotinov\u00fd z\u00e1\u017eitek. Tyto tenk\u00e9 nikotinov\u00e9 s\u00e1\u010dky jsou ide\u00e1ln\u00ed pro u\u017eivatele, kte\u0159\u00ed maj\u00ed r\u00e1di v\u00fdrazn\u00e9, \u017eiv\u00e9 p\u0159\u00edchut\u011b, s rovnom\u011brn\u00fdm uvol\u0148ov\u00e1n\u00edm nikotinu 4 mg na s\u00e1\u010dek. Vaky FUMI Zingy Ginger jsou navr\u017eeny pro diskr\u00e9tn\u00ed a pohodln\u00e9 pou\u017e\u00edv\u00e1n\u00ed, hladce se vejdou pod rty a poskytuj\u00ed \u010distou alternativu tradi\u010dn\u00edch v\u00fdrobk\u016f bez skvrn. Jeho ostr\u00fd a osv\u011b\u017euj\u00edc\u00ed charakter z n\u011bj \u010din\u00ed jedine\u010dnou ka\u017edodenn\u00ed volbu v \u0159ad\u011b FUMI.<\/span><\/p>\n<table>\n<tbody>\n<tr>\n<td><b>Atribut<\/b><\/td>\n<td><b>Podrobnosti na<\/b><\/td>\n<\/tr>\n<tr>\n<td><span style=\"font-weight: 400;\">Obsah na plechovku<\/span><\/td>\n<td><span style=\"font-weight: 400;\">14 g (20 s\u00e1\u010dk\u016f)<\/span><\/td>\n<\/tr>\n<tr>\n<td><span style=\"font-weight: 400;\">Obsah nikotinu<\/span><\/td>\n<td><span style=\"font-weight: 400;\">6 mg\/g<\/span><\/td>\n<\/tr>\n<tr>\n<td><span style=\"font-weight: 400;\">Form\u00e1t pouzdra<\/span><\/td>\n<td><span style=\"font-weight: 400;\">Slim<\/span><\/td>\n<\/tr>\n<tr>\n<td><span style=\"font-weight: 400;\">V\u00fdrobce<\/span><\/td>\n<td><span style=\"font-weight: 400;\">FUMI<\/span><\/td>\n<\/tr>\n<tr>\n<td><span style=\"font-weight: 400;\">P\u0159\u00edchu\u0165<\/span><\/td>\n<td><span style=\"font-weight: 400;\">Z\u00e1zvor (Zingy Ginger)<\/span><\/td>\n<\/tr>\n<tr>\n<td><span style=\"font-weight: 400;\">Typ<\/span><\/td>\n<td><span style=\"font-weight: 400;\">Celob\u00edl\u00fd s\u00e1\u010dek, bez tab\u00e1ku<\/span><\/td>\n<\/tr>\n<\/tbody>\n<\/table>","protected":false},"excerpt":{"rendered":"<p>Tepl\u00e9, <strong>pikantn\u00ed z\u00e1zvor<\/strong> se sv\u011b\u017e\u00edm, pikantn\u00edm n\u00e1dechem a v\u00fdraznou, osv\u011b\u017euj\u00edc\u00ed chut\u00ed. Na <strong>slim<\/strong>, diskr\u00e9tn\u00ed st\u0159ih pohodln\u011b sed\u00ed pod rtem a snadno se pou\u017e\u00edv\u00e1 na cest\u00e1ch. Ka\u017ed\u00fd s\u00e1\u010dek p\u0159in\u00e1\u0161\u00ed <strong data-start=\"227\" data-end=\"244\">4 mg nikotinu<\/strong> pro \u010dist\u00fd a vyv\u00e1\u017een\u00fd ka\u017edodenn\u00ed z\u00e1\u017eitek.<\/p>","protected":false},"featured_media":29067,"comment_status":"open","ping_status":"closed","template":"","format":[206],"meta":{"_acf_changed":false},"product_brand":[],"product_cat":[245],"product_tag":[16585],"flavours":[197],"nicotine":[228,235],"class_list":{"0":"post-29062","1":"product","2":"type-product","3":"status-publish","4":"has-post-thumbnail","6":"product_cat-fumi","7":"product_tag-4-mg-pouch","8":"pa_quantity-1-pack","9":"pa_quantity-10-pack","10":"pa_quantity-3-pack","11":"pa_quantity-30-pack","12":"pa_quantity-5-pack","13":"pa_quantity-60-pack","14":"flavours-ginger","15":"format-slim","16":"nicotine-6-mg-g","17":"nicotine-normal","19":"first","20":"instock","21":"taxable","22":"shipping-taxable","23":"purchasable","24":"product-type-variable"},"acf":[],"_links":{"self":[{"href":"https:\/\/whitelip.com\/cs\/wp-json\/wp\/v2\/product\/29062","targetHints":{"allow":["GET"]}}],"collection":[{"href":"https:\/\/whitelip.com\/cs\/wp-json\/wp\/v2\/product"}],"about":[{"href":"https:\/\/whitelip.com\/cs\/wp-json\/wp\/v2\/types\/product"}],"replies":[{"embeddable":true,"href":"https:\/\/whitelip.com\/cs\/wp-json\/wp\/v2\/comments?post=29062"}],"wp:featuredmedia":[{"embeddable":true,"href":"https:\/\/whitelip.com\/cs\/wp-json\/wp\/v2\/media\/29067"}],"wp:attachment":[{"href":"https:\/\/whitelip.com\/cs\/wp-json\/wp\/v2\/media?parent=29062"}],"wp:term":[{"taxonomy":"product_brand","embeddable":true,"href":"https:\/\/whitelip.com\/cs\/wp-json\/wp\/v2\/product_brand?post=29062"},{"taxonomy":"product_cat","embeddable":true,"href":"https:\/\/whitelip.com\/cs\/wp-json\/wp\/v2\/product_cat?post=29062"},{"taxonomy":"product_tag","embeddable":true,"href":"https:\/\/whitelip.com\/cs\/wp-json\/wp\/v2\/product_tag?post=29062"},{"taxonomy":"flavours","embeddable":true,"href":"https:\/\/whitelip.com\/cs\/wp-json\/wp\/v2\/flavours?post=29062"},{"taxonomy":"format","embeddable":true,"href":"https:\/\/whitelip.com\/cs\/wp-json\/wp\/v2\/format?post=29062"},{"taxonomy":"nicotine","embeddable":true,"href":"https:\/\/whitelip.com\/cs\/wp-json\/wp\/v2\/nicotine?post=29062"}],"curies":[{"name":"wp","href":"https:\/\/api.w.org\/{rel}","templated":true}]}}