{"id":29051,"date":"2025-10-01T14:09:51","date_gmt":"2025-10-01T14:09:51","guid":{"rendered":"https:\/\/whitelip.com\/?post_type=product&#038;p=29051"},"modified":"2026-05-06T17:16:44","modified_gmt":"2026-05-06T17:16:44","slug":"fumi-salty-violet","status":"publish","type":"product","link":"https:\/\/whitelip.com\/cs\/fumi\/fumi-salty-violet\/","title":{"rendered":"FUMI Salty Violet"},"content":{"rendered":"<h2><b>FUMI Salty Violet<\/b><\/h2>\n<p><span style=\"font-weight: 400;\">FUMI Salty Violet p\u0159in\u00e1\u0161\u00ed jemnou kv\u011btinovou sladkost fialky spojenou s odv\u00e1\u017en\u00fdm slan\u00fdm n\u00e1dechem, co\u017e vytv\u00e1\u0159\u00ed jedine\u010dn\u00fd a sofistikovan\u00fd nikotinov\u00fd z\u00e1\u017eitek. Tyto tenk\u00e9 nikotinov\u00e9 s\u00e1\u010dky jsou ur\u010deny pro u\u017eivatele, kte\u0159\u00ed ocen\u00ed dobrodru\u017en\u00e9 p\u0159\u00edchut\u011b s rovnom\u011brn\u00fdm uvol\u0148ov\u00e1n\u00edm nikotinu 4 mg na s\u00e1\u010dek. Pohodln\u00e9 a diskr\u00e9tn\u00ed pod rty, FUMI Salty Violet poskytuje \u010distou alternativu tradi\u010dn\u00edho tab\u00e1ku bez skvrn. Kombinace kv\u011btinov\u00e9 elegance a slan\u00fdch t\u00f3n\u016f z n\u011bj \u010din\u00ed v\u00fdraznou volbu v \u0159ad\u011b FUMI.<\/span><\/p>\n<table>\n<tbody>\n<tr>\n<td><b>Atribut<\/b><\/td>\n<td><b>Podrobnosti na<\/b><\/td>\n<\/tr>\n<tr>\n<td><span style=\"font-weight: 400;\">Obsah na plechovku<\/span><\/td>\n<td><span style=\"font-weight: 400;\">14 g (20 s\u00e1\u010dk\u016f)<\/span><\/td>\n<\/tr>\n<tr>\n<td><span style=\"font-weight: 400;\">Obsah nikotinu<\/span><\/td>\n<td><span style=\"font-weight: 400;\">6 mg\/g<\/span><\/td>\n<\/tr>\n<tr>\n<td><span style=\"font-weight: 400;\">Form\u00e1t pouzdra<\/span><\/td>\n<td><span style=\"font-weight: 400;\">Slim<\/span><\/td>\n<\/tr>\n<tr>\n<td><span style=\"font-weight: 400;\">V\u00fdrobce<\/span><\/td>\n<td><span style=\"font-weight: 400;\">FUMI<\/span><\/td>\n<\/tr>\n<tr>\n<td><span style=\"font-weight: 400;\">P\u0159\u00edchu\u0165<\/span><\/td>\n<td><span style=\"font-weight: 400;\">Violet &amp; Salty<\/span><\/td>\n<\/tr>\n<tr>\n<td><span style=\"font-weight: 400;\">Typ<\/span><\/td>\n<td><span style=\"font-weight: 400;\">Celob\u00edl\u00fd s\u00e1\u010dek, bez tab\u00e1ku<\/span><\/td>\n<\/tr>\n<\/tbody>\n<\/table>","protected":false},"excerpt":{"rendered":"<p>Delik\u00e1tn\u00ed <strong>fialov\u00e1<\/strong> t\u00f3ny vyv\u00e1\u017een\u00e9 odv\u00e1\u017en\u00fdm slan\u00fdm n\u00e1dechem pro vyt\u0159\u00edbenou chu\u0165 inspirovanou skandin\u00e1vskou kuchyn\u00ed. Na <strong>slim<\/strong>, diskr\u00e9tn\u00ed form\u00e1t, kter\u00fd se pohodln\u011b vejde pod rty pro snadn\u00e9 ka\u017edodenn\u00ed pou\u017eit\u00ed. Ka\u017ed\u00e9 pouzdro p\u0159in\u00e1\u0161\u00ed <strong data-start=\"244\" data-end=\"261\">4 mg nikotinu<\/strong> pro \u010dist\u00fd, hladk\u00fd a beze skvrn.<\/p>","protected":false},"featured_media":29055,"comment_status":"open","ping_status":"closed","template":"","format":[206],"meta":{"_acf_changed":false},"product_brand":[],"product_cat":[245],"product_tag":[16585],"flavours":[202,198],"nicotine":[228,235],"class_list":{"0":"post-29051","1":"product","2":"type-product","3":"status-publish","4":"has-post-thumbnail","6":"product_cat-fumi","7":"product_tag-4-mg-pouch","8":"pa_quantity-1-pack","9":"pa_quantity-10-pack","10":"pa_quantity-3-pack","11":"pa_quantity-30-pack","12":"pa_quantity-5-pack","13":"pa_quantity-60-pack","14":"flavours-violet","15":"flavours-licorice","16":"format-slim","17":"nicotine-6-mg-g","18":"nicotine-normal","20":"first","21":"instock","22":"taxable","23":"shipping-taxable","24":"purchasable","25":"product-type-variable"},"acf":[],"_links":{"self":[{"href":"https:\/\/whitelip.com\/cs\/wp-json\/wp\/v2\/product\/29051","targetHints":{"allow":["GET"]}}],"collection":[{"href":"https:\/\/whitelip.com\/cs\/wp-json\/wp\/v2\/product"}],"about":[{"href":"https:\/\/whitelip.com\/cs\/wp-json\/wp\/v2\/types\/product"}],"replies":[{"embeddable":true,"href":"https:\/\/whitelip.com\/cs\/wp-json\/wp\/v2\/comments?post=29051"}],"wp:featuredmedia":[{"embeddable":true,"href":"https:\/\/whitelip.com\/cs\/wp-json\/wp\/v2\/media\/29055"}],"wp:attachment":[{"href":"https:\/\/whitelip.com\/cs\/wp-json\/wp\/v2\/media?parent=29051"}],"wp:term":[{"taxonomy":"product_brand","embeddable":true,"href":"https:\/\/whitelip.com\/cs\/wp-json\/wp\/v2\/product_brand?post=29051"},{"taxonomy":"product_cat","embeddable":true,"href":"https:\/\/whitelip.com\/cs\/wp-json\/wp\/v2\/product_cat?post=29051"},{"taxonomy":"product_tag","embeddable":true,"href":"https:\/\/whitelip.com\/cs\/wp-json\/wp\/v2\/product_tag?post=29051"},{"taxonomy":"flavours","embeddable":true,"href":"https:\/\/whitelip.com\/cs\/wp-json\/wp\/v2\/flavours?post=29051"},{"taxonomy":"format","embeddable":true,"href":"https:\/\/whitelip.com\/cs\/wp-json\/wp\/v2\/format?post=29051"},{"taxonomy":"nicotine","embeddable":true,"href":"https:\/\/whitelip.com\/cs\/wp-json\/wp\/v2\/nicotine?post=29051"}],"curies":[{"name":"wp","href":"https:\/\/api.w.org\/{rel}","templated":true}]}}