{"id":29046,"date":"2025-10-01T14:09:51","date_gmt":"2025-10-01T14:09:51","guid":{"rendered":"https:\/\/whitelip.com\/?post_type=product&#038;p=29046"},"modified":"2026-04-30T10:11:09","modified_gmt":"2026-04-30T10:11:09","slug":"fumi-salty-raspberry","status":"publish","type":"product","link":"https:\/\/whitelip.com\/cs\/fumi\/fumi-salty-raspberry\/","title":{"rendered":"FUMI Slan\u00e1 malina"},"content":{"rendered":"<h2><b>FUMI Slan\u00e1 malina<\/b><\/h2>\n<p><span style=\"font-weight: 400;\">FUMI Salty Raspberry kombinuje \u0161\u0165avnatou sladkost zral\u00fdch malin s v\u00fdrazn\u00fdm slan\u00fdm n\u00e1dechem a vytv\u00e1\u0159\u00ed tak odv\u00e1\u017en\u00fd a jedine\u010dn\u00fd skandin\u00e1vsk\u00fd nikotinov\u00fd z\u00e1\u017eitek. Tyto tenk\u00e9 nikotinov\u00e9 s\u00e1\u010dky jsou ur\u010deny pro u\u017eivatele, kte\u0159\u00ed maj\u00ed r\u00e1di dobrodru\u017en\u00e9 chu\u0165ov\u00e9 profily s rovnom\u011brn\u00fdm uvol\u0148ov\u00e1n\u00edm nikotinu 4 mg na s\u00e1\u010dek. Pohodln\u00e9 a diskr\u00e9tn\u00ed pod rty, FUMI Salty Raspberry poskytuje \u010distou alternativu tradi\u010dn\u00edch v\u00fdrobk\u016f bez skvrn. D\u00edky vyv\u00e1\u017eenosti sladk\u00fdch a slan\u00fdch t\u00f3n\u016f je osv\u011b\u017euj\u00edc\u00ed a vzru\u0161uj\u00edc\u00ed volbou pro ka\u017edodenn\u00ed pou\u017e\u00edv\u00e1n\u00ed.<\/span><\/p>\n<table>\n<tbody>\n<tr>\n<td><b>Atribut<\/b><\/td>\n<td><b>Podrobnosti na<\/b><\/td>\n<\/tr>\n<tr>\n<td><span style=\"font-weight: 400;\">Obsah na plechovku<\/span><\/td>\n<td><span style=\"font-weight: 400;\">14 g (20 s\u00e1\u010dk\u016f)<\/span><\/td>\n<\/tr>\n<tr>\n<td><span style=\"font-weight: 400;\">Obsah nikotinu<\/span><\/td>\n<td><span style=\"font-weight: 400;\">6 mg\/g<\/span><\/td>\n<\/tr>\n<tr>\n<td><span style=\"font-weight: 400;\">Form\u00e1t pouzdra<\/span><\/td>\n<td><span style=\"font-weight: 400;\">Slim<\/span><\/td>\n<\/tr>\n<tr>\n<td><span style=\"font-weight: 400;\">V\u00fdrobce<\/span><\/td>\n<td><span style=\"font-weight: 400;\">FUMI<\/span><\/td>\n<\/tr>\n<tr>\n<td><span style=\"font-weight: 400;\">P\u0159\u00edchu\u0165<\/span><\/td>\n<td><span style=\"font-weight: 400;\">Maliny a slan\u00e9<\/span><\/td>\n<\/tr>\n<tr>\n<td><span style=\"font-weight: 400;\">Typ<\/span><\/td>\n<td><span style=\"font-weight: 400;\">Celob\u00edl\u00fd s\u00e1\u010dek, bez tab\u00e1ku<\/span><\/td>\n<\/tr>\n<\/tbody>\n<\/table>","protected":false},"excerpt":{"rendered":"<p>Sladk\u00fd, zral\u00fd <strong>malina<\/strong> s v\u00fdrazn\u00fdm slan\u00fdm p\u0159\u00edzvukem pro v\u00fdraznou chu\u0165 v seversk\u00e9m stylu. Na <strong>slim<\/strong>, diskr\u00e9tn\u00ed ulo\u017een\u00ed pohodln\u011b spo\u010d\u00edv\u00e1 pod rtem, tak\u017ee si ho m\u016f\u017eete u\u017e\u00edvat kdekoli. Ka\u017ed\u00e9 pouzdro p\u0159in\u00e1\u0161\u00ed <strong data-start=\"238\" data-end=\"255\">4 mg nikotinu<\/strong> pro \u010distou a vyv\u00e1\u017eenou ka\u017edodenn\u00ed stravu.<\/p>","protected":false},"featured_media":29050,"comment_status":"open","ping_status":"closed","template":"","format":[206],"meta":{"_acf_changed":false},"product_brand":[],"product_cat":[245],"product_tag":[16585],"flavours":[196,198],"nicotine":[228,235],"class_list":{"0":"post-29046","1":"product","2":"type-product","3":"status-publish","4":"has-post-thumbnail","6":"product_cat-fumi","7":"product_tag-4-mg-pouch","8":"pa_quantity-1-pack","9":"pa_quantity-10-pack","10":"pa_quantity-3-pack","11":"pa_quantity-30-pack","12":"pa_quantity-5-pack","13":"pa_quantity-60-pack","14":"flavours-fruits-berries","15":"flavours-licorice","16":"format-slim","17":"nicotine-6-mg-g","18":"nicotine-normal","20":"first","21":"instock","22":"taxable","23":"shipping-taxable","24":"purchasable","25":"product-type-variable"},"acf":[],"_links":{"self":[{"href":"https:\/\/whitelip.com\/cs\/wp-json\/wp\/v2\/product\/29046","targetHints":{"allow":["GET"]}}],"collection":[{"href":"https:\/\/whitelip.com\/cs\/wp-json\/wp\/v2\/product"}],"about":[{"href":"https:\/\/whitelip.com\/cs\/wp-json\/wp\/v2\/types\/product"}],"replies":[{"embeddable":true,"href":"https:\/\/whitelip.com\/cs\/wp-json\/wp\/v2\/comments?post=29046"}],"wp:featuredmedia":[{"embeddable":true,"href":"https:\/\/whitelip.com\/cs\/wp-json\/wp\/v2\/media\/29050"}],"wp:attachment":[{"href":"https:\/\/whitelip.com\/cs\/wp-json\/wp\/v2\/media?parent=29046"}],"wp:term":[{"taxonomy":"product_brand","embeddable":true,"href":"https:\/\/whitelip.com\/cs\/wp-json\/wp\/v2\/product_brand?post=29046"},{"taxonomy":"product_cat","embeddable":true,"href":"https:\/\/whitelip.com\/cs\/wp-json\/wp\/v2\/product_cat?post=29046"},{"taxonomy":"product_tag","embeddable":true,"href":"https:\/\/whitelip.com\/cs\/wp-json\/wp\/v2\/product_tag?post=29046"},{"taxonomy":"flavours","embeddable":true,"href":"https:\/\/whitelip.com\/cs\/wp-json\/wp\/v2\/flavours?post=29046"},{"taxonomy":"format","embeddable":true,"href":"https:\/\/whitelip.com\/cs\/wp-json\/wp\/v2\/format?post=29046"},{"taxonomy":"nicotine","embeddable":true,"href":"https:\/\/whitelip.com\/cs\/wp-json\/wp\/v2\/nicotine?post=29046"}],"curies":[{"name":"wp","href":"https:\/\/api.w.org\/{rel}","templated":true}]}}