{"id":29041,"date":"2025-10-01T14:09:52","date_gmt":"2025-10-01T14:09:52","guid":{"rendered":"https:\/\/whitelip.com\/?post_type=product&#038;p=29041"},"modified":"2026-04-21T10:11:39","modified_gmt":"2026-04-21T10:11:39","slug":"fumi-freezy-mint","status":"publish","type":"product","link":"https:\/\/whitelip.com\/cs\/fumi\/fumi-freezy-mint\/","title":{"rendered":"FUMI Freezy Mint"},"content":{"rendered":"<h2><b>FUMI Freezy Mint<\/b><\/h2>\n<p><span style=\"font-weight: 400;\">FUMI Freezy Mint p\u0159in\u00e1\u0161\u00ed ostrou a osv\u011b\u017euj\u00edc\u00ed m\u00e1tovou p\u0159\u00edchu\u0165 s extra chladiv\u00fdm \u00fa\u010dinkem, kter\u00e1 nab\u00edz\u00ed sv\u011b\u017e\u00ed a povzbuzuj\u00edc\u00ed nikotinov\u00fd z\u00e1\u017eitek. Tyto tenk\u00e9 nikotinov\u00e9 s\u00e1\u010dky jsou ur\u010deny pro u\u017eivatele, kte\u0159\u00ed maj\u00ed r\u00e1di klasick\u00fd mraziv\u00fd m\u00e1tov\u00fd pocit s rovnom\u011brn\u00fdm uvol\u0148ov\u00e1n\u00edm nikotinu 4 mg na s\u00e1\u010dek. FUMI Freezy Mint, kter\u00fd je pohodln\u00fd a diskr\u00e9tn\u00ed pod rty, poskytuje \u010distou alternativu tradi\u010dn\u00edch v\u00fdrobk\u016f bez skvrn. D\u00edky sv\u00e9mu v\u00fdrazn\u00e9mu a chladiv\u00e9mu profilu je ide\u00e1ln\u00ed volbou pro milovn\u00edky m\u00e1ty, kte\u0159\u00ed hledaj\u00ed sv\u011b\u017eest a s\u00edlu.<\/span><\/p>\n<table>\n<tbody>\n<tr>\n<td><b>Atribut<\/b><\/td>\n<td><b>Podrobnosti na<\/b><\/td>\n<\/tr>\n<tr>\n<td><span style=\"font-weight: 400;\">Obsah na plechovku<\/span><\/td>\n<td><span style=\"font-weight: 400;\">14 g (20 s\u00e1\u010dk\u016f)<\/span><\/td>\n<\/tr>\n<tr>\n<td><span style=\"font-weight: 400;\">Obsah nikotinu<\/span><\/td>\n<td><span style=\"font-weight: 400;\">6 mg\/g<\/span><\/td>\n<\/tr>\n<tr>\n<td><span style=\"font-weight: 400;\">Form\u00e1t pouzdra<\/span><\/td>\n<td><span style=\"font-weight: 400;\">Slim<\/span><\/td>\n<\/tr>\n<tr>\n<td><span style=\"font-weight: 400;\">V\u00fdrobce<\/span><\/td>\n<td><span style=\"font-weight: 400;\">FUMI<\/span><\/td>\n<\/tr>\n<tr>\n<td><span style=\"font-weight: 400;\">P\u0159\u00edchu\u0165<\/span><\/td>\n<td><span style=\"font-weight: 400;\">M\u00e1ta (Freezy Mint)<\/span><\/td>\n<\/tr>\n<tr>\n<td><span style=\"font-weight: 400;\">Typ<\/span><\/td>\n<td><span style=\"font-weight: 400;\">Celob\u00edl\u00fd s\u00e1\u010dek, bez tab\u00e1ku<\/span><\/td>\n<\/tr>\n<\/tbody>\n<\/table>","protected":false},"excerpt":{"rendered":"<p>K\u0159upav\u00fd, osv\u011b\u017euj\u00edc\u00ed <strong>m\u00e1ta<\/strong> s mimo\u0159\u00e1dn\u011b chladivou povrchovou \u00fapravou. Na <strong>slim<\/strong>, diskr\u00e9tn\u00ed st\u0159ih, kter\u00fd pohodln\u011b sed\u00ed pod rty a je ide\u00e1ln\u00ed pro sv\u011b\u017eest na cest\u00e1ch. Ka\u017ed\u00e9 pouzdro p\u0159in\u00e1\u0161\u00ed <strong data-start=\"202\" data-end=\"219\">4 mg nikotinu<\/strong> pro \u010dist\u00fd, mraziv\u00fd z\u00e1\u017eitek z m\u00e1ty bez tab\u00e1ku a skvrn.<\/p>","protected":false},"featured_media":29045,"comment_status":"open","ping_status":"closed","template":"","format":[206],"meta":{"_acf_changed":false},"product_brand":[],"product_cat":[245],"product_tag":[16585],"flavours":[199],"nicotine":[228,235],"class_list":{"0":"post-29041","1":"product","2":"type-product","3":"status-publish","4":"has-post-thumbnail","6":"product_cat-fumi","7":"product_tag-4-mg-pouch","8":"pa_quantity-1-pack","9":"pa_quantity-10-pack","10":"pa_quantity-3-pack","11":"pa_quantity-30-pack","12":"pa_quantity-5-pack","13":"pa_quantity-60-pack","14":"flavours-mint","15":"format-slim","16":"nicotine-6-mg-g","17":"nicotine-normal","19":"first","20":"instock","21":"taxable","22":"shipping-taxable","23":"purchasable","24":"product-type-variable"},"acf":[],"_links":{"self":[{"href":"https:\/\/whitelip.com\/cs\/wp-json\/wp\/v2\/product\/29041","targetHints":{"allow":["GET"]}}],"collection":[{"href":"https:\/\/whitelip.com\/cs\/wp-json\/wp\/v2\/product"}],"about":[{"href":"https:\/\/whitelip.com\/cs\/wp-json\/wp\/v2\/types\/product"}],"replies":[{"embeddable":true,"href":"https:\/\/whitelip.com\/cs\/wp-json\/wp\/v2\/comments?post=29041"}],"wp:featuredmedia":[{"embeddable":true,"href":"https:\/\/whitelip.com\/cs\/wp-json\/wp\/v2\/media\/29045"}],"wp:attachment":[{"href":"https:\/\/whitelip.com\/cs\/wp-json\/wp\/v2\/media?parent=29041"}],"wp:term":[{"taxonomy":"product_brand","embeddable":true,"href":"https:\/\/whitelip.com\/cs\/wp-json\/wp\/v2\/product_brand?post=29041"},{"taxonomy":"product_cat","embeddable":true,"href":"https:\/\/whitelip.com\/cs\/wp-json\/wp\/v2\/product_cat?post=29041"},{"taxonomy":"product_tag","embeddable":true,"href":"https:\/\/whitelip.com\/cs\/wp-json\/wp\/v2\/product_tag?post=29041"},{"taxonomy":"flavours","embeddable":true,"href":"https:\/\/whitelip.com\/cs\/wp-json\/wp\/v2\/flavours?post=29041"},{"taxonomy":"format","embeddable":true,"href":"https:\/\/whitelip.com\/cs\/wp-json\/wp\/v2\/format?post=29041"},{"taxonomy":"nicotine","embeddable":true,"href":"https:\/\/whitelip.com\/cs\/wp-json\/wp\/v2\/nicotine?post=29041"}],"curies":[{"name":"wp","href":"https:\/\/api.w.org\/{rel}","templated":true}]}}