{"id":28866,"date":"2025-09-30T15:25:05","date_gmt":"2025-09-30T15:25:05","guid":{"rendered":"https:\/\/whitelip.com\/?post_type=product&#038;p=28866"},"modified":"2026-04-14T21:06:28","modified_gmt":"2026-04-14T21:06:28","slug":"xqs-fizzy-peach-strong","status":"publish","type":"product","link":"https:\/\/whitelip.com\/cs\/xqs\/xqs-fizzy-peach-strong\/","title":{"rendered":"XQS Fizzy Peach Strong"},"content":{"rendered":"<h2><strong>XQS Fizzy Peach Strong<\/strong><\/h2>\n<p>XQS Fizzy Peach Strong je b\u00edl\u00fd nikotinov\u00fd s\u00e1\u010dek s p\u0159\u00edchut\u00ed \u0161umiv\u00e9 broskve. S\u00e1\u010dky maj\u00ed tenk\u00fd form\u00e1t a s\u00edlu nikotinu 16 mg\/g.<\/p>\n<ul>\n<li>P\u0159\u00edchu\u0165: Broskev<\/li>\n<li>Form\u00e1t: Slim<\/li>\n<li>Nikotin: 16 mg\/g<\/li>\n<li>Pouzdra: 20 ks<\/li>\n<li>Hmotnost: 10 g<\/li>\n<li>Zna\u010dka: <a href=\"https:\/\/whitelip.se\/en\/xqs\/\" target=\"_blank\" rel=\"noopener\">XQS<\/a><\/li>\n<li>V\u00fdrobce: <a href=\"https:\/\/www.st-group.com\/\" target=\"_blank\" rel=\"noopener\">Insurgent Ventures II<\/a><\/li>\n<\/ul>\n<p><em><strong>O zna\u010dce: XQS<\/strong><\/em><\/p>\n<p>Objevte sv\u011bt chut\u00ed a pohodl\u00ed s nikotinov\u00fdmi s\u00e1\u010dky XQS - \u0159adou, kter\u00e1 nab\u00edz\u00ed mimo\u0159\u00e1dnou chu\u0165ovou rozmanitost a diskr\u00e9tnost. D\u00edky r\u016fzn\u00fdm vzru\u0161uj\u00edc\u00edm p\u0159\u00edchut\u00edm a s\u00edle nikotinu nab\u00edz\u00ed XQS pohodln\u00e9 a stylov\u00e9 \u0159e\u0161en\u00ed pro uspokojen\u00ed va\u0161ich nikotinov\u00fdch pot\u0159eb. Vyzkou\u0161ejte tak\u00e9 mimo\u0159\u00e1dnou p\u0159irozenost XQS - jejich tablety jsou p\u0159irozen\u011b zbarven\u00e9 pro autentick\u00fd a p\u0159\u00edjemn\u00fd nikotinov\u00fd z\u00e1\u017eitek. Prozkoumejte rozs\u00e1hlou nab\u00eddku nikotinov\u00fdch s\u00e1\u010dk\u016f XQS a najd\u011bte si sv\u016fj obl\u00edben\u00fd pro p\u0159\u00edjemn\u00fd a p\u0159izp\u016fsoben\u00fd nikotinov\u00fd z\u00e1\u017eitek podle sv\u00e9ho pohodl\u00ed.<\/p>","protected":false},"excerpt":{"rendered":"<p>XQS<strong> Fizzy Peach<\/strong> Strong je zcela b\u00edl\u00fd nikotinov\u00fd s\u00e1\u010dek s p\u0159\u00edchut\u00ed \u0161umiv\u00e9 broskve. S\u00e1\u010dky jsou dod\u00e1v\u00e1ny v <strong>slim<\/strong> o s\u00edle nikotinu <strong>16 mg\/g.<\/strong><\/p>","protected":false},"featured_media":84312,"comment_status":"open","ping_status":"closed","template":"","format":[206],"meta":{"_acf_changed":false},"product_brand":[],"product_cat":[27],"product_tag":[16583],"flavours":[196],"nicotine":[213,232],"class_list":{"0":"post-28866","1":"product","2":"type-product","3":"status-publish","4":"has-post-thumbnail","6":"product_cat-xqs","7":"product_tag-8-mg-pouch","8":"pa_quantity-1-pack","9":"pa_quantity-10-pack","10":"pa_quantity-3-pack","11":"pa_quantity-30-pack","12":"pa_quantity-5-pack","13":"pa_quantity-60-pack","14":"flavours-fruits-berries","15":"format-slim","16":"nicotine-16-mg-g","17":"nicotine-extra-strong","19":"first","20":"instock","21":"taxable","22":"shipping-taxable","23":"purchasable","24":"product-type-variable","25":"has-default-attributes"},"acf":[],"_links":{"self":[{"href":"https:\/\/whitelip.com\/cs\/wp-json\/wp\/v2\/product\/28866","targetHints":{"allow":["GET"]}}],"collection":[{"href":"https:\/\/whitelip.com\/cs\/wp-json\/wp\/v2\/product"}],"about":[{"href":"https:\/\/whitelip.com\/cs\/wp-json\/wp\/v2\/types\/product"}],"replies":[{"embeddable":true,"href":"https:\/\/whitelip.com\/cs\/wp-json\/wp\/v2\/comments?post=28866"}],"wp:featuredmedia":[{"embeddable":true,"href":"https:\/\/whitelip.com\/cs\/wp-json\/wp\/v2\/media\/84312"}],"wp:attachment":[{"href":"https:\/\/whitelip.com\/cs\/wp-json\/wp\/v2\/media?parent=28866"}],"wp:term":[{"taxonomy":"product_brand","embeddable":true,"href":"https:\/\/whitelip.com\/cs\/wp-json\/wp\/v2\/product_brand?post=28866"},{"taxonomy":"product_cat","embeddable":true,"href":"https:\/\/whitelip.com\/cs\/wp-json\/wp\/v2\/product_cat?post=28866"},{"taxonomy":"product_tag","embeddable":true,"href":"https:\/\/whitelip.com\/cs\/wp-json\/wp\/v2\/product_tag?post=28866"},{"taxonomy":"flavours","embeddable":true,"href":"https:\/\/whitelip.com\/cs\/wp-json\/wp\/v2\/flavours?post=28866"},{"taxonomy":"format","embeddable":true,"href":"https:\/\/whitelip.com\/cs\/wp-json\/wp\/v2\/format?post=28866"},{"taxonomy":"nicotine","embeddable":true,"href":"https:\/\/whitelip.com\/cs\/wp-json\/wp\/v2\/nicotine?post=28866"}],"curies":[{"name":"wp","href":"https:\/\/api.w.org\/{rel}","templated":true}]}}