{"id":28860,"date":"2025-09-30T15:25:06","date_gmt":"2025-09-30T15:25:06","guid":{"rendered":"https:\/\/whitelip.com\/?post_type=product&#038;p=28860"},"modified":"2026-05-06T21:23:20","modified_gmt":"2026-05-06T21:23:20","slug":"xqs-dark-banana-strong","status":"publish","type":"product","link":"https:\/\/whitelip.com\/cs\/xqs\/xqs-dark-banana-strong\/","title":{"rendered":"XQS Dark Banana Strong"},"content":{"rendered":"<h2><strong>XQS Dark Banana Strong<\/strong><\/h2>\n<p>XQS Dark Banana Strong je nikotinov\u00fd s\u00e1\u010dek s p\u0159\u00edchut\u00ed ho\u0159k\u00e9 \u010dokol\u00e1dy a ban\u00e1nu. S\u00e1\u010dky maj\u00ed tenk\u00fd form\u00e1t a s\u00edlu nikotinu 16 mg\/g.<\/p>\n<ul>\n<li>P\u0159\u00edchu\u0165: Tmav\u00e1 \u010dokol\u00e1da a ban\u00e1n<\/li>\n<li>Form\u00e1t: Slim<\/li>\n<li>Nikotin: 16 mg\/g<\/li>\n<li>Pouzdra: 20 ks<\/li>\n<li>Hmotnost: 10 g<\/li>\n<li>Zna\u010dka: <a href=\"https:\/\/whitelip.se\/en\/xqs\/\" target=\"_blank\" rel=\"noopener\">XQS<\/a><\/li>\n<li>V\u00fdrobce: <a href=\"https:\/\/www.st-group.com\/\" target=\"_blank\" rel=\"noopener\">Insurgent Ventures II<\/a><\/li>\n<\/ul>\n<p><em><strong>O zna\u010dce: XQS<\/strong><\/em><\/p>\n<p>Objevte sv\u011bt chut\u00ed a pohodl\u00ed s nikotinov\u00fdmi s\u00e1\u010dky XQS - \u0159adou, kter\u00e1 nab\u00edz\u00ed mimo\u0159\u00e1dnou chu\u0165ovou rozmanitost a diskr\u00e9tnost. D\u00edky r\u016fzn\u00fdm vzru\u0161uj\u00edc\u00edm p\u0159\u00edchut\u00edm a s\u00edle nikotinu nab\u00edz\u00ed XQS pohodln\u00e9 a stylov\u00e9 \u0159e\u0161en\u00ed pro uspokojen\u00ed va\u0161ich nikotinov\u00fdch pot\u0159eb. Vyzkou\u0161ejte tak\u00e9 mimo\u0159\u00e1dnou p\u0159irozenost XQS - jejich tablety jsou p\u0159irozen\u011b zbarven\u00e9 pro autentick\u00fd a p\u0159\u00edjemn\u00fd nikotinov\u00fd z\u00e1\u017eitek. Prozkoumejte rozs\u00e1hlou nab\u00eddku nikotinov\u00fdch s\u00e1\u010dk\u016f XQS a najd\u011bte si sv\u016fj obl\u00edben\u00fd pro p\u0159\u00edjemn\u00fd a p\u0159izp\u016fsoben\u00fd nikotinov\u00fd z\u00e1\u017eitek podle sv\u00e9ho pohodl\u00ed.<\/p>","protected":false},"excerpt":{"rendered":"<p>XQS <strong data-start=\"4\" data-end=\"19\">Tmav\u00fd ban\u00e1n<\/strong> <strong data-start=\"20\" data-end=\"30\">Siln\u00fd<\/strong> p\u0159in\u00e1\u0161\u00ed ho\u0159kou \u010dokol\u00e1du a ban\u00e1n v b\u00edl\u00e9m profilu. Na <strong data-start=\"95\" data-end=\"103\">slim<\/strong> s\u00e1\u010dky jsou diskr\u00e9tn\u00ed a pohodln\u00e9. S\u00edla nikotinu: <strong>16 mg\/g.<\/strong><\/p>","protected":false},"featured_media":84311,"comment_status":"open","ping_status":"closed","template":"","format":[206],"meta":{"_acf_changed":false},"product_brand":[],"product_cat":[27],"product_tag":[16583],"flavours":[188,196],"nicotine":[213,232],"class_list":{"0":"post-28860","1":"product","2":"type-product","3":"status-publish","4":"has-post-thumbnail","6":"product_cat-xqs","7":"product_tag-8-mg-pouch","8":"pa_quantity-1-pack","9":"pa_quantity-10-pack","10":"pa_quantity-3-pack","11":"pa_quantity-30-pack","12":"pa_quantity-5-pack","13":"pa_quantity-60-pack","14":"flavours-chocolate","15":"flavours-fruits-berries","16":"format-slim","17":"nicotine-16-mg-g","18":"nicotine-extra-strong","20":"first","21":"instock","22":"taxable","23":"shipping-taxable","24":"purchasable","25":"product-type-variable","26":"has-default-attributes"},"acf":[],"_links":{"self":[{"href":"https:\/\/whitelip.com\/cs\/wp-json\/wp\/v2\/product\/28860","targetHints":{"allow":["GET"]}}],"collection":[{"href":"https:\/\/whitelip.com\/cs\/wp-json\/wp\/v2\/product"}],"about":[{"href":"https:\/\/whitelip.com\/cs\/wp-json\/wp\/v2\/types\/product"}],"replies":[{"embeddable":true,"href":"https:\/\/whitelip.com\/cs\/wp-json\/wp\/v2\/comments?post=28860"}],"wp:featuredmedia":[{"embeddable":true,"href":"https:\/\/whitelip.com\/cs\/wp-json\/wp\/v2\/media\/84311"}],"wp:attachment":[{"href":"https:\/\/whitelip.com\/cs\/wp-json\/wp\/v2\/media?parent=28860"}],"wp:term":[{"taxonomy":"product_brand","embeddable":true,"href":"https:\/\/whitelip.com\/cs\/wp-json\/wp\/v2\/product_brand?post=28860"},{"taxonomy":"product_cat","embeddable":true,"href":"https:\/\/whitelip.com\/cs\/wp-json\/wp\/v2\/product_cat?post=28860"},{"taxonomy":"product_tag","embeddable":true,"href":"https:\/\/whitelip.com\/cs\/wp-json\/wp\/v2\/product_tag?post=28860"},{"taxonomy":"flavours","embeddable":true,"href":"https:\/\/whitelip.com\/cs\/wp-json\/wp\/v2\/flavours?post=28860"},{"taxonomy":"format","embeddable":true,"href":"https:\/\/whitelip.com\/cs\/wp-json\/wp\/v2\/format?post=28860"},{"taxonomy":"nicotine","embeddable":true,"href":"https:\/\/whitelip.com\/cs\/wp-json\/wp\/v2\/nicotine?post=28860"}],"curies":[{"name":"wp","href":"https:\/\/api.w.org\/{rel}","templated":true}]}}