{"id":28727,"date":"2025-10-01T09:30:20","date_gmt":"2025-10-01T09:30:20","guid":{"rendered":"https:\/\/whitelip.com\/?post_type=product&#038;p=28727"},"modified":"2026-05-05T10:11:47","modified_gmt":"2026-05-05T10:11:47","slug":"greatest-arctic-edition","status":"publish","type":"product","link":"https:\/\/whitelip.com\/cs\/greatest\/greatest-arctic-edition\/","title":{"rendered":"GREATEST Arctic Edition"},"content":{"rendered":"<h2><b>GREATEST Arctic Edition<\/b><\/h2>\n<p><span style=\"font-weight: 400;\">Nikotinov\u00e9 s\u00e1\u010dky GREATEST Arctic Edition nab\u00edzej\u00ed ledovou a osv\u011b\u017euj\u00edc\u00ed m\u00e1tovou p\u0159\u00edchu\u0165 s extra chladiv\u00fdm \u00fa\u010dinkem pro osv\u011b\u017euj\u00edc\u00ed nikotinov\u00fd z\u00e1\u017eitek. D\u00edky s\u00edle nikotinu 16 mg na gram, co\u017e odpov\u00edd\u00e1 p\u0159ibli\u017en\u011b 12 mg na s\u00e1\u010dek, poskytuj\u00ed tyto tenk\u00e9 s\u00e1\u010dky siln\u00fd n\u00e1boj ide\u00e1ln\u00ed pro zku\u0161en\u00e9 u\u017eivatele. Ka\u017ed\u00e1 plechovka obsahuje 20 celob\u00edl\u00fdch s\u00e1\u010dk\u016f navr\u017een\u00fdch pro diskr\u00e9tn\u00ed a pohodln\u00e9 u\u017e\u00edv\u00e1n\u00ed bez zabarven\u00ed zub\u016f. GREATEST Arctic Edition, vyr\u00e1b\u011bn\u00fd finsk\u00fdm v\u00fdrobcem Puff &amp; Pouch, kter\u00fd je zn\u00e1m\u00fd sv\u00fdm inovativn\u00edm p\u0159\u00edstupem a konzistentn\u00ed kvalitou, je vytvo\u0159en tak, aby uspokojil ty, kte\u0159\u00ed maj\u00ed r\u00e1di v\u00fdrazn\u00e9 m\u00e1tov\u00e9 p\u0159\u00edchut\u011b s maxim\u00e1ln\u00ed sv\u011b\u017eest\u00ed.<\/span><\/p>\n<table>\n<tbody>\n<tr>\n<td><b>Atribut<\/b><\/td>\n<td><b>Podrobnosti na<\/b><\/td>\n<\/tr>\n<tr>\n<td><b>Obsah na plechovku<\/b><\/td>\n<td><span style=\"font-weight: 400;\">12 g (20 s\u00e1\u010dk\u016f)<\/span><\/td>\n<\/tr>\n<tr>\n<td><b>Obsah nikotinu<\/b><\/td>\n<td><span style=\"font-weight: 400;\">16 mg\/g (12 mg na s\u00e1\u010dek)<\/span><\/td>\n<\/tr>\n<tr>\n<td><b>Form\u00e1t pouzdra<\/b><\/td>\n<td><span style=\"font-weight: 400;\">Slim<\/span><\/td>\n<\/tr>\n<tr>\n<td><b>V\u00fdrobce<\/b><\/td>\n<td><span style=\"font-weight: 400;\">Puff &amp; Pouch<\/span><\/td>\n<\/tr>\n<tr>\n<td><b>P\u0159\u00edchu\u0165<\/b><\/td>\n<td><span style=\"font-weight: 400;\">Arktick\u00e1 m\u00e1ta<\/span><\/td>\n<\/tr>\n<tr>\n<td><b>Typ<\/b><\/td>\n<td><span style=\"font-weight: 400;\">Celob\u00edl\u00e9 pouzdro<\/span><\/td>\n<\/tr>\n<\/tbody>\n<\/table>","protected":false},"excerpt":{"rendered":"<p>Ledov\u00fd, osv\u011b\u017euj\u00edc\u00ed <strong data-start=\"18\" data-end=\"26\">m\u00e1ta<\/strong> s mimo\u0159\u00e1dn\u011b chladiv\u00fdm n\u00e1dechem. <strong data-start=\"56\" data-end=\"64\">Slim<\/strong>, celob\u00edl\u00e9 s\u00e1\u010dky diskr\u00e9tn\u011b sed\u00ed pod rty a nezbarvuj\u00ed zuby; ka\u017ed\u00e1 plechovka jich obsahuje 20. Ka\u017ed\u00fd s\u00e1\u010dek obsahuje <strong data-start=\"179\" data-end=\"198\">~12 mg nikotinu<\/strong> (16 mg\/g), co\u017e zku\u0161en\u00e9 u\u017eivatele siln\u011b nakopne. Vyrobeno firmou Puff &amp; Pouch (Finsko) pro zaji\u0161t\u011bn\u00ed st\u00e1l\u00e9 kvality a maxim\u00e1ln\u00ed \u010derstvosti.<\/p>","protected":false},"featured_media":28731,"comment_status":"open","ping_status":"closed","template":"","format":[206],"meta":{"_acf_changed":false},"product_brand":[],"product_cat":[87],"product_tag":[16561],"flavours":[199],"nicotine":[213,232],"class_list":{"0":"post-28727","1":"product","2":"type-product","3":"status-publish","4":"has-post-thumbnail","6":"product_cat-greatest","7":"product_tag-12-mg-pouch","8":"pa_quantity-1-pack","9":"pa_quantity-10-pack","10":"pa_quantity-3-pack","11":"pa_quantity-30-pack","12":"pa_quantity-5-pack","13":"pa_quantity-60-pack","14":"flavours-mint","15":"format-slim","16":"nicotine-16-mg-g","17":"nicotine-extra-strong","19":"first","20":"instock","21":"taxable","22":"shipping-taxable","23":"purchasable","24":"product-type-variable"},"acf":[],"_links":{"self":[{"href":"https:\/\/whitelip.com\/cs\/wp-json\/wp\/v2\/product\/28727","targetHints":{"allow":["GET"]}}],"collection":[{"href":"https:\/\/whitelip.com\/cs\/wp-json\/wp\/v2\/product"}],"about":[{"href":"https:\/\/whitelip.com\/cs\/wp-json\/wp\/v2\/types\/product"}],"replies":[{"embeddable":true,"href":"https:\/\/whitelip.com\/cs\/wp-json\/wp\/v2\/comments?post=28727"}],"wp:featuredmedia":[{"embeddable":true,"href":"https:\/\/whitelip.com\/cs\/wp-json\/wp\/v2\/media\/28731"}],"wp:attachment":[{"href":"https:\/\/whitelip.com\/cs\/wp-json\/wp\/v2\/media?parent=28727"}],"wp:term":[{"taxonomy":"product_brand","embeddable":true,"href":"https:\/\/whitelip.com\/cs\/wp-json\/wp\/v2\/product_brand?post=28727"},{"taxonomy":"product_cat","embeddable":true,"href":"https:\/\/whitelip.com\/cs\/wp-json\/wp\/v2\/product_cat?post=28727"},{"taxonomy":"product_tag","embeddable":true,"href":"https:\/\/whitelip.com\/cs\/wp-json\/wp\/v2\/product_tag?post=28727"},{"taxonomy":"flavours","embeddable":true,"href":"https:\/\/whitelip.com\/cs\/wp-json\/wp\/v2\/flavours?post=28727"},{"taxonomy":"format","embeddable":true,"href":"https:\/\/whitelip.com\/cs\/wp-json\/wp\/v2\/format?post=28727"},{"taxonomy":"nicotine","embeddable":true,"href":"https:\/\/whitelip.com\/cs\/wp-json\/wp\/v2\/nicotine?post=28727"}],"curies":[{"name":"wp","href":"https:\/\/api.w.org\/{rel}","templated":true}]}}