{"id":28722,"date":"2025-09-29T12:34:36","date_gmt":"2025-09-29T12:34:36","guid":{"rendered":"https:\/\/whitelip.com\/?post_type=product&#038;p=28722"},"modified":"2026-05-02T10:11:38","modified_gmt":"2026-05-02T10:11:38","slug":"greatest-lemonade-edition","status":"publish","type":"product","link":"https:\/\/whitelip.com\/cs\/greatest\/greatest-lemonade-edition\/","title":{"rendered":"Nejv\u011bt\u0161\u00ed edice limon\u00e1d"},"content":{"rendered":"<h2><b>Nejv\u011bt\u0161\u00ed edice limon\u00e1d<\/b><\/h2>\n<p><span style=\"font-weight: 400;\">Nikotinov\u00e9 s\u00e1\u010dky GREATEST Lemonade Edition p\u0159in\u00e1\u0161ej\u00ed sv\u011b\u017e\u00ed a osv\u011b\u017euj\u00edc\u00ed limon\u00e1dovou p\u0159\u00edchu\u0165 s dokonalou rovnov\u00e1hou citrusov\u00e9 sladkosti a chuti. D\u00edky s\u00edle nikotinu 16 mg na gram, co\u017e odpov\u00edd\u00e1 p\u0159ibli\u017en\u011b 12 mg na s\u00e1\u010dek, poskytuj\u00ed tyto tenk\u00e9 s\u00e1\u010dky siln\u00e9 a stabiln\u00ed uvol\u0148ov\u00e1n\u00ed ide\u00e1ln\u00ed pro zku\u0161en\u00e9 u\u017eivatele. Ka\u017ed\u00e1 plechovka obsahuje 20 diskr\u00e9tn\u00edch, zcela b\u00edl\u00fdch s\u00e1\u010dk\u016f, kter\u00e9 jsou p\u0159\u00edjemn\u00e9 pod rty a ne\u0161pin\u00ed zuby. GREATEST Lemonade Edition, vyr\u00e1b\u011bn\u00fd finsk\u00fdm v\u00fdrobcem Puff &amp; Pouch, kter\u00fd je uzn\u00e1van\u00fd pro kombinaci modern\u00edch inovac\u00ed s tradi\u010dn\u00ed kvalitou, nab\u00edz\u00ed odv\u00e1\u017en\u00fd a osv\u011b\u017euj\u00edc\u00ed nikotinov\u00fd z\u00e1\u017eitek.<\/span><\/p>\n<table>\n<tbody>\n<tr>\n<td><b>Atribut<\/b><\/td>\n<td><b>Podrobnosti na<\/b><\/td>\n<\/tr>\n<tr>\n<td><b>Obsah na plechovku<\/b><\/td>\n<td><span style=\"font-weight: 400;\">12 g (20 s\u00e1\u010dk\u016f)<\/span><\/td>\n<\/tr>\n<tr>\n<td><b>Obsah nikotinu<\/b><\/td>\n<td><span style=\"font-weight: 400;\">16 mg\/g (12 mg na s\u00e1\u010dek)<\/span><\/td>\n<\/tr>\n<tr>\n<td><b>Form\u00e1t pouzdra<\/b><\/td>\n<td><span style=\"font-weight: 400;\">Slim<\/span><\/td>\n<\/tr>\n<tr>\n<td><b>V\u00fdrobce<\/b><\/td>\n<td><span style=\"font-weight: 400;\">Premium Pouch Global<\/span><\/td>\n<\/tr>\n<tr>\n<td><b>P\u0159\u00edchu\u0165<\/b><\/td>\n<td><span style=\"font-weight: 400;\">Limon\u00e1da<\/span><\/td>\n<\/tr>\n<tr>\n<td><b>Typ<\/b><\/td>\n<td><span style=\"font-weight: 400;\">Celob\u00edl\u00e9 pouzdro<\/span><\/td>\n<\/tr>\n<\/tbody>\n<\/table>","protected":false},"excerpt":{"rendered":"<p>K\u0159upav\u00fd, osv\u011b\u017euj\u00edc\u00ed <strong data-start=\"18\" data-end=\"30\">limon\u00e1da<\/strong> s vyv\u00e1\u017eenou citrusovou sladkost\u00ed a pikantnost\u00ed. <strong data-start=\"72\" data-end=\"80\">Slim<\/strong>, celob\u00edl\u00e9 s\u00e1\u010dky diskr\u00e9tn\u011b sed\u00ed pod rty a nezanech\u00e1vaj\u00ed skvrny na zubech; 20 ks v plechovce. Ka\u017ed\u00fd s\u00e1\u010dek obsahuje <strong data-start=\"184\" data-end=\"203\">~12 mg nikotinu<\/strong> (16 mg\/g), co\u017e zku\u0161en\u00fdm u\u017eivatel\u016fm p\u0159in\u00e1\u0161\u00ed siln\u00e9 a stabiln\u00ed uvol\u0148ov\u00e1n\u00ed. Vyrobeno spole\u010dnost\u00ed Puff &amp; Pouch (Finsko) pro zaji\u0161t\u011bn\u00ed st\u00e1l\u00e9 kvality.<\/p>","protected":false},"featured_media":28726,"comment_status":"open","ping_status":"closed","template":"","format":[206],"meta":{"_acf_changed":false},"product_brand":[],"product_cat":[87],"product_tag":[16561],"flavours":[190],"nicotine":[213,232],"class_list":{"0":"post-28722","1":"product","2":"type-product","3":"status-publish","4":"has-post-thumbnail","6":"product_cat-greatest","7":"product_tag-12-mg-pouch","8":"pa_quantity-1-pack","9":"pa_quantity-10-pack","10":"pa_quantity-3-pack","11":"pa_quantity-30-pack","12":"pa_quantity-5-pack","13":"pa_quantity-60-pack","14":"flavours-citrus","15":"format-slim","16":"nicotine-16-mg-g","17":"nicotine-extra-strong","19":"first","20":"outofstock","21":"taxable","22":"shipping-taxable","23":"purchasable","24":"product-type-variable"},"acf":[],"_links":{"self":[{"href":"https:\/\/whitelip.com\/cs\/wp-json\/wp\/v2\/product\/28722","targetHints":{"allow":["GET"]}}],"collection":[{"href":"https:\/\/whitelip.com\/cs\/wp-json\/wp\/v2\/product"}],"about":[{"href":"https:\/\/whitelip.com\/cs\/wp-json\/wp\/v2\/types\/product"}],"replies":[{"embeddable":true,"href":"https:\/\/whitelip.com\/cs\/wp-json\/wp\/v2\/comments?post=28722"}],"wp:featuredmedia":[{"embeddable":true,"href":"https:\/\/whitelip.com\/cs\/wp-json\/wp\/v2\/media\/28726"}],"wp:attachment":[{"href":"https:\/\/whitelip.com\/cs\/wp-json\/wp\/v2\/media?parent=28722"}],"wp:term":[{"taxonomy":"product_brand","embeddable":true,"href":"https:\/\/whitelip.com\/cs\/wp-json\/wp\/v2\/product_brand?post=28722"},{"taxonomy":"product_cat","embeddable":true,"href":"https:\/\/whitelip.com\/cs\/wp-json\/wp\/v2\/product_cat?post=28722"},{"taxonomy":"product_tag","embeddable":true,"href":"https:\/\/whitelip.com\/cs\/wp-json\/wp\/v2\/product_tag?post=28722"},{"taxonomy":"flavours","embeddable":true,"href":"https:\/\/whitelip.com\/cs\/wp-json\/wp\/v2\/flavours?post=28722"},{"taxonomy":"format","embeddable":true,"href":"https:\/\/whitelip.com\/cs\/wp-json\/wp\/v2\/format?post=28722"},{"taxonomy":"nicotine","embeddable":true,"href":"https:\/\/whitelip.com\/cs\/wp-json\/wp\/v2\/nicotine?post=28722"}],"curies":[{"name":"wp","href":"https:\/\/api.w.org\/{rel}","templated":true}]}}