{"id":28180,"date":"2025-09-24T12:42:20","date_gmt":"2025-09-24T12:42:20","guid":{"rendered":"https:\/\/whitelip.com\/?post_type=product&#038;p=28180"},"modified":"2026-03-10T09:19:30","modified_gmt":"2026-03-10T09:19:30","slug":"rush-nordic-frost","status":"publish","type":"product","link":"https:\/\/whitelip.com\/cs\/rush\/rush-nordic-frost\/","title":{"rendered":"RUSH Nordic Frost"},"content":{"rendered":"<h2>RUSH Nordic Frost<\/h2>\n<p class=\"\" data-start=\"76\" data-end=\"609\">Nikotinov\u00e9 s\u00e1\u010dky RUSH Nordic Frost p\u0159in\u00e1\u0161ej\u00ed ostr\u00fd a ledov\u00fd p\u0159\u00edval mraziv\u00e9 m\u00e1ty inspirovan\u00fd sv\u011b\u017e\u00ed sv\u011b\u017eest\u00ed seversk\u00e9ho klimatu. Intenzivn\u00ed chladiv\u00fd \u00fa\u010dinek a \u010dist\u00fd profil m\u00e1ty vytv\u00e1\u0159ej\u00ed odv\u00e1\u017en\u00fd a povzbuzuj\u00edc\u00ed z\u00e1\u017eitek z pouch\u016f. Ka\u017ed\u00fd tenk\u00fd, celob\u00edl\u00fd s\u00e1\u010dek obsahuje 11,2 mg nikotinu a poskytuje siln\u00fd n\u00e1boj p\u0159izp\u016fsoben\u00fd zku\u0161en\u00fdm u\u017eivatel\u016fm, kte\u0159\u00ed maj\u00ed r\u00e1di siln\u00e9 a osv\u011b\u017euj\u00edc\u00ed p\u0159\u00edchut\u011b. Diskr\u00e9tn\u00ed, pohodln\u00fd a nezanech\u00e1vaj\u00edc\u00ed skvrny, RUSH Nordic Frost je vyr\u00e1b\u011bn podle vysok\u00fdch standard\u016f kvality a chuti v modern\u00edm form\u00e1tu bez tab\u00e1ku.<\/p>\n<table>\n<tbody>\n<tr>\n<td><b>Atribut<\/b><\/td>\n<td><b>Podrobnosti na<\/b><\/td>\n<\/tr>\n<tr>\n<td><b>Obsah na plechovku<\/b><\/td>\n<td><span style=\"font-weight: 400;\">14 g (20 s\u00e1\u010dk\u016f)<\/span><\/td>\n<\/tr>\n<tr>\n<td><b>Obsah nikotinu<\/b><\/td>\n<td><span style=\"font-weight: 400;\">16 mg\/g (11,2 mg na s\u00e1\u010dek)<\/span><\/td>\n<\/tr>\n<tr>\n<td><b>Form\u00e1t pouzdra<\/b><\/td>\n<td><span style=\"font-weight: 400;\">Slim<\/span><\/td>\n<\/tr>\n<tr>\n<td><b>V\u00fdrobce<\/b><\/td>\n<td><span style=\"font-weight: 400;\">RUSH<\/span><\/td>\n<\/tr>\n<tr>\n<td><b>P\u0159\u00edchu\u0165<\/b><\/td>\n<td><span style=\"font-weight: 400;\">M\u00e1ta &amp; Chladiv\u00fd \u00fa\u010dinek (Nordic Frost)<\/span><\/td>\n<\/tr>\n<tr>\n<td><b>Typ<\/b><\/td>\n<td><span style=\"font-weight: 400;\">Nikotinov\u00fd s\u00e1\u010dek<\/span><\/td>\n<\/tr>\n<\/tbody>\n<\/table>","protected":false},"excerpt":{"rendered":"<article class=\"text-token-text-primary w-full focus:outline-none [--shadow-height:45px] has-data-writing-block:pointer-events-none has-data-writing-block:-mt-(--shadow-height) has-data-writing-block:pt-(--shadow-height) [&amp;:has([data-writing-block])&gt;*]:pointer-events-auto [content-visibility:auto] supports-[content-visibility:auto]:[contain-intrinsic-size:auto_100lvh] scroll-mt-[calc(var(--header-height)+min(200px,max(70px,20svh)))]\" dir=\"auto\" tabindex=\"-1\" data-turn-id=\"85f1c70e-65c4-45f6-85c6-61f36dcdb70f\" data-testid=\"conversation-turn-152\" data-scroll-anchor=\"true\" data-turn=\"assistant\">\n<div class=\"text-base my-auto mx-auto pb-10 [--thread-content-margin:--spacing(4)] thread-sm:[--thread-content-margin:--spacing(6)] thread-lg:[--thread-content-margin:--spacing(16)] px-(--thread-content-margin)\">\n<div class=\"[--thread-content-max-width:40rem] thread-lg:[--thread-content-max-width:48rem] mx-auto max-w-(--thread-content-max-width) flex-1 group\/turn-messages focus-visible:outline-hidden relative flex w-full min-w-0 flex-col agent-turn\" tabindex=\"-1\">\n<div class=\"flex max-w-full flex-col grow\">\n<div class=\"min-h-8 text-message relative flex w-full flex-col items-end gap-2 text-start break-words whitespace-normal [.text-message+&amp;]:mt-1\" dir=\"auto\" data-message-author-role=\"assistant\" data-message-id=\"1e213097-4fe6-4df3-acb3-37d17bab9926\" data-message-model-slug=\"gpt-5-thinking\">\n<div class=\"flex w-full flex-col gap-1 empty:hidden first:pt-[1px]\">\n<div class=\"markdown prose dark:prose-invert w-full break-words dark markdown-new-styling\">\n<p data-start=\"0\" data-end=\"256\" data-is-last-node=\"\" data-is-only-node=\"\">RUSH Nordic Frost nicotine pouches deliver a sharp, icy <strong data-start=\"56\" data-end=\"72\">Nordic Frost<\/strong> mint with intense cooling. <strong data-start=\"100\" data-end=\"108\">Slim<\/strong>, all-white format for discreet, stain-free comfort. Each pouch contains <strong data-start=\"181\" data-end=\"201\">11.2 mg nicotine<\/strong>. Bold, refreshing profile suited to experienced users.<\/p>\n<\/div>\n<\/div>\n<\/div>\n<\/div>\n<\/div>\n<\/div>\n<\/article>\n","protected":false},"featured_media":28184,"comment_status":"open","ping_status":"closed","template":"","format":[206],"meta":{"_acf_changed":false},"product_brand":[],"product_cat":[244],"product_tag":[16577],"flavours":[199],"nicotine":[213,232],"class_list":{"0":"post-28180","1":"product","2":"type-product","3":"status-publish","4":"has-post-thumbnail","6":"product_cat-rush","7":"product_tag-11-2-mg-pouch","8":"pa_quantity-1-pack","9":"pa_quantity-10-pack","10":"pa_quantity-3-pack","11":"pa_quantity-30-pack","12":"pa_quantity-5-pack","13":"pa_quantity-60-pack","14":"flavours-mint","15":"format-slim","16":"nicotine-16-mg-g","17":"nicotine-extra-strong","19":"first","20":"outofstock","21":"taxable","22":"shipping-taxable","23":"purchasable","24":"product-type-variable"},"acf":[],"_links":{"self":[{"href":"https:\/\/whitelip.com\/cs\/wp-json\/wp\/v2\/product\/28180","targetHints":{"allow":["GET"]}}],"collection":[{"href":"https:\/\/whitelip.com\/cs\/wp-json\/wp\/v2\/product"}],"about":[{"href":"https:\/\/whitelip.com\/cs\/wp-json\/wp\/v2\/types\/product"}],"replies":[{"embeddable":true,"href":"https:\/\/whitelip.com\/cs\/wp-json\/wp\/v2\/comments?post=28180"}],"wp:featuredmedia":[{"embeddable":true,"href":"https:\/\/whitelip.com\/cs\/wp-json\/wp\/v2\/media\/28184"}],"wp:attachment":[{"href":"https:\/\/whitelip.com\/cs\/wp-json\/wp\/v2\/media?parent=28180"}],"wp:term":[{"taxonomy":"product_brand","embeddable":true,"href":"https:\/\/whitelip.com\/cs\/wp-json\/wp\/v2\/product_brand?post=28180"},{"taxonomy":"product_cat","embeddable":true,"href":"https:\/\/whitelip.com\/cs\/wp-json\/wp\/v2\/product_cat?post=28180"},{"taxonomy":"product_tag","embeddable":true,"href":"https:\/\/whitelip.com\/cs\/wp-json\/wp\/v2\/product_tag?post=28180"},{"taxonomy":"flavours","embeddable":true,"href":"https:\/\/whitelip.com\/cs\/wp-json\/wp\/v2\/flavours?post=28180"},{"taxonomy":"format","embeddable":true,"href":"https:\/\/whitelip.com\/cs\/wp-json\/wp\/v2\/format?post=28180"},{"taxonomy":"nicotine","embeddable":true,"href":"https:\/\/whitelip.com\/cs\/wp-json\/wp\/v2\/nicotine?post=28180"}],"curies":[{"name":"wp","href":"https:\/\/api.w.org\/{rel}","templated":true}]}}