{"id":28170,"date":"2025-09-24T12:42:21","date_gmt":"2025-09-24T12:42:21","guid":{"rendered":"https:\/\/whitelip.com\/?post_type=product&#038;p=28170"},"modified":"2026-04-30T10:11:08","modified_gmt":"2026-04-30T10:11:08","slug":"rush-icy-grape","status":"publish","type":"product","link":"https:\/\/whitelip.com\/cs\/rush\/rush-icy-grape\/","title":{"rendered":"RUSH Icy Grape"},"content":{"rendered":"<h2>RUSH Icy Grape<\/h2>\n<p class=\"\" data-start=\"76\" data-end=\"609\">Nikotinov\u00e9 s\u00e1\u010dky RUSH Icy Grape p\u0159in\u00e1\u0161ej\u00ed sladkou a \u0161\u0165avnatou chu\u0165 zral\u00fdch hrozn\u016f spojenou s osv\u011b\u017euj\u00edc\u00edm chladiv\u00fdm pocitem. Kombinace ovocn\u00e9 bohatosti a ledov\u00e9 sv\u011b\u017eesti vytv\u00e1\u0159\u00ed hladk\u00fd, ale povzbuzuj\u00edc\u00ed chu\u0165ov\u00fd z\u00e1\u017eitek, ide\u00e1ln\u00ed pro ty, kte\u0159\u00ed maj\u00ed r\u00e1di v\u00fdrazn\u00e9 a osv\u011b\u017euj\u00edc\u00ed p\u0159\u00edchut\u011b. Ka\u017ed\u00fd tenk\u00fd, celob\u00edl\u00fd s\u00e1\u010dek obsahuje 11,2 mg nikotinu, co\u017e poskytuje siln\u00e9 nakopnut\u00ed ide\u00e1ln\u00ed pro pravideln\u00e9 u\u017eivatele. Diskr\u00e9tn\u00ed, pohodln\u00fd a nezanech\u00e1vaj\u00edc\u00ed skvrny, RUSH Icy Grape je vyroben podle vysok\u00fdch standard\u016f kvality a chuti v modern\u00edm form\u00e1tu bez tab\u00e1ku.<\/p>\n<table>\n<tbody>\n<tr>\n<td><b>Atribut<\/b><\/td>\n<td><b>Podrobnosti na<\/b><\/td>\n<\/tr>\n<tr>\n<td><b>Obsah na plechovku<\/b><\/td>\n<td><span style=\"font-weight: 400;\">14 g (20 s\u00e1\u010dk\u016f)<\/span><\/td>\n<\/tr>\n<tr>\n<td><b>Obsah nikotinu<\/b><\/td>\n<td><span style=\"font-weight: 400;\">16 mg\/g (11,2 mg na s\u00e1\u010dek)<\/span><\/td>\n<\/tr>\n<tr>\n<td><b>Form\u00e1t pouzdra<\/b><\/td>\n<td><span style=\"font-weight: 400;\">Slim<\/span><\/td>\n<\/tr>\n<tr>\n<td><b>V\u00fdrobce<\/b><\/td>\n<td><span style=\"font-weight: 400;\">RUSH<\/span><\/td>\n<\/tr>\n<tr>\n<td><b>P\u0159\u00edchu\u0165<\/b><\/td>\n<td><span style=\"font-weight: 400;\">Grape &amp; Cooling (Icy Grape)<\/span><\/td>\n<\/tr>\n<tr>\n<td><b>Typ<\/b><\/td>\n<td><span style=\"font-weight: 400;\">Nikotinov\u00fd s\u00e1\u010dek<\/span><\/td>\n<\/tr>\n<\/tbody>\n<\/table>","protected":false},"excerpt":{"rendered":"<p>Nikotinov\u00e9 s\u00e1\u010dky RUSH Icy Grape p\u0159in\u00e1\u0161ej\u00ed sladkou, \u0161\u0165avnatou chu\u0165. <strong data-start=\"55\" data-end=\"68\">Icy Grape<\/strong> chu\u0165 s osv\u011b\u017euj\u00edc\u00edm chladem. <strong data-start=\"101\" data-end=\"109\">Slim<\/strong>, zcela b\u00edl\u00fd form\u00e1t pro diskr\u00e9tn\u00ed pohodl\u00ed beze skvrn. Ka\u017ed\u00fd s\u00e1\u010dek obsahuje <strong data-start=\"182\" data-end=\"202\">11,2 mg nikotinu<\/strong>. Odv\u00e1\u017en\u00fd, osv\u011b\u017euj\u00edc\u00ed profil se siln\u00fdm kopancem pro pravideln\u00e9 u\u017eivatele.<\/p>","protected":false},"featured_media":28174,"comment_status":"open","ping_status":"closed","template":"","format":[206],"meta":{"_acf_changed":false},"product_brand":[],"product_cat":[244],"product_tag":[16577],"flavours":[199,196],"nicotine":[213,232],"class_list":{"0":"post-28170","1":"product","2":"type-product","3":"status-publish","4":"has-post-thumbnail","6":"product_cat-rush","7":"product_tag-11-2-mg-pouch","8":"pa_quantity-1-pack","9":"pa_quantity-10-pack","10":"pa_quantity-3-pack","11":"pa_quantity-30-pack","12":"pa_quantity-5-pack","13":"pa_quantity-60-pack","14":"flavours-mint","15":"flavours-fruits-berries","16":"format-slim","17":"nicotine-16-mg-g","18":"nicotine-extra-strong","20":"first","21":"outofstock","22":"taxable","23":"shipping-taxable","24":"purchasable","25":"product-type-variable","26":"has-default-attributes"},"acf":[],"_links":{"self":[{"href":"https:\/\/whitelip.com\/cs\/wp-json\/wp\/v2\/product\/28170","targetHints":{"allow":["GET"]}}],"collection":[{"href":"https:\/\/whitelip.com\/cs\/wp-json\/wp\/v2\/product"}],"about":[{"href":"https:\/\/whitelip.com\/cs\/wp-json\/wp\/v2\/types\/product"}],"replies":[{"embeddable":true,"href":"https:\/\/whitelip.com\/cs\/wp-json\/wp\/v2\/comments?post=28170"}],"wp:featuredmedia":[{"embeddable":true,"href":"https:\/\/whitelip.com\/cs\/wp-json\/wp\/v2\/media\/28174"}],"wp:attachment":[{"href":"https:\/\/whitelip.com\/cs\/wp-json\/wp\/v2\/media?parent=28170"}],"wp:term":[{"taxonomy":"product_brand","embeddable":true,"href":"https:\/\/whitelip.com\/cs\/wp-json\/wp\/v2\/product_brand?post=28170"},{"taxonomy":"product_cat","embeddable":true,"href":"https:\/\/whitelip.com\/cs\/wp-json\/wp\/v2\/product_cat?post=28170"},{"taxonomy":"product_tag","embeddable":true,"href":"https:\/\/whitelip.com\/cs\/wp-json\/wp\/v2\/product_tag?post=28170"},{"taxonomy":"flavours","embeddable":true,"href":"https:\/\/whitelip.com\/cs\/wp-json\/wp\/v2\/flavours?post=28170"},{"taxonomy":"format","embeddable":true,"href":"https:\/\/whitelip.com\/cs\/wp-json\/wp\/v2\/format?post=28170"},{"taxonomy":"nicotine","embeddable":true,"href":"https:\/\/whitelip.com\/cs\/wp-json\/wp\/v2\/nicotine?post=28170"}],"curies":[{"name":"wp","href":"https:\/\/api.w.org\/{rel}","templated":true}]}}