{"id":28017,"date":"2025-09-23T15:58:46","date_gmt":"2025-09-23T15:58:46","guid":{"rendered":"https:\/\/whitelip.com\/?post_type=product&#038;p=28017"},"modified":"2026-05-09T10:11:14","modified_gmt":"2026-05-09T10:11:14","slug":"x-booster-coffee-caramel-caffeine","status":"publish","type":"product","link":"https:\/\/whitelip.com\/cs\/x-booster\/x-booster-coffee-caramel-caffeine\/","title":{"rendered":"X-BOOSTER K\u00e1va a karamelov\u00fd kofein"},"content":{"rendered":"<h2 class=\"translation-block\">X-BOOSTER Coffee &amp;amp; Caramel Caffeine<\/h2>\n<p class=\"\" data-start=\"76\" data-end=\"609\">S\u00e1\u010dky X-BOOSTER Coffee &amp; Caramel Caffeine p\u0159in\u00e1\u0161ej\u00ed jemnou a vyv\u00e1\u017eenou chu\u0165 k\u00e1vy a karamelu. Ka\u017ed\u00fd tenk\u00fd b\u00edl\u00fd kofeinov\u00fd s\u00e1\u010dek obsahuje 80 mg kofeinu a nab\u00edz\u00ed tak nakopnut\u00ed, kter\u00e9 je vhodn\u00e9 pro v\u0161echny, kdo maj\u00ed r\u00e1di vyv\u00e1\u017eenou chu\u0165 a st\u00e1lou intenzitu. Diskr\u00e9tn\u00ed, pohodln\u00fd a nezanech\u00e1vaj\u00edc\u00ed skvrny X-BOOSTER Cool Mint Caffeine je vyroben spole\u010dnost\u00ed 77 Group, aby byla zaji\u0161t\u011bna vysok\u00e1 kvalita, v\u00fdrazn\u00e1 chu\u0165 a z\u00e1\u017eitek bez nikotinu.<\/p>\n<table>\n<tbody>\n<tr>\n<td><b>Atribut<\/b><\/td>\n<td><b>Podrobnosti na<\/b><\/td>\n<\/tr>\n<tr>\n<td><b>Obsah na plechovku<\/b><\/td>\n<td><span style=\"font-weight: 400;\">13 g (20 s\u00e1\u010dk\u016f)<\/span><\/td>\n<\/tr>\n<tr>\n<td><b>Obsah nikotinu<\/b><\/td>\n<td><span style=\"font-weight: 400;\">80 mg\/s\u00e1\u010dek<\/span><\/td>\n<\/tr>\n<tr>\n<td><b>Form\u00e1t pouzdra<\/b><\/td>\n<td><span style=\"font-weight: 400;\">Slim<\/span><\/td>\n<\/tr>\n<tr>\n<td><b>V\u00fdrobce<\/b><\/td>\n<td><span style=\"font-weight: 400;\">77 Skupina<\/span><\/td>\n<\/tr>\n<tr>\n<td><b>P\u0159\u00edchu\u0165<\/b><\/td>\n<td><span style=\"font-weight: 400;\">K\u00e1va a karamel<\/span><\/td>\n<\/tr>\n<tr>\n<td><b>Typ<\/b><\/td>\n<td><span style=\"font-weight: 400;\">Celob\u00edl\u00e9 pouzdro<\/span><\/td>\n<\/tr>\n<\/tbody>\n<\/table>","protected":false},"excerpt":{"rendered":"<p class=\"translation-block\">X-BOOSTER Coffee &amp;amp; Caramel poskytuje hladkou, vyv\u00e1\u017eenou sm\u011bs k\u00e1vy a karamelu. \u0160t\u00edhl\u00e9 b\u00edl\u00e9 s\u00e1\u010dky jsou diskr\u00e9tn\u00ed, pohodln\u00e9 a bez skvrn. Ka\u017ed\u00fd s\u00e1\u010dek obsahuje 80 mg kofeinu pro stabiln\u00ed a spolehlivou intenzitu. Vyroben spole\u010dnost\u00ed 77 Group s d\u016frazem na vysokou kvalitu, odv\u00e1\u017enou chu\u0165 a z\u00e1\u017eitek bez nikotinu.<\/p>","protected":false},"featured_media":28021,"comment_status":"open","ping_status":"closed","template":"","format":[206],"meta":{"_acf_changed":false},"product_brand":[],"product_cat":[241],"product_tag":[],"flavours":[192,185],"nicotine":[242,243],"class_list":{"0":"post-28017","1":"product","2":"type-product","3":"status-publish","4":"has-post-thumbnail","6":"product_cat-x-booster","7":"pa_quantity-1-pack","8":"pa_quantity-10-pack","9":"pa_quantity-5-pack","10":"flavours-coffee","11":"flavours-candy","12":"format-slim","13":"nicotine-0-mg-g","14":"nicotine-caffeine","16":"first","17":"outofstock","18":"taxable","19":"shipping-taxable","20":"purchasable","21":"product-type-variable"},"acf":[],"_links":{"self":[{"href":"https:\/\/whitelip.com\/cs\/wp-json\/wp\/v2\/product\/28017","targetHints":{"allow":["GET"]}}],"collection":[{"href":"https:\/\/whitelip.com\/cs\/wp-json\/wp\/v2\/product"}],"about":[{"href":"https:\/\/whitelip.com\/cs\/wp-json\/wp\/v2\/types\/product"}],"replies":[{"embeddable":true,"href":"https:\/\/whitelip.com\/cs\/wp-json\/wp\/v2\/comments?post=28017"}],"wp:featuredmedia":[{"embeddable":true,"href":"https:\/\/whitelip.com\/cs\/wp-json\/wp\/v2\/media\/28021"}],"wp:attachment":[{"href":"https:\/\/whitelip.com\/cs\/wp-json\/wp\/v2\/media?parent=28017"}],"wp:term":[{"taxonomy":"product_brand","embeddable":true,"href":"https:\/\/whitelip.com\/cs\/wp-json\/wp\/v2\/product_brand?post=28017"},{"taxonomy":"product_cat","embeddable":true,"href":"https:\/\/whitelip.com\/cs\/wp-json\/wp\/v2\/product_cat?post=28017"},{"taxonomy":"product_tag","embeddable":true,"href":"https:\/\/whitelip.com\/cs\/wp-json\/wp\/v2\/product_tag?post=28017"},{"taxonomy":"flavours","embeddable":true,"href":"https:\/\/whitelip.com\/cs\/wp-json\/wp\/v2\/flavours?post=28017"},{"taxonomy":"format","embeddable":true,"href":"https:\/\/whitelip.com\/cs\/wp-json\/wp\/v2\/format?post=28017"},{"taxonomy":"nicotine","embeddable":true,"href":"https:\/\/whitelip.com\/cs\/wp-json\/wp\/v2\/nicotine?post=28017"}],"curies":[{"name":"wp","href":"https:\/\/api.w.org\/{rel}","templated":true}]}}