{"id":27992,"date":"2025-09-23T13:50:12","date_gmt":"2025-09-23T13:50:12","guid":{"rendered":"https:\/\/whitelip.com\/?post_type=product&#038;p=27992"},"modified":"2026-04-13T04:30:00","modified_gmt":"2026-04-13T04:30:00","slug":"maverick-frost-wood","status":"publish","type":"product","link":"https:\/\/whitelip.com\/cs\/maverick\/maverick-frost-wood\/","title":{"rendered":"MAVERICK Frost Wood"},"content":{"rendered":"<h2>MAVERICK Frost Wood<\/h2>\n<p class=\"\" data-start=\"76\" data-end=\"609\">Nikotinov\u00e9 s\u00e1\u010dky MAVERICK Frost Wood p\u0159in\u00e1\u0161ej\u00ed jemnou a osv\u011b\u017euj\u00edc\u00ed m\u00e1tovou p\u0159\u00edchu\u0165 s ledov\u00fdm chladiv\u00fdm efektem. Tato kombinace vytv\u00e1\u0159\u00ed osv\u011b\u017euj\u00edc\u00ed a jemn\u00fd chu\u0165ov\u00fd profil, kter\u00fd je sladk\u00fd a z\u00e1rove\u0148 povzbuzuj\u00edc\u00ed. Ka\u017ed\u00fd tenk\u00fd zelen\u00fd nikotinov\u00fd s\u00e1\u010dek obsahuje 12,5 mg nikotinu a nab\u00edz\u00ed tak vysoce silnou d\u00e1vku, kter\u00e1 je vhodn\u00e1 pro zku\u0161en\u00e9 u\u017eivatele, kte\u0159\u00ed maj\u00ed r\u00e1di vyv\u00e1\u017eenou chu\u0165 a st\u00e1lou intenzitu. Na rozd\u00edl od v\u011bt\u0161iny nikotinov\u00fdch s\u00e1\u010dk\u016f je MAVERICK vyroben z p\u0159\u00edrodn\u00ed m\u00e1ty, kter\u00e1 dod\u00e1v\u00e1 ka\u017ed\u00e9 p\u0159\u00edchuti m\u00e1tov\u00fd n\u00e1boj. MAVERICK Frost Wood je diskr\u00e9tn\u00ed, pohodln\u00fd a nezanech\u00e1v\u00e1 skvrny, je vyroben spole\u010dnost\u00ed 77 Group, aby byla zaji\u0161t\u011bna vysok\u00e1 kvalita, v\u00fdrazn\u00e1 chu\u0165 a z\u00e1\u017eitek bez tab\u00e1ku.<\/p>\n<table>\n<tbody>\n<tr>\n<td><b>Atribut<\/b><\/td>\n<td><b>Podrobnosti na<\/b><\/td>\n<\/tr>\n<tr>\n<td><b>Obsah na plechovku<\/b><\/td>\n<td><span style=\"font-weight: 400;\">12,5 g (20 s\u00e1\u010dk\u016f)<\/span><\/td>\n<\/tr>\n<tr>\n<td><b>Obsah nikotinu<\/b><\/td>\n<td><span style=\"font-weight: 400;\">25 mg\/g (12,5 mg na s\u00e1\u010dek)<\/span><\/td>\n<\/tr>\n<tr>\n<td><b>Form\u00e1t pouzdra<\/b><\/td>\n<td><span style=\"font-weight: 400;\">Slim<\/span><\/td>\n<\/tr>\n<tr>\n<td><b>V\u00fdrobce<\/b><\/td>\n<td><span style=\"font-weight: 400;\">77 Skupina<\/span><\/td>\n<\/tr>\n<tr>\n<td><b>P\u0159\u00edchu\u0165<\/b><\/td>\n<td><span style=\"font-weight: 400;\">M\u00e1tov\u00fd<\/span><\/td>\n<\/tr>\n<tr>\n<td><b>Typ<\/b><\/td>\n<td><span style=\"font-weight: 400;\">Celob\u00edl\u00e9 pouzdro<\/span><\/td>\n<\/tr>\n<\/tbody>\n<\/table>","protected":false},"excerpt":{"rendered":"<p>Nikotinov\u00e9 s\u00e1\u010dky MAVERICK Frost Wood p\u0159in\u00e1\u0161ej\u00ed jemnou, osv\u011b\u017euj\u00edc\u00ed chu\u0165 nikotinu. <strong data-start=\"66\" data-end=\"74\">M\u00e1tov\u00fd<\/strong> chu\u0165 s ledov\u00fdm chladiv\u00fdm efektem. <strong data-start=\"110\" data-end=\"118\">Slim<\/strong>, zelen\u00fd form\u00e1t pro diskr\u00e9tn\u00ed pou\u017eit\u00ed beze skvrn. Ka\u017ed\u00fd s\u00e1\u010dek obsahuje <strong data-start=\"183\" data-end=\"203\">12,5 mg nikotinu<\/strong>. Vysok\u00e1 s\u00edla pro zku\u0161en\u00e9 u\u017eivatele s vyv\u00e1\u017eenou chut\u00ed a st\u00e1lou intenzitou. Vyrobeno s p\u0159\u00edrodn\u00ed m\u00e1tou pro extra mentolovou chu\u0165 a vyrobeno spole\u010dnost\u00ed 77 Group pro odv\u00e1\u017enou kvalitu bez tab\u00e1ku.<\/p>","protected":false},"featured_media":27996,"comment_status":"open","ping_status":"closed","template":"","format":[206],"meta":{"_acf_changed":false},"product_brand":[],"product_cat":[240],"product_tag":[16775],"flavours":[199],"nicotine":[219,232],"class_list":{"0":"post-27992","1":"product","2":"type-product","3":"status-publish","4":"has-post-thumbnail","6":"product_cat-maverick","7":"product_tag-12-5-mg-pouch","8":"pa_quantity-1-pack","9":"pa_quantity-10-pack","10":"pa_quantity-3-pack","11":"pa_quantity-30-pack","12":"pa_quantity-5-pack","13":"pa_quantity-60-pack","14":"flavours-mint","15":"format-slim","16":"nicotine-25-mg-g","17":"nicotine-extra-strong","19":"first","20":"instock","21":"taxable","22":"shipping-taxable","23":"purchasable","24":"product-type-variable","25":"has-default-attributes"},"acf":[],"_links":{"self":[{"href":"https:\/\/whitelip.com\/cs\/wp-json\/wp\/v2\/product\/27992","targetHints":{"allow":["GET"]}}],"collection":[{"href":"https:\/\/whitelip.com\/cs\/wp-json\/wp\/v2\/product"}],"about":[{"href":"https:\/\/whitelip.com\/cs\/wp-json\/wp\/v2\/types\/product"}],"replies":[{"embeddable":true,"href":"https:\/\/whitelip.com\/cs\/wp-json\/wp\/v2\/comments?post=27992"}],"wp:featuredmedia":[{"embeddable":true,"href":"https:\/\/whitelip.com\/cs\/wp-json\/wp\/v2\/media\/27996"}],"wp:attachment":[{"href":"https:\/\/whitelip.com\/cs\/wp-json\/wp\/v2\/media?parent=27992"}],"wp:term":[{"taxonomy":"product_brand","embeddable":true,"href":"https:\/\/whitelip.com\/cs\/wp-json\/wp\/v2\/product_brand?post=27992"},{"taxonomy":"product_cat","embeddable":true,"href":"https:\/\/whitelip.com\/cs\/wp-json\/wp\/v2\/product_cat?post=27992"},{"taxonomy":"product_tag","embeddable":true,"href":"https:\/\/whitelip.com\/cs\/wp-json\/wp\/v2\/product_tag?post=27992"},{"taxonomy":"flavours","embeddable":true,"href":"https:\/\/whitelip.com\/cs\/wp-json\/wp\/v2\/flavours?post=27992"},{"taxonomy":"format","embeddable":true,"href":"https:\/\/whitelip.com\/cs\/wp-json\/wp\/v2\/format?post=27992"},{"taxonomy":"nicotine","embeddable":true,"href":"https:\/\/whitelip.com\/cs\/wp-json\/wp\/v2\/nicotine?post=27992"}],"curies":[{"name":"wp","href":"https:\/\/api.w.org\/{rel}","templated":true}]}}