{"id":27987,"date":"2025-09-23T13:50:12","date_gmt":"2025-09-23T13:50:12","guid":{"rendered":"https:\/\/whitelip.com\/?post_type=product&#038;p=27987"},"modified":"2026-04-13T11:18:49","modified_gmt":"2026-04-13T11:18:49","slug":"maverick-sicilian-sunset","status":"publish","type":"product","link":"https:\/\/whitelip.com\/cs\/maverick\/maverick-sicilian-sunset\/","title":{"rendered":"MAVERICK Sicilsk\u00fd z\u00e1pad slunce"},"content":{"rendered":"<h2>MAVERICK Sicilsk\u00fd z\u00e1pad slunce<\/h2>\n<p class=\"\" data-start=\"76\" data-end=\"609\">Nikotinov\u00e9 s\u00e1\u010dky MAVERICK Sicilian Sunset p\u0159in\u00e1\u0161ej\u00ed jemnou a \u0161\u0165avnatou citrusovou p\u0159\u00edchu\u0165 s ledov\u011b chladiv\u00fdm efektem. Tato kombinace vytv\u00e1\u0159\u00ed osv\u011b\u017euj\u00edc\u00ed a ovocn\u00fd chu\u0165ov\u00fd profil, kter\u00fd je sladk\u00fd a povzbuzuj\u00edc\u00ed z\u00e1rove\u0148. Ka\u017ed\u00fd tenk\u00fd zelen\u00fd nikotinov\u00fd s\u00e1\u010dek obsahuje 12,5 mg nikotinu a nab\u00edz\u00ed tak silnou d\u00e1vku, kter\u00e1 je vhodn\u00e1 pro zku\u0161en\u00e9 u\u017eivatele, kte\u0159\u00ed maj\u00ed r\u00e1di vyv\u00e1\u017eenou chu\u0165 a st\u00e1lou intenzitu. Na rozd\u00edl od v\u011bt\u0161iny nikotinov\u00fdch s\u00e1\u010dk\u016f je MAVERICK vyroben z p\u0159\u00edrodn\u00ed m\u00e1ty, kter\u00e1 dod\u00e1v\u00e1 ka\u017ed\u00e9 p\u0159\u00edchuti m\u00e1tov\u00fd n\u00e1boj. Diskr\u00e9tn\u00ed, pohodln\u00fd a nezanech\u00e1vaj\u00edc\u00ed skvrny MAVERICK Sicilian Sunset je vyroben spole\u010dnost\u00ed 77 Group, aby byla zaji\u0161t\u011bna vysok\u00e1 kvalita, v\u00fdrazn\u00e1 chu\u0165 a z\u00e1\u017eitek bez tab\u00e1ku.<\/p>\n<table>\n<tbody>\n<tr>\n<td><b>Atribut<\/b><\/td>\n<td><b>Podrobnosti na<\/b><\/td>\n<\/tr>\n<tr>\n<td><b>Obsah na plechovku<\/b><\/td>\n<td><span style=\"font-weight: 400;\">12,5 g (20 s\u00e1\u010dk\u016f)<\/span><\/td>\n<\/tr>\n<tr>\n<td><b>Obsah nikotinu<\/b><\/td>\n<td><span style=\"font-weight: 400;\">25 mg\/g (12,5 mg na s\u00e1\u010dek)<\/span><\/td>\n<\/tr>\n<tr>\n<td><b>Form\u00e1t pouzdra<\/b><\/td>\n<td><span style=\"font-weight: 400;\">Slim<\/span><\/td>\n<\/tr>\n<tr>\n<td><b>V\u00fdrobce<\/b><\/td>\n<td><span style=\"font-weight: 400;\">77 Skupina<\/span><\/td>\n<\/tr>\n<tr>\n<td><b>P\u0159\u00edchu\u0165<\/b><\/td>\n<td><span style=\"font-weight: 400;\">Citrus a m\u00e1ta<\/span><\/td>\n<\/tr>\n<tr>\n<td><b>Typ<\/b><\/td>\n<td><span style=\"font-weight: 400;\">Celob\u00edl\u00e9 pouzdro<\/span><\/td>\n<\/tr>\n<\/tbody>\n<\/table>","protected":false},"excerpt":{"rendered":"<article class=\"text-token-text-primary w-full focus:outline-none [--shadow-height:45px] has-data-writing-block:pointer-events-none has-data-writing-block:-mt-(--shadow-height) has-data-writing-block:pt-(--shadow-height) [&amp;:has([data-writing-block])&gt;*]:pointer-events-auto [content-visibility:auto] supports-[content-visibility:auto]:[contain-intrinsic-size:auto_100lvh] scroll-mt-[calc(var(--header-height)+min(200px,max(70px,20svh)))]\" dir=\"auto\" tabindex=\"-1\" data-turn-id=\"e9736cff-a4b7-4926-8d12-8523afb5bca5\" data-testid=\"conversation-turn-14\" data-scroll-anchor=\"true\" data-turn=\"assistant\">\n<div class=\"text-base my-auto mx-auto pb-10 [--thread-content-margin:--spacing(4)] thread-sm:[--thread-content-margin:--spacing(6)] thread-lg:[--thread-content-margin:--spacing(16)] px-(--thread-content-margin)\">\n<div class=\"[--thread-content-max-width:40rem] thread-lg:[--thread-content-max-width:48rem] mx-auto max-w-(--thread-content-max-width) flex-1 group\/turn-messages focus-visible:outline-hidden relative flex w-full min-w-0 flex-col agent-turn\" tabindex=\"-1\">\n<div class=\"flex max-w-full flex-col grow\">\n<div class=\"min-h-8 text-message relative flex w-full flex-col items-end gap-2 text-start break-words whitespace-normal [.text-message+&amp;]:mt-1\" dir=\"auto\" data-message-author-role=\"assistant\" data-message-id=\"c31fe376-8158-4598-8daa-f180e22e4360\" data-message-model-slug=\"gpt-5-thinking\">\n<div class=\"flex w-full flex-col gap-1 empty:hidden first:pt-[1px]\">\n<div class=\"markdown prose dark:prose-invert w-full break-words dark markdown-new-styling\">\n<p data-start=\"0\" data-end=\"312\" data-is-last-node=\"\" data-is-only-node=\"\">MAVERICK Sicilian Sunset nicotine pouches deliver a smooth, juicy <strong data-start=\"66\" data-end=\"83\">Citrus &amp; Mint<\/strong> flavor with an icy cooling effect. <strong data-start=\"119\" data-end=\"127\">Slim<\/strong>, green format for discreet, stain-free use. Each pouch contains <strong data-start=\"192\" data-end=\"212\">12.5 mg nicotine<\/strong>. Made with natural mint for extra freshness and crafted by 77 Group for bold, tobacco-free quality.<\/p>\n<\/div>\n<\/div>\n<\/div>\n<\/div>\n<\/div>\n<\/div>\n<\/article>\n","protected":false},"featured_media":27991,"comment_status":"open","ping_status":"closed","template":"","format":[206],"meta":{"_acf_changed":false},"product_brand":[],"product_cat":[240],"product_tag":[16775],"flavours":[190,199],"nicotine":[219,232],"class_list":{"0":"post-27987","1":"product","2":"type-product","3":"status-publish","4":"has-post-thumbnail","6":"product_cat-maverick","7":"product_tag-12-5-mg-pouch","8":"pa_quantity-1-pack","9":"pa_quantity-10-pack","10":"pa_quantity-3-pack","11":"pa_quantity-30-pack","12":"pa_quantity-5-pack","13":"pa_quantity-60-pack","14":"flavours-citrus","15":"flavours-mint","16":"format-slim","17":"nicotine-25-mg-g","18":"nicotine-extra-strong","20":"first","21":"instock","22":"taxable","23":"shipping-taxable","24":"purchasable","25":"product-type-variable","26":"has-default-attributes"},"acf":[],"_links":{"self":[{"href":"https:\/\/whitelip.com\/cs\/wp-json\/wp\/v2\/product\/27987","targetHints":{"allow":["GET"]}}],"collection":[{"href":"https:\/\/whitelip.com\/cs\/wp-json\/wp\/v2\/product"}],"about":[{"href":"https:\/\/whitelip.com\/cs\/wp-json\/wp\/v2\/types\/product"}],"replies":[{"embeddable":true,"href":"https:\/\/whitelip.com\/cs\/wp-json\/wp\/v2\/comments?post=27987"}],"wp:featuredmedia":[{"embeddable":true,"href":"https:\/\/whitelip.com\/cs\/wp-json\/wp\/v2\/media\/27991"}],"wp:attachment":[{"href":"https:\/\/whitelip.com\/cs\/wp-json\/wp\/v2\/media?parent=27987"}],"wp:term":[{"taxonomy":"product_brand","embeddable":true,"href":"https:\/\/whitelip.com\/cs\/wp-json\/wp\/v2\/product_brand?post=27987"},{"taxonomy":"product_cat","embeddable":true,"href":"https:\/\/whitelip.com\/cs\/wp-json\/wp\/v2\/product_cat?post=27987"},{"taxonomy":"product_tag","embeddable":true,"href":"https:\/\/whitelip.com\/cs\/wp-json\/wp\/v2\/product_tag?post=27987"},{"taxonomy":"flavours","embeddable":true,"href":"https:\/\/whitelip.com\/cs\/wp-json\/wp\/v2\/flavours?post=27987"},{"taxonomy":"format","embeddable":true,"href":"https:\/\/whitelip.com\/cs\/wp-json\/wp\/v2\/format?post=27987"},{"taxonomy":"nicotine","embeddable":true,"href":"https:\/\/whitelip.com\/cs\/wp-json\/wp\/v2\/nicotine?post=27987"}],"curies":[{"name":"wp","href":"https:\/\/api.w.org\/{rel}","templated":true}]}}