{"id":27979,"date":"2025-09-23T13:50:13","date_gmt":"2025-09-23T13:50:13","guid":{"rendered":"https:\/\/whitelip.com\/?post_type=product&#038;p=27979"},"modified":"2026-04-10T02:09:10","modified_gmt":"2026-04-10T02:09:10","slug":"maverick-berry-valley","status":"publish","type":"product","link":"https:\/\/whitelip.com\/cs\/maverick\/maverick-berry-valley\/","title":{"rendered":"MAVERICK Berry Valley"},"content":{"rendered":"<h2>MAVERICK Berry Valley<\/h2>\n<p class=\"\" data-start=\"76\" data-end=\"609\">Nikotinov\u00e9 s\u00e1\u010dky MAVERICK Berry Valley p\u0159in\u00e1\u0161ej\u00ed jemnou a \u0161\u0165avnatou p\u0159\u00edchu\u0165 lesn\u00edch plod\u016f obohacenou o ledov\u011b chladiv\u00fd efekt. Tato kombinace vytv\u00e1\u0159\u00ed osv\u011b\u017euj\u00edc\u00ed a ovocn\u00fd chu\u0165ov\u00fd profil, kter\u00fd je sladk\u00fd a povzbuzuj\u00edc\u00ed z\u00e1rove\u0148. Ka\u017ed\u00fd tenk\u00fd zelen\u00fd nikotinov\u00fd s\u00e1\u010dek obsahuje 12,5 mg nikotinu a nab\u00edz\u00ed tak silnou d\u00e1vku, kter\u00e1 je vhodn\u00e1 pro zku\u0161en\u00e9 u\u017eivatele, kte\u0159\u00ed maj\u00ed r\u00e1di vyv\u00e1\u017eenou chu\u0165 a st\u00e1lou intenzitu. Na rozd\u00edl od v\u011bt\u0161iny nikotinov\u00fdch s\u00e1\u010dk\u016f je MAVERICK vyroben z p\u0159\u00edrodn\u00ed m\u00e1ty, kter\u00e1 dod\u00e1v\u00e1 ka\u017ed\u00e9 p\u0159\u00edchuti m\u00e1tov\u00fd n\u00e1boj. Diskr\u00e9tn\u00ed, pohodln\u00fd a nezanech\u00e1vaj\u00edc\u00ed skvrny MAVERICK Berry Valley je vyroben spole\u010dnost\u00ed 77 Group, aby byla zaji\u0161t\u011bna vysok\u00e1 kvalita, v\u00fdrazn\u00e1 chu\u0165 a z\u00e1\u017eitek bez tab\u00e1ku.<\/p>\n<table>\n<tbody>\n<tr>\n<td><b>Atribut<\/b><\/td>\n<td><b>Podrobnosti na<\/b><\/td>\n<\/tr>\n<tr>\n<td><b>Obsah na plechovku<\/b><\/td>\n<td><span style=\"font-weight: 400;\">12,5 g (20 s\u00e1\u010dk\u016f)<\/span><\/td>\n<\/tr>\n<tr>\n<td><b>Obsah nikotinu<\/b><\/td>\n<td><span style=\"font-weight: 400;\">25 mg\/g (12,5 mg na s\u00e1\u010dek)<\/span><\/td>\n<\/tr>\n<tr>\n<td><b>Form\u00e1t pouzdra<\/b><\/td>\n<td><span style=\"font-weight: 400;\">Slim<\/span><\/td>\n<\/tr>\n<tr>\n<td><b>V\u00fdrobce<\/b><\/td>\n<td><span style=\"font-weight: 400;\">77 Skupina<\/span><\/td>\n<\/tr>\n<tr>\n<td><b>P\u0159\u00edchu\u0165<\/b><\/td>\n<td><span style=\"font-weight: 400;\">Lesn\u00ed ovoce a m\u00e1ta<\/span><\/td>\n<\/tr>\n<tr>\n<td><b>Typ<\/b><\/td>\n<td><span style=\"font-weight: 400;\">Celob\u00edl\u00e9 pouzdro<\/span><\/td>\n<\/tr>\n<\/tbody>\n<\/table>","protected":false},"excerpt":{"rendered":"<p>Nikotinov\u00e9 s\u00e1\u010dky MAVERICK Berry Valley p\u0159in\u00e1\u0161ej\u00ed jemnou, \u0161\u0165avnatou chu\u0165. <strong data-start=\"111\" data-end=\"127\" data-is-only-node=\"\">Bobule a m\u00e1ta<\/strong> chu\u0165 s ledov\u00fdm chladiv\u00fdm efektem. <strong data-start=\"163\" data-end=\"178\">Slim, <\/strong>zelen\u00fd form\u00e1t pro diskr\u00e9tn\u00ed pou\u017eit\u00ed beze skvrn. Ka\u017ed\u00fd s\u00e1\u010dek obsahuje <strong data-start=\"236\" data-end=\"256\">12,5 mg nikotinu<\/strong>. Vyrobeno s p\u0159\u00edrodn\u00ed m\u00e1tou pro v\u011bt\u0161\u00ed mentolovost a vyrobeno spole\u010dnost\u00ed 77 Group pro odv\u00e1\u017enou kvalitu bez tab\u00e1ku.<\/p>","protected":false},"featured_media":27986,"comment_status":"open","ping_status":"closed","template":"","format":[206],"meta":{"_acf_changed":false},"product_brand":[],"product_cat":[240],"product_tag":[16775],"flavours":[196,199],"nicotine":[219,232],"class_list":{"0":"post-27979","1":"product","2":"type-product","3":"status-publish","4":"has-post-thumbnail","6":"product_cat-maverick","7":"product_tag-12-5-mg-pouch","8":"pa_quantity-1-pack","9":"pa_quantity-10-pack","10":"pa_quantity-3-pack","11":"pa_quantity-30-pack","12":"pa_quantity-5-pack","13":"pa_quantity-60-pack","14":"flavours-fruits-berries","15":"flavours-mint","16":"format-slim","17":"nicotine-25-mg-g","18":"nicotine-extra-strong","20":"first","21":"instock","22":"taxable","23":"shipping-taxable","24":"purchasable","25":"product-type-variable","26":"has-default-attributes"},"acf":[],"_links":{"self":[{"href":"https:\/\/whitelip.com\/cs\/wp-json\/wp\/v2\/product\/27979","targetHints":{"allow":["GET"]}}],"collection":[{"href":"https:\/\/whitelip.com\/cs\/wp-json\/wp\/v2\/product"}],"about":[{"href":"https:\/\/whitelip.com\/cs\/wp-json\/wp\/v2\/types\/product"}],"replies":[{"embeddable":true,"href":"https:\/\/whitelip.com\/cs\/wp-json\/wp\/v2\/comments?post=27979"}],"wp:featuredmedia":[{"embeddable":true,"href":"https:\/\/whitelip.com\/cs\/wp-json\/wp\/v2\/media\/27986"}],"wp:attachment":[{"href":"https:\/\/whitelip.com\/cs\/wp-json\/wp\/v2\/media?parent=27979"}],"wp:term":[{"taxonomy":"product_brand","embeddable":true,"href":"https:\/\/whitelip.com\/cs\/wp-json\/wp\/v2\/product_brand?post=27979"},{"taxonomy":"product_cat","embeddable":true,"href":"https:\/\/whitelip.com\/cs\/wp-json\/wp\/v2\/product_cat?post=27979"},{"taxonomy":"product_tag","embeddable":true,"href":"https:\/\/whitelip.com\/cs\/wp-json\/wp\/v2\/product_tag?post=27979"},{"taxonomy":"flavours","embeddable":true,"href":"https:\/\/whitelip.com\/cs\/wp-json\/wp\/v2\/flavours?post=27979"},{"taxonomy":"format","embeddable":true,"href":"https:\/\/whitelip.com\/cs\/wp-json\/wp\/v2\/format?post=27979"},{"taxonomy":"nicotine","embeddable":true,"href":"https:\/\/whitelip.com\/cs\/wp-json\/wp\/v2\/nicotine?post=27979"}],"curies":[{"name":"wp","href":"https:\/\/api.w.org\/{rel}","templated":true}]}}