{"id":27961,"date":"2025-09-23T12:50:07","date_gmt":"2025-09-23T12:50:07","guid":{"rendered":"https:\/\/whitelip.com\/?post_type=product&#038;p=27961"},"modified":"2026-04-21T10:11:38","modified_gmt":"2026-04-21T10:11:38","slug":"bjorn-ice-berry-licorice","status":"publish","type":"product","link":"https:\/\/whitelip.com\/cs\/bjorn\/bjorn-ice-berry-licorice\/","title":{"rendered":"BJ\u00d6RN Ice Berry L\u00e9ko\u0159ice"},"content":{"rendered":"<h2><strong>BJ\u00d6RN Ice Berry L\u00e9ko\u0159ice<\/strong><\/h2>\n<p class=\"\" data-start=\"76\" data-end=\"609\">Nikotinov\u00e9 s\u00e1\u010dky BJ\u00d6RN Ice Berry Licorice p\u0159in\u00e1\u0161ej\u00ed odv\u00e1\u017enou a v\u00fdraznou sm\u011bs sladk\u00fdch, \u0161\u0165avnat\u00fdch bobul\u00ed a bohat\u00e9, slan\u00e9 hloubky seversk\u00e9 l\u00e9ko\u0159ice, zakon\u010denou osv\u011b\u017euj\u00edc\u00edm chladiv\u00fdm efektem. Tento komplexn\u00ed chu\u0165ov\u00fd profil kombinuje ovocnou sladkost, slan\u00e9 t\u00f3ny a ledovou sv\u011b\u017eest pro skute\u010dn\u011b jedine\u010dn\u00fd z\u00e1\u017eitek. Ka\u017ed\u00fd tenk\u00fd, celob\u00edl\u00fd s\u00e1\u010dek obsahuje 19,5 mg nikotinu, co\u017e poskytuje vysoce intenzivn\u00ed po\u017eitek stvo\u0159en\u00fd pro zku\u0161en\u00e9 u\u017eivatele, kte\u0159\u00ed hledaj\u00ed intenzitu i originalitu. Diskr\u00e9tn\u00ed, pohodln\u00fd a nezanech\u00e1vaj\u00edc\u00ed skvrny BJ\u00d6RN Ice Berry Licorice je vyr\u00e1b\u011bn spole\u010dnost\u00ed 77 Group, kter\u00e1 zaji\u0161\u0165uje prvot\u0159\u00eddn\u00ed kvalitu, v\u00fdraznou chu\u0165 a alternativu bez tab\u00e1ku.<\/p>\n<table>\n<tbody>\n<tr>\n<td><b>Atribut<\/b><\/td>\n<td><b>Podrobnosti na<\/b><\/td>\n<\/tr>\n<tr>\n<td><b>Obsah na plechovku<\/b><\/td>\n<td><span style=\"font-weight: 400;\">13 g (20 s\u00e1\u010dk\u016f)<\/span><\/td>\n<\/tr>\n<tr>\n<td><b>Obsah nikotinu<\/b><\/td>\n<td><span style=\"font-weight: 400;\">30 mg\/g (19,5 mg na s\u00e1\u010dek)<\/span><\/td>\n<\/tr>\n<tr>\n<td><b>Form\u00e1t pouzdra<\/b><\/td>\n<td><span style=\"font-weight: 400;\">Slim<\/span><\/td>\n<\/tr>\n<tr>\n<td><b>V\u00fdrobce<\/b><\/td>\n<td><span style=\"font-weight: 400;\">77 Skupina<\/span><\/td>\n<\/tr>\n<tr>\n<td><b>P\u0159\u00edchu\u0165<\/b><\/td>\n<td><span style=\"font-weight: 400;\">Bobule, l\u00e9ko\u0159ice a chlazen\u00ed (Ice Berry Licorice)<\/span><\/td>\n<\/tr>\n<tr>\n<td><b>Typ<\/b><\/td>\n<td><span style=\"font-weight: 400;\">Celob\u00edl\u00e9 pouzdro<\/span><\/td>\n<\/tr>\n<\/tbody>\n<\/table>","protected":false},"excerpt":{"rendered":"<p>Odv\u00e1\u017en\u00fd <strong data-start=\"5\" data-end=\"34\">bobulov\u00e9 a seversk\u00e9<\/strong> <strong>l\u00e9ko\u0159ice<\/strong> s \u010dist\u00fdm, chladiv\u00fdm z\u00e1v\u011brem a v\u00fdraznou sladko-slanou chut\u00ed. Na <strong data-start=\"107\" data-end=\"126\">\u0161t\u00edhl\u00fd, <\/strong>celob\u00edl\u00e9 s\u00e1\u010dky diskr\u00e9tn\u011b a pohodln\u011b sed\u00ed pod rty a umo\u017e\u0148uj\u00ed \u010dist\u00e9 a kdykoli pou\u017eiteln\u00e9 pou\u017eit\u00ed. Ka\u017ed\u00fd s\u00e1\u010dek obsahuje <strong data-start=\"224\" data-end=\"244\">19,5 mg nikotinu<\/strong>, kter\u00e1 p\u0159in\u00e1\u0161\u00ed rozhodn\u00fd vysoce siln\u00fd kopanec pro zku\u0161en\u00e9 u\u017eivatele, vytvo\u0159en\u00fd skupinou 77 Group ve form\u00e1tu bez tab\u00e1ku.<\/p>","protected":false},"featured_media":27965,"comment_status":"open","ping_status":"closed","template":"","format":[206],"meta":{"_acf_changed":false},"product_brand":[],"product_cat":[239],"product_tag":[16557],"flavours":[196,198],"nicotine":[221,233],"class_list":{"0":"post-27961","1":"product","2":"type-product","3":"status-publish","4":"has-post-thumbnail","6":"product_cat-bjorn","7":"product_tag-19-5-mg-pouch","8":"pa_quantity-1-pack","9":"pa_quantity-10-pack","10":"pa_quantity-3-pack","11":"pa_quantity-30-pack","12":"pa_quantity-5-pack","13":"pa_quantity-60-pack","14":"flavours-fruits-berries","15":"flavours-licorice","16":"format-slim","17":"nicotine-30-mg-g","18":"nicotine-extreme","20":"first","21":"instock","22":"taxable","23":"shipping-taxable","24":"purchasable","25":"product-type-variable","26":"has-default-attributes"},"acf":[],"_links":{"self":[{"href":"https:\/\/whitelip.com\/cs\/wp-json\/wp\/v2\/product\/27961","targetHints":{"allow":["GET"]}}],"collection":[{"href":"https:\/\/whitelip.com\/cs\/wp-json\/wp\/v2\/product"}],"about":[{"href":"https:\/\/whitelip.com\/cs\/wp-json\/wp\/v2\/types\/product"}],"replies":[{"embeddable":true,"href":"https:\/\/whitelip.com\/cs\/wp-json\/wp\/v2\/comments?post=27961"}],"wp:featuredmedia":[{"embeddable":true,"href":"https:\/\/whitelip.com\/cs\/wp-json\/wp\/v2\/media\/27965"}],"wp:attachment":[{"href":"https:\/\/whitelip.com\/cs\/wp-json\/wp\/v2\/media?parent=27961"}],"wp:term":[{"taxonomy":"product_brand","embeddable":true,"href":"https:\/\/whitelip.com\/cs\/wp-json\/wp\/v2\/product_brand?post=27961"},{"taxonomy":"product_cat","embeddable":true,"href":"https:\/\/whitelip.com\/cs\/wp-json\/wp\/v2\/product_cat?post=27961"},{"taxonomy":"product_tag","embeddable":true,"href":"https:\/\/whitelip.com\/cs\/wp-json\/wp\/v2\/product_tag?post=27961"},{"taxonomy":"flavours","embeddable":true,"href":"https:\/\/whitelip.com\/cs\/wp-json\/wp\/v2\/flavours?post=27961"},{"taxonomy":"format","embeddable":true,"href":"https:\/\/whitelip.com\/cs\/wp-json\/wp\/v2\/format?post=27961"},{"taxonomy":"nicotine","embeddable":true,"href":"https:\/\/whitelip.com\/cs\/wp-json\/wp\/v2\/nicotine?post=27961"}],"curies":[{"name":"wp","href":"https:\/\/api.w.org\/{rel}","templated":true}]}}