{"id":27956,"date":"2025-09-23T12:50:07","date_gmt":"2025-09-23T12:50:07","guid":{"rendered":"https:\/\/whitelip.com\/?post_type=product&#038;p=27956"},"modified":"2026-04-21T10:11:46","modified_gmt":"2026-04-21T10:11:46","slug":"bjorn-frozen-mint","status":"publish","type":"product","link":"https:\/\/whitelip.com\/cs\/bjorn\/bjorn-frozen-mint\/","title":{"rendered":"BJ\u00d6RN Mra\u017een\u00e1 m\u00e1ta"},"content":{"rendered":"<h2><strong>BJ\u00d6RN Mra\u017een\u00e1 m\u00e1ta<\/strong><\/h2>\n<p class=\"\" data-start=\"76\" data-end=\"609\">Nikotinov\u00e9 s\u00e1\u010dky BJ\u00d6RN Frozen Mint p\u0159in\u00e1\u0161ej\u00ed ledov\u00fd p\u0159\u00edval \u010dist\u00e9 m\u00e1tov\u00e9 chuti a p\u0159i ka\u017ed\u00e9m pou\u017eit\u00ed poskytuj\u00ed intenzivn\u00ed osv\u011b\u017euj\u00edc\u00ed a chladiv\u00fd pocit. K\u0159upav\u00fd m\u00e1tov\u00fd profil je v\u00fdrazn\u00fd a osv\u011b\u017euj\u00edc\u00ed, co\u017e z n\u011bj \u010din\u00ed \u0161pi\u010dkovou volbu pro ty, kte\u0159\u00ed maj\u00ed r\u00e1di ostr\u00fd a mraziv\u00fd z\u00e1\u017eitek z pouch\u016f. Ka\u017ed\u00fd tenk\u00fd, celob\u00edl\u00fd s\u00e1\u010dek obsahuje 19,5 mg nikotinu, co\u017e poskytuje vysoce siln\u00e9 nakopnut\u00ed p\u0159izp\u016fsoben\u00e9 zku\u0161en\u00fdm u\u017eivatel\u016fm. Diskr\u00e9tn\u00ed, pohodln\u00fd a nezanech\u00e1vaj\u00edc\u00ed skvrny, BJ\u00d6RN Frozen Mint je vyroben spole\u010dnost\u00ed 77 Group, aby byla zaji\u0161t\u011bna prvot\u0159\u00eddn\u00ed kvalita, siln\u00e1 chu\u0165 a alternativa bez tab\u00e1ku.<\/p>\n<table>\n<tbody>\n<tr>\n<td><b>Atribut<\/b><\/td>\n<td><b>Podrobnosti na<\/b><\/td>\n<\/tr>\n<tr>\n<td><b>Obsah na plechovku<\/b><\/td>\n<td><span style=\"font-weight: 400;\">13 g (20 s\u00e1\u010dk\u016f)<\/span><\/td>\n<\/tr>\n<tr>\n<td><b>Obsah nikotinu<\/b><\/td>\n<td><span style=\"font-weight: 400;\">30 mg\/g (19,5 mg na s\u00e1\u010dek)<\/span><\/td>\n<\/tr>\n<tr>\n<td><b>Form\u00e1t pouzdra<\/b><\/td>\n<td><span style=\"font-weight: 400;\">Slim<\/span><\/td>\n<\/tr>\n<tr>\n<td><b>V\u00fdrobce<\/b><\/td>\n<td><span style=\"font-weight: 400;\">77 Skupina<\/span><\/td>\n<\/tr>\n<tr>\n<td><b>P\u0159\u00edchu\u0165<\/b><\/td>\n<td><span style=\"font-weight: 400;\">M\u00e1ta a chlazen\u00ed (mra\u017een\u00e1 m\u00e1ta)<\/span><\/td>\n<\/tr>\n<tr>\n<td><b>Typ<\/b><\/td>\n<td><span style=\"font-weight: 400;\">Celob\u00edl\u00e9 pouzdro<\/span><\/td>\n<\/tr>\n<\/tbody>\n<\/table>","protected":false},"excerpt":{"rendered":"<p>Ledov\u00fd, \u010dist\u00fd <strong data-start=\"10\" data-end=\"18\">m\u00e1ta<\/strong> s ost\u0159e osv\u011b\u017euj\u00edc\u00edm, mraziv\u00fdm n\u00e1dechem. Na <strong data-start=\"63\" data-end=\"82\">\u0161t\u00edhl\u00fd, <\/strong>celob\u00edl\u00e9 s\u00e1\u010dky diskr\u00e9tn\u011b a pohodln\u011b sed\u00ed pod rty a umo\u017e\u0148uj\u00ed \u010dist\u00e9 a kdykoli pou\u017eiteln\u00e9 pou\u017eit\u00ed. Ka\u017ed\u00fd s\u00e1\u010dek obsahuje <strong data-start=\"180\" data-end=\"200\">19,5 mg nikotinu<\/strong>, kter\u00fd p\u0159in\u00e1\u0161\u00ed rozhoduj\u00edc\u00ed vysoce siln\u00fd z\u00e1sah pro zku\u0161en\u00e9 u\u017eivatele, vytvo\u0159en\u00fd spole\u010dnost\u00ed 77 Group ve form\u00e1tu bez tab\u00e1ku.<\/p>","protected":false},"featured_media":27960,"comment_status":"open","ping_status":"closed","template":"","format":[206],"meta":{"_acf_changed":false},"product_brand":[],"product_cat":[239],"product_tag":[16557],"flavours":[199],"nicotine":[221,233],"class_list":{"0":"post-27956","1":"product","2":"type-product","3":"status-publish","4":"has-post-thumbnail","6":"product_cat-bjorn","7":"product_tag-19-5-mg-pouch","8":"pa_quantity-1-pack","9":"pa_quantity-10-pack","10":"pa_quantity-3-pack","11":"pa_quantity-30-pack","12":"pa_quantity-5-pack","13":"pa_quantity-60-pack","14":"flavours-mint","15":"format-slim","16":"nicotine-30-mg-g","17":"nicotine-extreme","19":"first","20":"instock","21":"taxable","22":"shipping-taxable","23":"purchasable","24":"product-type-variable","25":"has-default-attributes"},"acf":[],"_links":{"self":[{"href":"https:\/\/whitelip.com\/cs\/wp-json\/wp\/v2\/product\/27956","targetHints":{"allow":["GET"]}}],"collection":[{"href":"https:\/\/whitelip.com\/cs\/wp-json\/wp\/v2\/product"}],"about":[{"href":"https:\/\/whitelip.com\/cs\/wp-json\/wp\/v2\/types\/product"}],"replies":[{"embeddable":true,"href":"https:\/\/whitelip.com\/cs\/wp-json\/wp\/v2\/comments?post=27956"}],"wp:featuredmedia":[{"embeddable":true,"href":"https:\/\/whitelip.com\/cs\/wp-json\/wp\/v2\/media\/27960"}],"wp:attachment":[{"href":"https:\/\/whitelip.com\/cs\/wp-json\/wp\/v2\/media?parent=27956"}],"wp:term":[{"taxonomy":"product_brand","embeddable":true,"href":"https:\/\/whitelip.com\/cs\/wp-json\/wp\/v2\/product_brand?post=27956"},{"taxonomy":"product_cat","embeddable":true,"href":"https:\/\/whitelip.com\/cs\/wp-json\/wp\/v2\/product_cat?post=27956"},{"taxonomy":"product_tag","embeddable":true,"href":"https:\/\/whitelip.com\/cs\/wp-json\/wp\/v2\/product_tag?post=27956"},{"taxonomy":"flavours","embeddable":true,"href":"https:\/\/whitelip.com\/cs\/wp-json\/wp\/v2\/flavours?post=27956"},{"taxonomy":"format","embeddable":true,"href":"https:\/\/whitelip.com\/cs\/wp-json\/wp\/v2\/format?post=27956"},{"taxonomy":"nicotine","embeddable":true,"href":"https:\/\/whitelip.com\/cs\/wp-json\/wp\/v2\/nicotine?post=27956"}],"curies":[{"name":"wp","href":"https:\/\/api.w.org\/{rel}","templated":true}]}}