{"id":27951,"date":"2025-09-23T12:50:07","date_gmt":"2025-09-23T12:50:07","guid":{"rendered":"https:\/\/whitelip.com\/?post_type=product&#038;p=27951"},"modified":"2026-05-11T13:26:59","modified_gmt":"2026-05-11T13:26:59","slug":"bjorn-cola-ice","status":"publish","type":"product","link":"https:\/\/whitelip.com\/cs\/bjorn\/bjorn-cola-ice\/","title":{"rendered":"BJ\u00d6RN Cola Ice"},"content":{"rendered":"<h2><strong>BJ\u00d6RN Cola Ice<\/strong><\/h2>\n<p class=\"\" data-start=\"76\" data-end=\"609\">Nikotinov\u00e9 s\u00e1\u010dky BJ\u00d6RN Cola Ice p\u0159in\u00e1\u0161ej\u00ed klasickou sladkou chu\u0165 coly spojenou s osv\u011b\u017euj\u00edc\u00edm chladiv\u00fdm \u00fa\u010dinkem. Kombinace zn\u00e1m\u00e9 limon\u00e1dov\u00e9 chuti a ledov\u00e9 sv\u011b\u017eesti vytv\u00e1\u0159\u00ed odv\u00e1\u017en\u00fd a osv\u011b\u017euj\u00edc\u00ed z\u00e1\u017eitek z pouch\u016f, kter\u00fd vynik\u00e1. Ka\u017ed\u00fd tenk\u00fd, celob\u00edl\u00fd s\u00e1\u010dek obsahuje 19,5 mg nikotinu, co\u017e poskytuje vysoce intenzivn\u00ed d\u00e1vku p\u0159izp\u016fsobenou zku\u0161en\u00fdm u\u017eivatel\u016fm, kte\u0159\u00ed hledaj\u00ed intenzitu i chu\u0165. Diskr\u00e9tn\u00ed, pohodln\u00fd a nezanech\u00e1vaj\u00edc\u00ed skvrny BJ\u00d6RN Cola Ice vyr\u00e1b\u00ed spole\u010dnost 77 Group, aby zajistila vysokou kvalitu, autentickou chu\u0165 a alternativu bez tab\u00e1ku.<\/p>\n<table>\n<tbody>\n<tr>\n<td><b>Atribut<\/b><\/td>\n<td><b>Podrobnosti na<\/b><\/td>\n<\/tr>\n<tr>\n<td><b>Obsah na plechovku<\/b><\/td>\n<td><span style=\"font-weight: 400;\">13 g (20 s\u00e1\u010dk\u016f)<\/span><\/td>\n<\/tr>\n<tr>\n<td><b>Obsah nikotinu<\/b><\/td>\n<td><span style=\"font-weight: 400;\">30 mg\/g (19,5 mg na s\u00e1\u010dek)<\/span><\/td>\n<\/tr>\n<tr>\n<td><b>Form\u00e1t pouzdra<\/b><\/td>\n<td><span style=\"font-weight: 400;\">Slim<\/span><\/td>\n<\/tr>\n<tr>\n<td><b>V\u00fdrobce<\/b><\/td>\n<td><span style=\"font-weight: 400;\">77 Skupina<\/span><\/td>\n<\/tr>\n<tr>\n<td><b>P\u0159\u00edchu\u0165<\/b><\/td>\n<td><span style=\"font-weight: 400;\">Cola a chlazen\u00ed (Cola Ice)<\/span><\/td>\n<\/tr>\n<tr>\n<td><b>Typ<\/b><\/td>\n<td><span style=\"font-weight: 400;\">Celob\u00edl\u00e9 pouzdro<\/span><\/td>\n<\/tr>\n<\/tbody>\n<\/table>","protected":false},"excerpt":{"rendered":"<p>Klasick\u00e9, sladk\u00e9 <strong data-start=\"15\" data-end=\"40\">cola <\/strong>s ledov\u00fdm chlazen\u00edm pro v\u00fdrazn\u00fd, osv\u011b\u017euj\u00edc\u00ed limon\u00e1dov\u00fd n\u00e1dech. Na <strong data-start=\"83\" data-end=\"102\">\u0161t\u00edhl\u00fd, <\/strong>celob\u00edl\u00e9 s\u00e1\u010dky se diskr\u00e9tn\u011b a pohodln\u011b ukl\u00e1daj\u00ed pod rty, abyste je mohli pou\u017e\u00edvat kdykoli a \u010dist\u011b. Ka\u017ed\u00fd s\u00e1\u010dek obsahuje <strong data-start=\"201\" data-end=\"221\">19,5 mg nikotinu<\/strong>, kter\u00e1 poskytuje vysoce odoln\u00fd kop p\u0159izp\u016fsoben\u00fd zku\u0161en\u00fdm u\u017eivatel\u016fm. Vyrobeno spole\u010dnost\u00ed 77 Group pro autentickou chu\u0165 ve form\u00e1tu bez tab\u00e1ku.<\/p>","protected":false},"featured_media":27955,"comment_status":"open","ping_status":"closed","template":"","format":[206],"meta":{"_acf_changed":false},"product_brand":[],"product_cat":[239],"product_tag":[16557],"flavours":[193],"nicotine":[221,233],"class_list":{"0":"post-27951","1":"product","2":"type-product","3":"status-publish","4":"has-post-thumbnail","6":"product_cat-bjorn","7":"product_tag-19-5-mg-pouch","8":"pa_quantity-1-pack","9":"pa_quantity-10-pack","10":"pa_quantity-3-pack","11":"pa_quantity-30-pack","12":"pa_quantity-5-pack","13":"pa_quantity-60-pack","14":"flavours-cola","15":"format-slim","16":"nicotine-30-mg-g","17":"nicotine-extreme","19":"first","20":"instock","21":"taxable","22":"shipping-taxable","23":"purchasable","24":"product-type-variable"},"acf":[],"_links":{"self":[{"href":"https:\/\/whitelip.com\/cs\/wp-json\/wp\/v2\/product\/27951","targetHints":{"allow":["GET"]}}],"collection":[{"href":"https:\/\/whitelip.com\/cs\/wp-json\/wp\/v2\/product"}],"about":[{"href":"https:\/\/whitelip.com\/cs\/wp-json\/wp\/v2\/types\/product"}],"replies":[{"embeddable":true,"href":"https:\/\/whitelip.com\/cs\/wp-json\/wp\/v2\/comments?post=27951"}],"wp:featuredmedia":[{"embeddable":true,"href":"https:\/\/whitelip.com\/cs\/wp-json\/wp\/v2\/media\/27955"}],"wp:attachment":[{"href":"https:\/\/whitelip.com\/cs\/wp-json\/wp\/v2\/media?parent=27951"}],"wp:term":[{"taxonomy":"product_brand","embeddable":true,"href":"https:\/\/whitelip.com\/cs\/wp-json\/wp\/v2\/product_brand?post=27951"},{"taxonomy":"product_cat","embeddable":true,"href":"https:\/\/whitelip.com\/cs\/wp-json\/wp\/v2\/product_cat?post=27951"},{"taxonomy":"product_tag","embeddable":true,"href":"https:\/\/whitelip.com\/cs\/wp-json\/wp\/v2\/product_tag?post=27951"},{"taxonomy":"flavours","embeddable":true,"href":"https:\/\/whitelip.com\/cs\/wp-json\/wp\/v2\/flavours?post=27951"},{"taxonomy":"format","embeddable":true,"href":"https:\/\/whitelip.com\/cs\/wp-json\/wp\/v2\/format?post=27951"},{"taxonomy":"nicotine","embeddable":true,"href":"https:\/\/whitelip.com\/cs\/wp-json\/wp\/v2\/nicotine?post=27951"}],"curies":[{"name":"wp","href":"https:\/\/api.w.org\/{rel}","templated":true}]}}