{"id":27946,"date":"2025-09-23T12:50:07","date_gmt":"2025-09-23T12:50:07","guid":{"rendered":"https:\/\/whitelip.com\/?post_type=product&#038;p=27946"},"modified":"2026-05-11T10:36:56","modified_gmt":"2026-05-11T10:36:56","slug":"bjorn-rhub-elder-punch","status":"publish","type":"product","link":"https:\/\/whitelip.com\/cs\/bjorn\/bjorn-rhub-elder-punch\/","title":{"rendered":"BJ\u00d6RN Rhub-elder Punch"},"content":{"rendered":"<h2><strong>BJ\u00d6RN Rhub-elder Punch<\/strong><\/h2>\n<p class=\"\" data-start=\"76\" data-end=\"609\">Nikotinov\u00e9 s\u00e1\u010dky BJ\u00d6RN Rhub-elder Punch p\u0159in\u00e1\u0161ej\u00ed odv\u00e1\u017en\u00e9 a osv\u011b\u017euj\u00edc\u00ed spojen\u00ed trpk\u00e9 rebarbory a sladk\u00e9ho bezov\u00e9ho kv\u011btu, kter\u00e9 vytv\u00e1\u0159\u00ed jedine\u010dnou p\u0159\u00edchu\u0165 inspirovanou pun\u010dem. Chu\u0165 je ovocn\u00e1, pikantn\u00ed a lehce kv\u011btinov\u00e1 a nab\u00edz\u00ed osobit\u00fd z\u00e1\u017eitek pro ty, kte\u0159\u00ed maj\u00ed r\u00e1di komplexn\u00ed a \u017eiv\u00e9 profily. Ka\u017ed\u00fd tenk\u00fd, celob\u00edl\u00fd s\u00e1\u010dek obsahuje 19,5 mg nikotinu, co\u017e poskytuje vysoce siln\u00fd n\u00e1raz ur\u010den\u00fd pro zku\u0161en\u00e9 u\u017eivatele, kte\u0159\u00ed d\u00e1vaj\u00ed p\u0159ednost intenzit\u011b i originalit\u011b. BJ\u00d6RN Rhub-elder Punch je diskr\u00e9tn\u00ed, pohodln\u00fd a nezanech\u00e1v\u00e1 skvrny, vyr\u00e1b\u00ed jej spole\u010dnost 77 Group, kter\u00e1 poskytuje siln\u00fd charakter, prvot\u0159\u00eddn\u00ed kvalitu a alternativu bez tab\u00e1ku.<\/p>\n<table>\n<tbody>\n<tr>\n<td><b>Atribut<\/b><\/td>\n<td><b>Podrobnosti na<\/b><\/td>\n<\/tr>\n<tr>\n<td><b>Obsah na plechovku<\/b><\/td>\n<td><span style=\"font-weight: 400;\">13 g (20 s\u00e1\u010dk\u016f)<\/span><\/td>\n<\/tr>\n<tr>\n<td><b>Obsah nikotinu<\/b><\/td>\n<td><span style=\"font-weight: 400;\">30 mg\/g (19,5 mg na s\u00e1\u010dek)<\/span><\/td>\n<\/tr>\n<tr>\n<td><b>Form\u00e1t pouzdra<\/b><\/td>\n<td><span style=\"font-weight: 400;\">Slim<\/span><\/td>\n<\/tr>\n<tr>\n<td><b>V\u00fdrobce<\/b><\/td>\n<td><span style=\"font-weight: 400;\">77 Skupina<\/span><\/td>\n<\/tr>\n<tr>\n<td><b>P\u0159\u00edchu\u0165<\/b><\/td>\n<td><span style=\"font-weight: 400;\">Rebarbora a \u010dern\u00fd bez (pun\u010d z rebarbory a \u010dern\u00e9ho bezu)<\/span><\/td>\n<\/tr>\n<tr>\n<td><b>Typ<\/b><\/td>\n<td><span style=\"font-weight: 400;\">Celob\u00edl\u00e9 pouzdro<\/span><\/td>\n<\/tr>\n<\/tbody>\n<\/table>","protected":false},"excerpt":{"rendered":"<p>Odv\u00e1\u017en\u00fd, osv\u011b\u017euj\u00edc\u00ed <strong data-start=\"17\" data-end=\"44\">rebarbora a bezov\u00fd kv\u011bt<\/strong> s ovocn\u00fdm, pikantn\u00edm a lehce kv\u011btinov\u00fdm n\u00e1dechem. Na <strong data-start=\"93\" data-end=\"112\">\u0161t\u00edhl\u00fd, <\/strong>celob\u00edl\u00e9 s\u00e1\u010dky diskr\u00e9tn\u011b a pohodln\u011b sed\u00ed pod rty a umo\u017e\u0148uj\u00ed \u010dist\u00e9 a kdykoli pou\u017eiteln\u00e9 pou\u017eit\u00ed. Ka\u017ed\u00fd s\u00e1\u010dek obsahuje <strong data-start=\"210\" data-end=\"230\">19,5 mg nikotinu<\/strong>, kter\u00e1 poskytuje vysoce siln\u00fd kopanec pro zku\u0161en\u00e9 u\u017eivatele, vytvo\u0159en\u00fd spole\u010dnost\u00ed 77 Group ve form\u00e1tu bez tab\u00e1ku.<\/p>","protected":false},"featured_media":27950,"comment_status":"open","ping_status":"closed","template":"","format":[206],"meta":{"_acf_changed":false},"product_brand":[],"product_cat":[239],"product_tag":[16557],"flavours":[196],"nicotine":[221,232],"class_list":{"0":"post-27946","1":"product","2":"type-product","3":"status-publish","4":"has-post-thumbnail","6":"product_cat-bjorn","7":"product_tag-19-5-mg-pouch","8":"pa_quantity-1-pack","9":"pa_quantity-10-pack","10":"pa_quantity-3-pack","11":"pa_quantity-30-pack","12":"pa_quantity-5-pack","13":"pa_quantity-60-pack","14":"flavours-fruits-berries","15":"format-slim","16":"nicotine-30-mg-g","17":"nicotine-extra-strong","19":"first","20":"instock","21":"taxable","22":"shipping-taxable","23":"purchasable","24":"product-type-variable","25":"has-default-attributes"},"acf":[],"_links":{"self":[{"href":"https:\/\/whitelip.com\/cs\/wp-json\/wp\/v2\/product\/27946","targetHints":{"allow":["GET"]}}],"collection":[{"href":"https:\/\/whitelip.com\/cs\/wp-json\/wp\/v2\/product"}],"about":[{"href":"https:\/\/whitelip.com\/cs\/wp-json\/wp\/v2\/types\/product"}],"replies":[{"embeddable":true,"href":"https:\/\/whitelip.com\/cs\/wp-json\/wp\/v2\/comments?post=27946"}],"wp:featuredmedia":[{"embeddable":true,"href":"https:\/\/whitelip.com\/cs\/wp-json\/wp\/v2\/media\/27950"}],"wp:attachment":[{"href":"https:\/\/whitelip.com\/cs\/wp-json\/wp\/v2\/media?parent=27946"}],"wp:term":[{"taxonomy":"product_brand","embeddable":true,"href":"https:\/\/whitelip.com\/cs\/wp-json\/wp\/v2\/product_brand?post=27946"},{"taxonomy":"product_cat","embeddable":true,"href":"https:\/\/whitelip.com\/cs\/wp-json\/wp\/v2\/product_cat?post=27946"},{"taxonomy":"product_tag","embeddable":true,"href":"https:\/\/whitelip.com\/cs\/wp-json\/wp\/v2\/product_tag?post=27946"},{"taxonomy":"flavours","embeddable":true,"href":"https:\/\/whitelip.com\/cs\/wp-json\/wp\/v2\/flavours?post=27946"},{"taxonomy":"format","embeddable":true,"href":"https:\/\/whitelip.com\/cs\/wp-json\/wp\/v2\/format?post=27946"},{"taxonomy":"nicotine","embeddable":true,"href":"https:\/\/whitelip.com\/cs\/wp-json\/wp\/v2\/nicotine?post=27946"}],"curies":[{"name":"wp","href":"https:\/\/api.w.org\/{rel}","templated":true}]}}