{"id":27941,"date":"2025-09-23T12:50:07","date_gmt":"2025-09-23T12:50:07","guid":{"rendered":"https:\/\/whitelip.com\/?post_type=product&#038;p=27941"},"modified":"2026-04-21T10:11:46","modified_gmt":"2026-04-21T10:11:46","slug":"bjorn-blueberry-ice","status":"publish","type":"product","link":"https:\/\/whitelip.com\/cs\/bjorn\/bjorn-blueberry-ice\/","title":{"rendered":"BJ\u00d6RN Bor\u016fvkov\u00fd led"},"content":{"rendered":"<h2><strong>BJ\u00d6RN Bor\u016fvkov\u00fd led<\/strong><\/h2>\n<p class=\"\" data-start=\"76\" data-end=\"609\">Nikotinov\u00e9 s\u00e1\u010dky BJ\u00d6RN Blueberry Ice p\u0159in\u00e1\u0161ej\u00ed jemnou a \u0161\u0165avnatou bor\u016fvkovou p\u0159\u00edchu\u0165 s ledov\u00fdm chladiv\u00fdm efektem. Tato kombinace vytv\u00e1\u0159\u00ed osv\u011b\u017euj\u00edc\u00ed a ovocn\u00fd chu\u0165ov\u00fd profil, kter\u00fd je z\u00e1rove\u0148 sladk\u00fd a povzbuzuj\u00edc\u00ed. Ka\u017ed\u00fd tenk\u00fd, celob\u00edl\u00fd s\u00e1\u010dek obsahuje 19,5 mg nikotinu a nab\u00edz\u00ed tak vysoce silnou d\u00e1vku, kter\u00e1 je vhodn\u00e1 pro zku\u0161en\u00e9 u\u017eivatele, kte\u0159\u00ed maj\u00ed r\u00e1di vyv\u00e1\u017eenou chu\u0165 a st\u00e1lou intenzitu. BJ\u00d6RN Blueberry Ice je diskr\u00e9tn\u00ed, pohodln\u00fd a nezanech\u00e1v\u00e1 skvrny, je vyroben spole\u010dnost\u00ed 77 Group, aby byla zaji\u0161t\u011bna vysok\u00e1 kvalita, v\u00fdrazn\u00e1 chu\u0165 a z\u00e1\u017eitek bez tab\u00e1ku.<\/p>\n<table>\n<tbody>\n<tr>\n<td><b>Atribut<\/b><\/td>\n<td><b>Podrobnosti na<\/b><\/td>\n<\/tr>\n<tr>\n<td><b>Obsah na plechovku<\/b><\/td>\n<td><span style=\"font-weight: 400;\">13 g (20 s\u00e1\u010dk\u016f)<\/span><\/td>\n<\/tr>\n<tr>\n<td><b>Obsah nikotinu<\/b><\/td>\n<td><span style=\"font-weight: 400;\">30 mg\/g (19,5 mg na s\u00e1\u010dek)<\/span><\/td>\n<\/tr>\n<tr>\n<td><b>Form\u00e1t pouzdra<\/b><\/td>\n<td><span style=\"font-weight: 400;\">Slim<\/span><\/td>\n<\/tr>\n<tr>\n<td><b>V\u00fdrobce<\/b><\/td>\n<td><span style=\"font-weight: 400;\">77 Skupina<\/span><\/td>\n<\/tr>\n<tr>\n<td><b>P\u0159\u00edchu\u0165<\/b><\/td>\n<td><span style=\"font-weight: 400;\">Bor\u016fvky a chlazen\u00ed (bor\u016fvkov\u00fd led)<\/span><\/td>\n<\/tr>\n<tr>\n<td><b>Typ<\/b><\/td>\n<td><span style=\"font-weight: 400;\">Celob\u00edl\u00e9 pouzdro<\/span><\/td>\n<\/tr>\n<\/tbody>\n<\/table>","protected":false},"excerpt":{"rendered":"<p>Hladk\u00fd, \u0161\u0165avnat\u00fd <strong data-start=\"14\" data-end=\"44\">bor\u016fvky <\/strong>s ledov\u00fdm chlazen\u00edm pro osv\u011b\u017euj\u00edc\u00ed ovocn\u00fd n\u00e1dech. Na <strong data-start=\"79\" data-end=\"98\">\u0161t\u00edhl\u00fd, <\/strong>celob\u00edl\u00e9 s\u00e1\u010dky diskr\u00e9tn\u011b a pohodln\u011b sed\u00ed pod rty a umo\u017e\u0148uj\u00ed \u010dist\u00e9 a kdykoli pou\u017eiteln\u00e9 pou\u017eit\u00ed. Ka\u017ed\u00fd s\u00e1\u010dek obsahuje <strong data-start=\"196\" data-end=\"216\">19,5 mg nikotinu<\/strong>, kter\u00fd poskytuje vysoce odoln\u00fd kop vhodn\u00fd pro zku\u0161en\u00e9 u\u017eivatele. Vyrobeno spole\u010dnost\u00ed 77 Group pro v\u00fdraznou chu\u0165 a z\u00e1\u017eitek bez tab\u00e1ku.<\/p>","protected":false},"featured_media":27945,"comment_status":"open","ping_status":"closed","template":"","format":[206],"meta":{"_acf_changed":false},"product_brand":[],"product_cat":[239],"product_tag":[16557],"flavours":[196],"nicotine":[221,233],"class_list":{"0":"post-27941","1":"product","2":"type-product","3":"status-publish","4":"has-post-thumbnail","6":"product_cat-bjorn","7":"product_tag-19-5-mg-pouch","8":"pa_quantity-1-pack","9":"pa_quantity-10-pack","10":"pa_quantity-3-pack","11":"pa_quantity-30-pack","12":"pa_quantity-5-pack","13":"pa_quantity-60-pack","14":"flavours-fruits-berries","15":"format-slim","16":"nicotine-30-mg-g","17":"nicotine-extreme","19":"first","20":"instock","21":"taxable","22":"shipping-taxable","23":"purchasable","24":"product-type-variable","25":"has-default-attributes"},"acf":[],"_links":{"self":[{"href":"https:\/\/whitelip.com\/cs\/wp-json\/wp\/v2\/product\/27941","targetHints":{"allow":["GET"]}}],"collection":[{"href":"https:\/\/whitelip.com\/cs\/wp-json\/wp\/v2\/product"}],"about":[{"href":"https:\/\/whitelip.com\/cs\/wp-json\/wp\/v2\/types\/product"}],"replies":[{"embeddable":true,"href":"https:\/\/whitelip.com\/cs\/wp-json\/wp\/v2\/comments?post=27941"}],"wp:featuredmedia":[{"embeddable":true,"href":"https:\/\/whitelip.com\/cs\/wp-json\/wp\/v2\/media\/27945"}],"wp:attachment":[{"href":"https:\/\/whitelip.com\/cs\/wp-json\/wp\/v2\/media?parent=27941"}],"wp:term":[{"taxonomy":"product_brand","embeddable":true,"href":"https:\/\/whitelip.com\/cs\/wp-json\/wp\/v2\/product_brand?post=27941"},{"taxonomy":"product_cat","embeddable":true,"href":"https:\/\/whitelip.com\/cs\/wp-json\/wp\/v2\/product_cat?post=27941"},{"taxonomy":"product_tag","embeddable":true,"href":"https:\/\/whitelip.com\/cs\/wp-json\/wp\/v2\/product_tag?post=27941"},{"taxonomy":"flavours","embeddable":true,"href":"https:\/\/whitelip.com\/cs\/wp-json\/wp\/v2\/flavours?post=27941"},{"taxonomy":"format","embeddable":true,"href":"https:\/\/whitelip.com\/cs\/wp-json\/wp\/v2\/format?post=27941"},{"taxonomy":"nicotine","embeddable":true,"href":"https:\/\/whitelip.com\/cs\/wp-json\/wp\/v2\/nicotine?post=27941"}],"curies":[{"name":"wp","href":"https:\/\/api.w.org\/{rel}","templated":true}]}}