{"id":27923,"date":"2025-09-23T08:47:07","date_gmt":"2025-09-23T08:47:07","guid":{"rendered":"https:\/\/whitelip.com\/?post_type=product&#038;p=27923"},"modified":"2026-05-09T11:55:47","modified_gmt":"2026-05-09T11:55:47","slug":"77-sour-blizz-medium","status":"publish","type":"product","link":"https:\/\/whitelip.com\/cs\/77\/77-sour-blizz-medium\/","title":{"rendered":"77 Sour Blizz Medium"},"content":{"rendered":"<h2>77 Sour Blizz Medium<\/h2>\n<p class=\"\" data-start=\"76\" data-end=\"609\">77 Sour Blizz Medium nikotinov\u00fdch s\u00e1\u010dk\u016f p\u0159in\u00e1\u0161\u00ed odv\u00e1\u017en\u00fd a pikantn\u00ed chu\u0165ov\u00fd z\u00e1\u017eitek, ve kter\u00e9m se m\u00eds\u00ed ostr\u00e9 kysel\u00e9 t\u00f3ny s osv\u011b\u017euj\u00edc\u00edm chladiv\u00fdm efektem. Tato kombinace vytv\u00e1\u0159\u00ed \u017eiv\u00fd a osv\u011b\u017euj\u00edc\u00ed chu\u0165ov\u00fd profil, kter\u00fd vybo\u010duje z \u0159ady. Ka\u017ed\u00fd tenk\u00fd, celob\u00edl\u00fd s\u00e1\u010dek obsahuje 10,4 mg nikotinu a poskytuje st\u0159edn\u011b siln\u00fd n\u00e1boj, kter\u00fd je ide\u00e1ln\u00ed pro pravideln\u00e9 u\u017eivatele hledaj\u00edc\u00ed chu\u0165 i vyv\u00e1\u017eenost. Diskr\u00e9tn\u00ed, pohodln\u00fd a nezanech\u00e1vaj\u00edc\u00ed skvrny, 77 Sour Blizz Medium je vyr\u00e1b\u011bn spole\u010dnost\u00ed 77 Group tak, aby spl\u0148oval vysok\u00e9 standardy kvality a chuti ve form\u00e1tu bez tab\u00e1ku.<\/p>\n<table>\n<tbody>\n<tr>\n<td><b>Atribut<\/b><\/td>\n<td><b>Podrobnosti na<\/b><\/td>\n<\/tr>\n<tr>\n<td><b>Obsah na plechovku<\/b><\/td>\n<td><span style=\"font-weight: 400;\">13 g (20 s\u00e1\u010dk\u016f)<\/span><\/td>\n<\/tr>\n<tr>\n<td><b>Obsah nikotinu<\/b><\/td>\n<td><span style=\"font-weight: 400;\">16 mg\/g (10,4 mg na s\u00e1\u010dek)<\/span><\/td>\n<\/tr>\n<tr>\n<td><b>Form\u00e1t pouzdra<\/b><\/td>\n<td><span style=\"font-weight: 400;\">Slim<\/span><\/td>\n<\/tr>\n<tr>\n<td><b>V\u00fdrobce<\/b><\/td>\n<td><span style=\"font-weight: 400;\">77 Skupina<\/span><\/td>\n<\/tr>\n<tr>\n<td><b>P\u0159\u00edchu\u0165<\/b><\/td>\n<td><span style=\"font-weight: 400;\">Kysel\u00e9 a chladiv\u00e9 (Sour Blizz)<\/span><\/td>\n<\/tr>\n<tr>\n<td><b>Typ<\/b><\/td>\n<td><span style=\"font-weight: 400;\">Celob\u00edl\u00e9 pouzdro<\/span><\/td>\n<\/tr>\n<\/tbody>\n<\/table>","protected":false},"excerpt":{"rendered":"<p data-start=\"47\" data-end=\"316\">Odv\u00e1\u017en\u00fd, pikantn\u00ed <strong>kysel\u00e9<\/strong> t\u00f3ny s osv\u011b\u017euj\u00edc\u00edm chladiv\u00fdm \u00fa\u010dinkem pro \u017eivou, povzbuzuj\u00edc\u00ed chu\u0165. <strong>Slim<\/strong>, celob\u00edl\u00e9 s\u00e1\u010dky se diskr\u00e9tn\u011b a pohodln\u011b usad\u00ed pod rty. Ka\u017ed\u00fd s\u00e1\u010dek dod\u00e1v\u00e1 <strong data-start=\"227\" data-end=\"247\">10,4 mg nikotinu<\/strong>, kter\u00e1 nab\u00edz\u00ed vyv\u00e1\u017een\u00fd st\u0159edn\u011b siln\u00fd kopanec bez tab\u00e1ku a skvrn.<\/p>\n<p data-start=\"318\" data-end=\"327\">","protected":false},"featured_media":27928,"comment_status":"open","ping_status":"closed","template":"","format":[206],"meta":{"_acf_changed":false},"product_brand":[],"product_cat":[23],"product_tag":[16543],"flavours":[190],"nicotine":[213,232],"class_list":{"0":"post-27923","1":"product","2":"type-product","3":"status-publish","4":"has-post-thumbnail","6":"product_cat-23","7":"product_tag-10-4-mg-pouch","8":"pa_quantity-1-pack","9":"pa_quantity-10-pack","10":"pa_quantity-3-pack","11":"pa_quantity-30-pack","12":"pa_quantity-5-pack","13":"pa_quantity-60-pack","14":"flavours-citrus","15":"format-slim","16":"nicotine-16-mg-g","17":"nicotine-extra-strong","19":"first","20":"instock","21":"taxable","22":"shipping-taxable","23":"purchasable","24":"product-type-variable","25":"has-default-attributes"},"acf":[],"_links":{"self":[{"href":"https:\/\/whitelip.com\/cs\/wp-json\/wp\/v2\/product\/27923","targetHints":{"allow":["GET"]}}],"collection":[{"href":"https:\/\/whitelip.com\/cs\/wp-json\/wp\/v2\/product"}],"about":[{"href":"https:\/\/whitelip.com\/cs\/wp-json\/wp\/v2\/types\/product"}],"replies":[{"embeddable":true,"href":"https:\/\/whitelip.com\/cs\/wp-json\/wp\/v2\/comments?post=27923"}],"wp:featuredmedia":[{"embeddable":true,"href":"https:\/\/whitelip.com\/cs\/wp-json\/wp\/v2\/media\/27928"}],"wp:attachment":[{"href":"https:\/\/whitelip.com\/cs\/wp-json\/wp\/v2\/media?parent=27923"}],"wp:term":[{"taxonomy":"product_brand","embeddable":true,"href":"https:\/\/whitelip.com\/cs\/wp-json\/wp\/v2\/product_brand?post=27923"},{"taxonomy":"product_cat","embeddable":true,"href":"https:\/\/whitelip.com\/cs\/wp-json\/wp\/v2\/product_cat?post=27923"},{"taxonomy":"product_tag","embeddable":true,"href":"https:\/\/whitelip.com\/cs\/wp-json\/wp\/v2\/product_tag?post=27923"},{"taxonomy":"flavours","embeddable":true,"href":"https:\/\/whitelip.com\/cs\/wp-json\/wp\/v2\/flavours?post=27923"},{"taxonomy":"format","embeddable":true,"href":"https:\/\/whitelip.com\/cs\/wp-json\/wp\/v2\/format?post=27923"},{"taxonomy":"nicotine","embeddable":true,"href":"https:\/\/whitelip.com\/cs\/wp-json\/wp\/v2\/nicotine?post=27923"}],"curies":[{"name":"wp","href":"https:\/\/api.w.org\/{rel}","templated":true}]}}