{"id":27476,"date":"2025-09-15T10:33:54","date_gmt":"2025-09-15T10:33:54","guid":{"rendered":"https:\/\/whitelip.com\/?post_type=product&#038;p=27476"},"modified":"2026-05-06T10:11:26","modified_gmt":"2026-05-06T10:11:26","slug":"helwit-vanilla","status":"publish","type":"product","link":"https:\/\/whitelip.com\/cs\/helwit\/helwit-vanilla\/","title":{"rendered":"HELWIT Vanilka"},"content":{"rendered":"<h2><b>HELWIT Vanilka<\/b><\/h2>\n<p><span style=\"font-weight: 400;\">Nikotinov\u00e9 s\u00e1\u010dky HELWIT Vanilla nab\u00edzej\u00ed hladkou a kr\u00e9movou vanilkovou p\u0159\u00edchu\u0165, kter\u00e1 je uklid\u0148uj\u00edc\u00ed a rafinovan\u00e1. D\u00edky sv\u00e9 jemn\u00e9 sladkosti a zaoblen\u00e9mu charakteru poskytuje tato p\u0159\u00edchu\u0165 m\u00edrn\u00fd a p\u0159\u00edjemn\u00fd z\u00e1\u017eitek z pouch\u016f, kter\u00fd se dob\u0159e hod\u00ed ke ka\u017edodenn\u00edmu pou\u017e\u00edv\u00e1n\u00ed. Ka\u017ed\u00fd s\u00e1\u010dek tenk\u00e9ho form\u00e1tu obsahuje 7 mg nikotinu na gram, co\u017e zaji\u0161\u0165uje m\u00edrn\u00e9 a rovnom\u011brn\u00e9 uvol\u0148ov\u00e1n\u00ed. HELWIT Vanilla, vyr\u00e1b\u011bn\u00fd spole\u010dnost\u00ed YOIK AB ve \u0160v\u00e9dsku, je navr\u017een pro diskr\u00e9tn\u00ed pou\u017eit\u00ed, z\u016fst\u00e1v\u00e1 bez tab\u00e1ku, nezanech\u00e1v\u00e1 skvrny a lze jej snadno u\u017e\u00edvat kdekoli, co\u017e odr\u00e1\u017e\u00ed zam\u011b\u0159en\u00ed spole\u010dnosti HELWIT na \u010dist\u00e9 a modern\u00ed nikotinov\u00e9 alternativy.<\/span><\/p>\n<table>\n<tbody>\n<tr>\n<td><b>Atribut<\/b><\/td>\n<td><b>Podrobnosti na<\/b><\/td>\n<\/tr>\n<tr>\n<td><b>Obsah na plechovku<\/b><\/td>\n<td><span style=\"font-weight: 400;\">10 g (20 s\u00e1\u010dk\u016f)<\/span><\/td>\n<\/tr>\n<tr>\n<td><b>Obsah nikotinu<\/b><\/td>\n<td><span style=\"font-weight: 400;\">7 mg\/g (3,5 mg na s\u00e1\u010dek)<\/span><\/td>\n<\/tr>\n<tr>\n<td><b>Form\u00e1t pouzdra<\/b><\/td>\n<td><span style=\"font-weight: 400;\">Slim<\/span><\/td>\n<\/tr>\n<tr>\n<td><b>V\u00fdrobce<\/b><\/td>\n<td><span style=\"font-weight: 400;\">YOIK AB<\/span><\/td>\n<\/tr>\n<tr>\n<td><b>P\u0159\u00edchu\u0165<\/b><\/td>\n<td><span style=\"font-weight: 400;\">Vanilka<\/span><\/td>\n<\/tr>\n<tr>\n<td><b>Typ<\/b><\/td>\n<td><span style=\"font-weight: 400;\">Celob\u00edl\u00e9 pouzdro<\/span><\/td>\n<\/tr>\n<\/tbody>\n<\/table>","protected":false},"excerpt":{"rendered":"<p>Hladk\u00fd, kr\u00e9mov\u00fd <strong data-start=\"15\" data-end=\"26\">vanilka<\/strong> s jemnou sladkost\u00ed a m\u00edrn\u00fdm, zakulacen\u00fdm profilem. <strong data-start=\"80\" data-end=\"88\">Slim<\/strong>, zcela b\u00edl\u00e9 s\u00e1\u010dky bez tab\u00e1ku se diskr\u00e9tn\u011b um\u00edst\u00ed pod rty, ani\u017e by zabarvily zuby. Ka\u017ed\u00fd s\u00e1\u010dek obsahuje <strong>7 mg\/g nikotinu<\/strong>, kter\u00fd p\u0159in\u00e1\u0161\u00ed m\u00edrn\u00e9 a rovnom\u011brn\u00e9 uvol\u0148ov\u00e1n\u00ed. Vyrobeno spole\u010dnost\u00ed YOIK AB (\u0160v\u00e9dsko) pro \u010dist\u00fd, modern\u00ed po\u017eitek.<\/p>","protected":false},"featured_media":27480,"comment_status":"open","ping_status":"closed","template":"","format":[206],"meta":{"_acf_changed":false},"product_brand":[],"product_cat":[52],"product_tag":[16597],"flavours":[201],"nicotine":[229,235],"class_list":{"0":"post-27476","1":"product","2":"type-product","3":"status-publish","4":"has-post-thumbnail","6":"product_cat-helwit","7":"product_tag-3-5-mg-pouch","8":"pa_quantity-1-pack","9":"pa_quantity-10-pack","10":"pa_quantity-3-pack","11":"pa_quantity-30-pack","12":"pa_quantity-5-pack","13":"pa_quantity-60-pack","14":"flavours-vanilla","15":"format-slim","16":"nicotine-7-mg-g","17":"nicotine-normal","19":"first","20":"outofstock","21":"taxable","22":"shipping-taxable","23":"purchasable","24":"product-type-variable","25":"has-default-attributes"},"acf":[],"_links":{"self":[{"href":"https:\/\/whitelip.com\/cs\/wp-json\/wp\/v2\/product\/27476","targetHints":{"allow":["GET"]}}],"collection":[{"href":"https:\/\/whitelip.com\/cs\/wp-json\/wp\/v2\/product"}],"about":[{"href":"https:\/\/whitelip.com\/cs\/wp-json\/wp\/v2\/types\/product"}],"replies":[{"embeddable":true,"href":"https:\/\/whitelip.com\/cs\/wp-json\/wp\/v2\/comments?post=27476"}],"wp:featuredmedia":[{"embeddable":true,"href":"https:\/\/whitelip.com\/cs\/wp-json\/wp\/v2\/media\/27480"}],"wp:attachment":[{"href":"https:\/\/whitelip.com\/cs\/wp-json\/wp\/v2\/media?parent=27476"}],"wp:term":[{"taxonomy":"product_brand","embeddable":true,"href":"https:\/\/whitelip.com\/cs\/wp-json\/wp\/v2\/product_brand?post=27476"},{"taxonomy":"product_cat","embeddable":true,"href":"https:\/\/whitelip.com\/cs\/wp-json\/wp\/v2\/product_cat?post=27476"},{"taxonomy":"product_tag","embeddable":true,"href":"https:\/\/whitelip.com\/cs\/wp-json\/wp\/v2\/product_tag?post=27476"},{"taxonomy":"flavours","embeddable":true,"href":"https:\/\/whitelip.com\/cs\/wp-json\/wp\/v2\/flavours?post=27476"},{"taxonomy":"format","embeddable":true,"href":"https:\/\/whitelip.com\/cs\/wp-json\/wp\/v2\/format?post=27476"},{"taxonomy":"nicotine","embeddable":true,"href":"https:\/\/whitelip.com\/cs\/wp-json\/wp\/v2\/nicotine?post=27476"}],"curies":[{"name":"wp","href":"https:\/\/api.w.org\/{rel}","templated":true}]}}